{"id":7164,"date":"2025-12-29T14:17:51","date_gmt":"2025-12-29T13:17:51","guid":{"rendered":"https:\/\/www.waikura-manuka.com\/?post_type=product&#038;p=7164"},"modified":"2026-02-17T10:27:33","modified_gmt":"2026-02-17T09:27:33","slug":"cubes-de-fruits-waikura-manuka-120-g","status":"publish","type":"product","link":"https:\/\/www.waikura-manuka.com\/fr\/p\/waikura-manuka-fruitcubes-120-g\/","title":{"rendered":"Waikura Manuka-Fruitcubes"},"content":{"rendered":"<p>Les cubes de fruits au miel de manuka de Waikura allient \u00e0 la perfection plaisir naturel et soutien fonctionnel pour votre syst\u00e8me immunitaire. Ils combinent le go\u00fbt unique et les pr\u00e9cieuses propri\u00e9t\u00e9s du miel de manuka de Waikura \u00e0 la vitamine C naturelle de la cerise ac\u00e9rola.<\/p>\n<p>Nos cubes de fruits sont compos\u00e9s de dattes et d&#039;amandes biologiques de qualit\u00e9 sup\u00e9rieure, offrant une douce saveur fruit\u00e9e tout en apportant de l&#039;\u00e9nergie. Que ce soit \u00e0 la salle de sport, au bureau ou en d\u00e9placement, ces cubes pratiques sont d\u00e9licieux et pr\u00eats \u00e0 d\u00e9guster.<\/p>\n<p>Pourquoi les cubes de fruits Waikura Manuka\u00a0?<\/p>\n<ul>\n<li>Manuka-Boost pour les d\u00e9placements \u2013 avec le pouvoir du miel Manuka-<\/li>\n<li>Vitamine -C-Power issue de l&#039;ac\u00e9rola \u2013 contribue au fonctionnement normal du syst\u00e8me immunitaire et prot\u00e8ge les cellules du stress oxydatif<\/li>\n<li>Pratique, fonctionnel et d\u00e9licieux : \u2013 \u2013 votre collation saine pour toutes les occasions<\/li>\n<\/ul>\n<p>&nbsp;<\/p>\n<p>Offrez-vous un plaisir fruit\u00e9 et un soutien apaisant pour votre syst\u00e8me immunitaire avec les cubes de fruits de manuka Waikura \u2013.<\/p>\n<p>Naturel, puissant et toujours pr\u00e9sent.<\/p>","protected":false},"excerpt":{"rendered":"<p>Manuka-Boost, id\u00e9al pour les d\u00e9placements. Cubes de fruits Waikura Manuka- aux ingr\u00e9dients naturels et \u00e0 la cerise ac\u00e9rola pour renforcer le syst\u00e8me immunitaire.<\/p>","protected":false},"featured_media":7168,"template":"","meta":[],"product_brand":[],"product_cat":[65,49],"product_tag":[],"class_list":{"0":"post-7164","1":"product","2":"type-product","3":"status-publish","4":"has-post-thumbnail","6":"product_cat-fruitcubes","7":"product_cat-honig","9":"first","10":"instock","11":"taxable","12":"shipping-taxable","13":"purchasable","14":"product-type-simple"},"yoast_head":"<!-- This site is optimized with the Yoast SEO plugin v27.3 - https:\/\/yoast.com\/product\/yoast-seo-wordpress\/ -->\n<title>Waikura Manuka-Fruitcubes - Waikura Manuka<\/title>\n<meta name=\"description\" content=\"Der Manuka-Honig-Boost f\u00fcr Unterwegs. Waikura Manuka-Fruitcubes mit nat\u00fcrlichen Zutaten. Mit Acerolakirsche zur nat\u00fcrlichen St\u00e4rkung des Immunsystems.\" \/>\n<meta name=\"robots\" content=\"index, follow, max-snippet:-1, max-image-preview:large, max-video-preview:-1\" \/>\n<link rel=\"canonical\" href=\"https:\/\/www.waikura-manuka.com\/fr\/p\/cubes-de-fruits-waikura-manuka-120-g\/\" \/>\n<meta property=\"og:locale\" content=\"fr_FR\" \/>\n<meta property=\"og:type\" content=\"article\" \/>\n<meta property=\"og:title\" content=\"Waikura Manuka-Fruitcubes - Waikura Manuka\" \/>\n<meta property=\"og:description\" content=\"Der Manuka-Honig-Boost f\u00fcr Unterwegs. Waikura Manuka-Fruitcubes mit nat\u00fcrlichen Zutaten. Mit Acerolakirsche zur nat\u00fcrlichen St\u00e4rkung des Immunsystems.\" \/>\n<meta property=\"og:url\" content=\"https:\/\/www.waikura-manuka.com\/fr\/p\/cubes-de-fruits-waikura-manuka-120-g\/\" \/>\n<meta property=\"og:site_name\" content=\"Waikura Manuka\" \/>\n<meta property=\"article:modified_time\" content=\"2026-02-17T09:27:33+00:00\" \/>\n<meta property=\"og:image\" content=\"https:\/\/www.waikura-manuka.com\/wp-content\/uploads\/2025\/12\/Fruitcubes_packshot.jpg\" \/>\n\t<meta property=\"og:image:width\" content=\"1920\" \/>\n\t<meta property=\"og:image:height\" content=\"1920\" \/>\n\t<meta property=\"og:image:type\" content=\"image\/jpeg\" \/>\n<meta name=\"twitter:card\" content=\"summary_large_image\" \/>\n<meta name=\"twitter:label1\" content=\"Dur\u00e9e de lecture estim\u00e9e\" \/>\n\t<meta name=\"twitter:data1\" content=\"1 minute\" \/>\n<script type=\"application\/ld+json\" class=\"yoast-schema-graph\">{\"@context\":\"https:\\\/\\\/schema.org\",\"@graph\":[{\"@type\":\"WebPage\",\"@id\":\"https:\\\/\\\/www.waikura-manuka.com\\\/p\\\/waikura-manuka-fruitcubes-120-g\\\/\",\"url\":\"https:\\\/\\\/www.waikura-manuka.com\\\/p\\\/waikura-manuka-fruitcubes-120-g\\\/\",\"name\":\"Waikura Manuka-Fruitcubes - Waikura Manuka\",\"isPartOf\":{\"@id\":\"https:\\\/\\\/www.waikura-manuka.com\\\/#website\"},\"primaryImageOfPage\":{\"@id\":\"https:\\\/\\\/www.waikura-manuka.com\\\/p\\\/waikura-manuka-fruitcubes-120-g\\\/#primaryimage\"},\"image\":{\"@id\":\"https:\\\/\\\/www.waikura-manuka.com\\\/p\\\/waikura-manuka-fruitcubes-120-g\\\/#primaryimage\"},\"thumbnailUrl\":\"https:\\\/\\\/www.waikura-manuka.com\\\/wp-content\\\/uploads\\\/2025\\\/12\\\/Fruitcubes_packshot.jpg\",\"datePublished\":\"2025-12-29T13:17:51+00:00\",\"dateModified\":\"2026-02-17T09:27:33+00:00\",\"description\":\"Der Manuka-Honig-Boost f\u00fcr Unterwegs. Waikura Manuka-Fruitcubes mit nat\u00fcrlichen Zutaten. Mit Acerolakirsche zur nat\u00fcrlichen St\u00e4rkung des Immunsystems.\",\"breadcrumb\":{\"@id\":\"https:\\\/\\\/www.waikura-manuka.com\\\/p\\\/waikura-manuka-fruitcubes-120-g\\\/#breadcrumb\"},\"inLanguage\":\"fr-FR\",\"potentialAction\":[{\"@type\":\"ReadAction\",\"target\":[\"https:\\\/\\\/www.waikura-manuka.com\\\/p\\\/waikura-manuka-fruitcubes-120-g\\\/\"]}]},{\"@type\":\"ImageObject\",\"inLanguage\":\"fr-FR\",\"@id\":\"https:\\\/\\\/www.waikura-manuka.com\\\/p\\\/waikura-manuka-fruitcubes-120-g\\\/#primaryimage\",\"url\":\"https:\\\/\\\/www.waikura-manuka.com\\\/wp-content\\\/uploads\\\/2025\\\/12\\\/Fruitcubes_packshot.jpg\",\"contentUrl\":\"https:\\\/\\\/www.waikura-manuka.com\\\/wp-content\\\/uploads\\\/2025\\\/12\\\/Fruitcubes_packshot.jpg\",\"width\":1920,\"height\":1920},{\"@type\":\"BreadcrumbList\",\"@id\":\"https:\\\/\\\/www.waikura-manuka.com\\\/p\\\/waikura-manuka-fruitcubes-120-g\\\/#breadcrumb\",\"itemListElement\":[{\"@type\":\"ListItem\",\"position\":1,\"name\":\"Startseite\",\"item\":\"https:\\\/\\\/www.waikura-manuka.com\\\/\"},{\"@type\":\"ListItem\",\"position\":2,\"name\":\"Online Shop\",\"item\":\"https:\\\/\\\/www.waikura-manuka.com\\\/shop\\\/\"},{\"@type\":\"ListItem\",\"position\":3,\"name\":\"Waikura Manuka-Fruitcubes\"}]},{\"@type\":\"WebSite\",\"@id\":\"https:\\\/\\\/www.waikura-manuka.com\\\/#website\",\"url\":\"https:\\\/\\\/www.waikura-manuka.com\\\/\",\"name\":\"Waikura Manuka\",\"description\":\"Manuka-Honig und Manuka-\u00d6l vom East Cape Neuseelands\",\"publisher\":{\"@id\":\"https:\\\/\\\/www.waikura-manuka.com\\\/#organization\"},\"potentialAction\":[{\"@type\":\"SearchAction\",\"target\":{\"@type\":\"EntryPoint\",\"urlTemplate\":\"https:\\\/\\\/www.waikura-manuka.com\\\/?s={search_term_string}\"},\"query-input\":{\"@type\":\"PropertyValueSpecification\",\"valueRequired\":true,\"valueName\":\"search_term_string\"}}],\"inLanguage\":\"fr-FR\"},{\"@type\":\"Organization\",\"@id\":\"https:\\\/\\\/www.waikura-manuka.com\\\/#organization\",\"name\":\"Waikura Manuka\",\"url\":\"https:\\\/\\\/www.waikura-manuka.com\\\/\",\"logo\":{\"@type\":\"ImageObject\",\"inLanguage\":\"fr-FR\",\"@id\":\"https:\\\/\\\/www.waikura-manuka.com\\\/#\\\/schema\\\/logo\\\/image\\\/\",\"url\":\"\",\"contentUrl\":\"\",\"caption\":\"Waikura Manuka\"},\"image\":{\"@id\":\"https:\\\/\\\/www.waikura-manuka.com\\\/#\\\/schema\\\/logo\\\/image\\\/\"}}]}<\/script>\n<!-- \/ Yoast SEO plugin. -->","yoast_head_json":{"title":"Waikura Manuka-Fruitscubes - Waikura Manuka","description":"Boost de miel de manuka \u00e0 emporter partout. Cubes de fruits de manuka Waikura aux ingr\u00e9dients naturels. Contient de la cerise ac\u00e9rola pour un soutien naturel du syst\u00e8me immunitaire.","robots":{"index":"index","follow":"follow","max-snippet":"max-snippet:-1","max-image-preview":"max-image-preview:large","max-video-preview":"max-video-preview:-1"},"canonical":"https:\/\/www.waikura-manuka.com\/fr\/p\/cubes-de-fruits-waikura-manuka-120-g\/","og_locale":"fr_FR","og_type":"article","og_title":"Waikura Manuka-Fruitcubes - Waikura Manuka","og_description":"Der Manuka-Honig-Boost f\u00fcr Unterwegs. Waikura Manuka-Fruitcubes mit nat\u00fcrlichen Zutaten. Mit Acerolakirsche zur nat\u00fcrlichen St\u00e4rkung des Immunsystems.","og_url":"https:\/\/www.waikura-manuka.com\/fr\/p\/cubes-de-fruits-waikura-manuka-120-g\/","og_site_name":"Waikura Manuka","article_modified_time":"2026-02-17T09:27:33+00:00","og_image":[{"width":1920,"height":1920,"url":"https:\/\/www.waikura-manuka.com\/wp-content\/uploads\/2025\/12\/Fruitcubes_packshot.jpg","type":"image\/jpeg"}],"twitter_card":"summary_large_image","twitter_misc":{"Dur\u00e9e de lecture estim\u00e9e":"1 minute"},"schema":{"@context":"https:\/\/schema.org","@graph":[{"@type":"WebPage","@id":"https:\/\/www.waikura-manuka.com\/p\/waikura-manuka-fruitcubes-120-g\/","url":"https:\/\/www.waikura-manuka.com\/p\/waikura-manuka-fruitcubes-120-g\/","name":"Waikura Manuka-Fruitscubes - Waikura Manuka","isPartOf":{"@id":"https:\/\/www.waikura-manuka.com\/#website"},"primaryImageOfPage":{"@id":"https:\/\/www.waikura-manuka.com\/p\/waikura-manuka-fruitcubes-120-g\/#primaryimage"},"image":{"@id":"https:\/\/www.waikura-manuka.com\/p\/waikura-manuka-fruitcubes-120-g\/#primaryimage"},"thumbnailUrl":"https:\/\/www.waikura-manuka.com\/wp-content\/uploads\/2025\/12\/Fruitcubes_packshot.jpg","datePublished":"2025-12-29T13:17:51+00:00","dateModified":"2026-02-17T09:27:33+00:00","description":"Boost de miel de manuka \u00e0 emporter partout. Cubes de fruits de manuka Waikura aux ingr\u00e9dients naturels. Contient de la cerise ac\u00e9rola pour un soutien naturel du syst\u00e8me immunitaire.","breadcrumb":{"@id":"https:\/\/www.waikura-manuka.com\/p\/waikura-manuka-fruitcubes-120-g\/#breadcrumb"},"inLanguage":"fr-FR","potentialAction":[{"@type":"ReadAction","target":["https:\/\/www.waikura-manuka.com\/p\/waikura-manuka-fruitcubes-120-g\/"]}]},{"@type":"ImageObject","inLanguage":"fr-FR","@id":"https:\/\/www.waikura-manuka.com\/p\/waikura-manuka-fruitcubes-120-g\/#primaryimage","url":"https:\/\/www.waikura-manuka.com\/wp-content\/uploads\/2025\/12\/Fruitcubes_packshot.jpg","contentUrl":"https:\/\/www.waikura-manuka.com\/wp-content\/uploads\/2025\/12\/Fruitcubes_packshot.jpg","width":1920,"height":1920},{"@type":"BreadcrumbList","@id":"https:\/\/www.waikura-manuka.com\/p\/waikura-manuka-fruitcubes-120-g\/#breadcrumb","itemListElement":[{"@type":"ListItem","position":1,"name":"Startseite","item":"https:\/\/www.waikura-manuka.com\/"},{"@type":"ListItem","position":2,"name":"Online Shop","item":"https:\/\/www.waikura-manuka.com\/shop\/"},{"@type":"ListItem","position":3,"name":"Waikura Manuka-Fruitcubes"}]},{"@type":"WebSite","@id":"https:\/\/www.waikura-manuka.com\/#website","url":"https:\/\/www.waikura-manuka.com\/","name":"Waikura Manuka","description":"Miel de Manuka-H et huile de Manuka- du Cap Est de Nouvelle-Z\u00e9lande","publisher":{"@id":"https:\/\/www.waikura-manuka.com\/#organization"},"potentialAction":[{"@type":"SearchAction","target":{"@type":"EntryPoint","urlTemplate":"https:\/\/www.waikura-manuka.com\/?s={search_term_string}"},"query-input":{"@type":"PropertyValueSpecification","valueRequired":true,"valueName":"search_term_string"}}],"inLanguage":"fr-FR"},{"@type":"Organization","@id":"https:\/\/www.waikura-manuka.com\/#organization","name":"Waikura Manuka","url":"https:\/\/www.waikura-manuka.com\/","logo":{"@type":"ImageObject","inLanguage":"fr-FR","@id":"https:\/\/www.waikura-manuka.com\/#\/schema\/logo\/image\/","url":"","contentUrl":"","caption":"Waikura Manuka"},"image":{"@id":"https:\/\/www.waikura-manuka.com\/#\/schema\/logo\/image\/"}}]}},"_links":{"self":[{"href":"https:\/\/www.waikura-manuka.com\/fr\/wp-json\/wp\/v2\/product\/7164","targetHints":{"allow":["GET"]}}],"collection":[{"href":"https:\/\/www.waikura-manuka.com\/fr\/wp-json\/wp\/v2\/product"}],"about":[{"href":"https:\/\/www.waikura-manuka.com\/fr\/wp-json\/wp\/v2\/types\/product"}],"version-history":[{"count":0,"href":"https:\/\/www.waikura-manuka.com\/fr\/wp-json\/wp\/v2\/product\/7164\/revisions"}],"wp:featuredmedia":[{"embeddable":true,"href":"https:\/\/www.waikura-manuka.com\/fr\/wp-json\/wp\/v2\/media\/7168"}],"wp:attachment":[{"href":"https:\/\/www.waikura-manuka.com\/fr\/wp-json\/wp\/v2\/media?parent=7164"}],"wp:term":[{"taxonomy":"product_brand","embeddable":true,"href":"https:\/\/www.waikura-manuka.com\/fr\/wp-json\/wp\/v2\/product_brand?post=7164"},{"taxonomy":"product_cat","embeddable":true,"href":"https:\/\/www.waikura-manuka.com\/fr\/wp-json\/wp\/v2\/product_cat?post=7164"},{"taxonomy":"product_tag","embeddable":true,"href":"https:\/\/www.waikura-manuka.com\/fr\/wp-json\/wp\/v2\/product_tag?post=7164"}],"curies":[{"name":"wp","href":"https:\/\/api.w.org\/{rel}","templated":true}]}}