{"id":5615,"date":"2024-10-04T15:47:08","date_gmt":"2024-10-04T13:47:08","guid":{"rendered":"https:\/\/www.waikura-manuka.com\/?post_type=product&#038;p=5615"},"modified":"2026-04-27T14:25:31","modified_gmt":"2026-04-27T12:25:31","slug":"coffret-pastilles-au-miel-de-manuka-val-fex","status":"publish","type":"product","link":"https:\/\/www.waikura-manuka.com\/fr\/p\/geschenkbox-val-fex-manuka-honig-pastillen\/","title":{"rendered":"Coffret Val Fex \u2013 Miel de Manuka &amp; pastilles"},"content":{"rendered":"<p>Le coffret cadeau exclusif avec miel de manuka Val Fex offre une exp\u00e9rience gustative exceptionnelle et allie le pur plaisir aux bienfaits pour la sant\u00e9 du miel de manuka. Cette bo\u00eete \u00e9l\u00e9gante contient notre <a href=\"https:\/\/www.waikura-manuka.com\/fr\/le-miel-de-manuka\/\" target=\"_blank\" rel=\"noopener\">Miel de Manuka<\/a> 525+, connu pour sa qualit\u00e9 et son efficacit\u00e9 de premier ordre. Avec cette classe de force intense, le miel offre un go\u00fbt naturel et offre une exp\u00e9rience de miel incomparable. Le coffret contient \u00e9galement des pastilles rafra\u00eechissantes au miel de Manuka au go\u00fbt de citron, id\u00e9ales pour une pause apaisante en d\u00e9placement ou \u00e0 la maison.<\/p>\n<p>Avec le coffret cadeau Val Fex, vous offrez bien plus que du miel ; Vous offrez un pr\u00e9cieux morceau de nature qui allie \u00e0 la fois plaisir et bien-\u00eatre. Notre miel de Manuka, issu de la nature vierge de la vall\u00e9e de Waikura en Nouvelle-Z\u00e9lande, refl\u00e8te la puret\u00e9 de cette r\u00e9gion unique. L\u00e0, les conditions climatiques particuli\u00e8res et la flore riche offrent la base id\u00e9ale pour la culture de ce miel exclusif. Sa classe de r\u00e9sistance souligne sa qualit\u00e9 et en fait un produit appr\u00e9ci\u00e9 dans le monde entier. Chaque r\u00e9colte est r\u00e9alis\u00e9e avec soin et d\u00e9vouement afin que nous puissions toujours vous offrir un miel de la plus haute qualit\u00e9 - un produit que beaucoup appr\u00e9cient pour ses effets particuliers.<\/p>\n<p><a href=\"https:\/\/www.waikura.co.nz\/natural-products-about-us\/\" target=\"_blank\" rel=\"noopener\">La vall\u00e9e de Waikura<\/a> est un lieu o\u00f9 les m\u00e9thodes de fabrication traditionnelles rencontrent des approches innovantes et durables. La communaut\u00e9 y vit en \u00e9troite relation avec la nature et est passionn\u00e9e par l&#039;utilisation responsable des ressources naturelles. Apprenez-en davantage sur la culture et la philosophie uniques qui sous-tendent chaque coffret cadeau Val Fex. Ce coffret cadeau sp\u00e9cial est l&#039;expression d&#039;un v\u00e9ritable lien avec la nature et les soins. \u2013, un cadeau qui fait plaisir et dont on se souvient longtemps.<\/p>","protected":false},"excerpt":{"rendered":"<p>Coffret cadeau exclusif au miel de Manuka : Le coffret cadeau Val Fex contient notre miel de Manuka le plus vendu avec une force de 525+ ainsi que les populaires pastilles de miel de Manuka au go\u00fbt de citron. Cette bo\u00eete \u00e9l\u00e9gamment emball\u00e9e offre une exp\u00e9rience gustative unique et constitue le cadeau parfait pour les occasions sp\u00e9ciales.<\/p>\n<p>Nous pouvons \u00e9galement vous fournir des cartes postales manuscrites sur demande. N&#039;h\u00e9sitez pas \u00e0 nous envoyer vos salutations personnelles ; les entreprises clientes sont \u00e9galement les bienvenues.<\/p>","protected":false},"featured_media":5848,"template":"","meta":[],"product_brand":[],"product_cat":[64],"product_tag":[],"class_list":{"0":"post-5615","1":"product","2":"type-product","3":"status-publish","4":"has-post-thumbnail","6":"product_cat-geschenkboxen","8":"first","9":"instock","10":"taxable","11":"shipping-taxable","12":"purchasable","13":"product-type-simple"},"yoast_head":"<!-- This site is optimized with the Yoast SEO plugin v27.4 - https:\/\/yoast.com\/product\/yoast-seo-wordpress\/ -->\n<title>Geschenkbox Val Fex - Manuka-Honig &amp; Pastillen - Waikura Manuka<\/title>\n<meta name=\"description\" content=\"Geschenkbox mit Manuka-Honig: Exklusive Verpackung und hochwertige Manuka- Produkte direkt vom Hersteller. Manuka-Honig 525+\" \/>\n<meta name=\"robots\" content=\"index, follow, max-snippet:-1, max-image-preview:large, max-video-preview:-1\" \/>\n<link rel=\"canonical\" href=\"https:\/\/www.waikura-manuka.com\/fr\/p\/coffret-pastilles-au-miel-de-manuka-val-fex\/\" \/>\n<meta property=\"og:locale\" content=\"fr_FR\" \/>\n<meta property=\"og:type\" content=\"article\" \/>\n<meta property=\"og:title\" content=\"Geschenkbox Val Fex - Manuka-Honig &amp; Pastillen - Waikura Manuka\" \/>\n<meta property=\"og:description\" content=\"Geschenkbox mit Manuka-Honig: Exklusive Verpackung und hochwertige Manuka- Produkte direkt vom Hersteller. Manuka-Honig 525+\" \/>\n<meta property=\"og:url\" content=\"https:\/\/www.waikura-manuka.com\/fr\/p\/coffret-pastilles-au-miel-de-manuka-val-fex\/\" \/>\n<meta property=\"og:site_name\" content=\"Waikura Manuka\" \/>\n<meta property=\"article:modified_time\" content=\"2026-04-27T12:25:31+00:00\" \/>\n<meta property=\"og:image\" content=\"https:\/\/www.waikura-manuka.com\/wp-content\/uploads\/2024\/10\/small_Waikura-Manuka-Geschenkboxen-final_2-scaled.jpg\" \/>\n\t<meta property=\"og:image:width\" content=\"2560\" \/>\n\t<meta property=\"og:image:height\" content=\"2560\" \/>\n\t<meta property=\"og:image:type\" content=\"image\/jpeg\" \/>\n<meta name=\"twitter:card\" content=\"summary_large_image\" \/>\n<meta name=\"twitter:label1\" content=\"Dur\u00e9e de lecture estim\u00e9e\" \/>\n\t<meta name=\"twitter:data1\" content=\"2 minutes\" \/>\n<script type=\"application\/ld+json\" class=\"yoast-schema-graph\">{\"@context\":\"https:\\\/\\\/schema.org\",\"@graph\":[{\"@type\":\"WebPage\",\"@id\":\"https:\\\/\\\/www.waikura-manuka.com\\\/p\\\/geschenkbox-val-fex-manuka-honig-pastillen\\\/\",\"url\":\"https:\\\/\\\/www.waikura-manuka.com\\\/p\\\/geschenkbox-val-fex-manuka-honig-pastillen\\\/\",\"name\":\"Geschenkbox Val Fex - Manuka-Honig & Pastillen - Waikura Manuka\",\"isPartOf\":{\"@id\":\"https:\\\/\\\/www.waikura-manuka.com\\\/#website\"},\"primaryImageOfPage\":{\"@id\":\"https:\\\/\\\/www.waikura-manuka.com\\\/p\\\/geschenkbox-val-fex-manuka-honig-pastillen\\\/#primaryimage\"},\"image\":{\"@id\":\"https:\\\/\\\/www.waikura-manuka.com\\\/p\\\/geschenkbox-val-fex-manuka-honig-pastillen\\\/#primaryimage\"},\"thumbnailUrl\":\"https:\\\/\\\/www.waikura-manuka.com\\\/wp-content\\\/uploads\\\/2024\\\/10\\\/small_Waikura-Manuka-Geschenkboxen-final_2-scaled.jpg\",\"datePublished\":\"2024-10-04T13:47:08+00:00\",\"dateModified\":\"2026-04-27T12:25:31+00:00\",\"description\":\"Geschenkbox mit Manuka-Honig: Exklusive Verpackung und hochwertige Manuka- Produkte direkt vom Hersteller. Manuka-Honig 525+\",\"breadcrumb\":{\"@id\":\"https:\\\/\\\/www.waikura-manuka.com\\\/p\\\/geschenkbox-val-fex-manuka-honig-pastillen\\\/#breadcrumb\"},\"inLanguage\":\"fr-FR\",\"potentialAction\":[{\"@type\":\"ReadAction\",\"target\":[\"https:\\\/\\\/www.waikura-manuka.com\\\/p\\\/geschenkbox-val-fex-manuka-honig-pastillen\\\/\"]}]},{\"@type\":\"ImageObject\",\"inLanguage\":\"fr-FR\",\"@id\":\"https:\\\/\\\/www.waikura-manuka.com\\\/p\\\/geschenkbox-val-fex-manuka-honig-pastillen\\\/#primaryimage\",\"url\":\"https:\\\/\\\/www.waikura-manuka.com\\\/wp-content\\\/uploads\\\/2024\\\/10\\\/small_Waikura-Manuka-Geschenkboxen-final_2-scaled.jpg\",\"contentUrl\":\"https:\\\/\\\/www.waikura-manuka.com\\\/wp-content\\\/uploads\\\/2024\\\/10\\\/small_Waikura-Manuka-Geschenkboxen-final_2-scaled.jpg\",\"width\":2560,\"height\":2560,\"caption\":\"Waikura Manuka Geschenkbox\"},{\"@type\":\"BreadcrumbList\",\"@id\":\"https:\\\/\\\/www.waikura-manuka.com\\\/p\\\/geschenkbox-val-fex-manuka-honig-pastillen\\\/#breadcrumb\",\"itemListElement\":[{\"@type\":\"ListItem\",\"position\":1,\"name\":\"Startseite\",\"item\":\"https:\\\/\\\/www.waikura-manuka.com\\\/\"},{\"@type\":\"ListItem\",\"position\":2,\"name\":\"Online Shop\",\"item\":\"https:\\\/\\\/www.waikura-manuka.com\\\/shop\\\/\"},{\"@type\":\"ListItem\",\"position\":3,\"name\":\"Geschenkbox Val Fex &#8211; Manuka-Honig &#038; Pastillen\"}]},{\"@type\":\"WebSite\",\"@id\":\"https:\\\/\\\/www.waikura-manuka.com\\\/#website\",\"url\":\"https:\\\/\\\/www.waikura-manuka.com\\\/\",\"name\":\"Waikura Manuka\",\"description\":\"Manuka-Honig und Manuka-\u00d6l vom East Cape Neuseelands\",\"publisher\":{\"@id\":\"https:\\\/\\\/www.waikura-manuka.com\\\/#organization\"},\"potentialAction\":[{\"@type\":\"SearchAction\",\"target\":{\"@type\":\"EntryPoint\",\"urlTemplate\":\"https:\\\/\\\/www.waikura-manuka.com\\\/?s={search_term_string}\"},\"query-input\":{\"@type\":\"PropertyValueSpecification\",\"valueRequired\":true,\"valueName\":\"search_term_string\"}}],\"inLanguage\":\"fr-FR\"},{\"@type\":\"Organization\",\"@id\":\"https:\\\/\\\/www.waikura-manuka.com\\\/#organization\",\"name\":\"Waikura Manuka\",\"url\":\"https:\\\/\\\/www.waikura-manuka.com\\\/\",\"logo\":{\"@type\":\"ImageObject\",\"inLanguage\":\"fr-FR\",\"@id\":\"https:\\\/\\\/www.waikura-manuka.com\\\/#\\\/schema\\\/logo\\\/image\\\/\",\"url\":\"\",\"contentUrl\":\"\",\"caption\":\"Waikura Manuka\"},\"image\":{\"@id\":\"https:\\\/\\\/www.waikura-manuka.com\\\/#\\\/schema\\\/logo\\\/image\\\/\"}}]}<\/script>\n<!-- \/ Yoast SEO plugin. -->","yoast_head_json":{"title":"Coffret Val Fex - Manuka-HMiel &amp; pastilles - Waikura Manuka","description":"Coffret cadeau au miel de Manuka : Emballage exclusif et produits Manuka de haute qualit\u00e9 directement du fabricant. Miel de Manuka -Honig 525+","robots":{"index":"index","follow":"follow","max-snippet":"max-snippet:-1","max-image-preview":"max-image-preview:large","max-video-preview":"max-video-preview:-1"},"canonical":"https:\/\/www.waikura-manuka.com\/fr\/p\/coffret-pastilles-au-miel-de-manuka-val-fex\/","og_locale":"fr_FR","og_type":"article","og_title":"Geschenkbox Val Fex - Manuka-Honig & Pastillen - Waikura Manuka","og_description":"Geschenkbox mit Manuka-Honig: Exklusive Verpackung und hochwertige Manuka- Produkte direkt vom Hersteller. Manuka-Honig 525+","og_url":"https:\/\/www.waikura-manuka.com\/fr\/p\/coffret-pastilles-au-miel-de-manuka-val-fex\/","og_site_name":"Waikura Manuka","article_modified_time":"2026-04-27T12:25:31+00:00","og_image":[{"width":2560,"height":2560,"url":"https:\/\/www.waikura-manuka.com\/wp-content\/uploads\/2024\/10\/small_Waikura-Manuka-Geschenkboxen-final_2-scaled.jpg","type":"image\/jpeg"}],"twitter_card":"summary_large_image","twitter_misc":{"Dur\u00e9e de lecture estim\u00e9e":"2 minutes"},"schema":{"@context":"https:\/\/schema.org","@graph":[{"@type":"WebPage","@id":"https:\/\/www.waikura-manuka.com\/p\/geschenkbox-val-fex-manuka-honig-pastillen\/","url":"https:\/\/www.waikura-manuka.com\/p\/geschenkbox-val-fex-manuka-honig-pastillen\/","name":"Coffret Val Fex - Manuka-HMiel &amp; pastilles - Waikura Manuka","isPartOf":{"@id":"https:\/\/www.waikura-manuka.com\/#website"},"primaryImageOfPage":{"@id":"https:\/\/www.waikura-manuka.com\/p\/geschenkbox-val-fex-manuka-honig-pastillen\/#primaryimage"},"image":{"@id":"https:\/\/www.waikura-manuka.com\/p\/geschenkbox-val-fex-manuka-honig-pastillen\/#primaryimage"},"thumbnailUrl":"https:\/\/www.waikura-manuka.com\/wp-content\/uploads\/2024\/10\/small_Waikura-Manuka-Geschenkboxen-final_2-scaled.jpg","datePublished":"2024-10-04T13:47:08+00:00","dateModified":"2026-04-27T12:25:31+00:00","description":"Coffret cadeau au miel de Manuka : Emballage exclusif et produits Manuka de haute qualit\u00e9 directement du fabricant. Miel de Manuka -Honig 525+","breadcrumb":{"@id":"https:\/\/www.waikura-manuka.com\/p\/geschenkbox-val-fex-manuka-honig-pastillen\/#breadcrumb"},"inLanguage":"fr-FR","potentialAction":[{"@type":"ReadAction","target":["https:\/\/www.waikura-manuka.com\/p\/geschenkbox-val-fex-manuka-honig-pastillen\/"]}]},{"@type":"ImageObject","inLanguage":"fr-FR","@id":"https:\/\/www.waikura-manuka.com\/p\/geschenkbox-val-fex-manuka-honig-pastillen\/#primaryimage","url":"https:\/\/www.waikura-manuka.com\/wp-content\/uploads\/2024\/10\/small_Waikura-Manuka-Geschenkboxen-final_2-scaled.jpg","contentUrl":"https:\/\/www.waikura-manuka.com\/wp-content\/uploads\/2024\/10\/small_Waikura-Manuka-Geschenkboxen-final_2-scaled.jpg","width":2560,"height":2560,"caption":"Waikura Manuka Geschenkbox"},{"@type":"BreadcrumbList","@id":"https:\/\/www.waikura-manuka.com\/p\/geschenkbox-val-fex-manuka-honig-pastillen\/#breadcrumb","itemListElement":[{"@type":"ListItem","position":1,"name":"Startseite","item":"https:\/\/www.waikura-manuka.com\/"},{"@type":"ListItem","position":2,"name":"Online Shop","item":"https:\/\/www.waikura-manuka.com\/shop\/"},{"@type":"ListItem","position":3,"name":"Geschenkbox Val Fex &#8211; Manuka-Honig &#038; Pastillen"}]},{"@type":"WebSite","@id":"https:\/\/www.waikura-manuka.com\/#website","url":"https:\/\/www.waikura-manuka.com\/","name":"Waikura Manuka","description":"Miel de Manuka-H et huile de Manuka- du Cap Est de Nouvelle-Z\u00e9lande","publisher":{"@id":"https:\/\/www.waikura-manuka.com\/#organization"},"potentialAction":[{"@type":"SearchAction","target":{"@type":"EntryPoint","urlTemplate":"https:\/\/www.waikura-manuka.com\/?s={search_term_string}"},"query-input":{"@type":"PropertyValueSpecification","valueRequired":true,"valueName":"search_term_string"}}],"inLanguage":"fr-FR"},{"@type":"Organization","@id":"https:\/\/www.waikura-manuka.com\/#organization","name":"Waikura Manuka","url":"https:\/\/www.waikura-manuka.com\/","logo":{"@type":"ImageObject","inLanguage":"fr-FR","@id":"https:\/\/www.waikura-manuka.com\/#\/schema\/logo\/image\/","url":"","contentUrl":"","caption":"Waikura Manuka"},"image":{"@id":"https:\/\/www.waikura-manuka.com\/#\/schema\/logo\/image\/"}}]}},"_links":{"self":[{"href":"https:\/\/www.waikura-manuka.com\/fr\/wp-json\/wp\/v2\/product\/5615","targetHints":{"allow":["GET"]}}],"collection":[{"href":"https:\/\/www.waikura-manuka.com\/fr\/wp-json\/wp\/v2\/product"}],"about":[{"href":"https:\/\/www.waikura-manuka.com\/fr\/wp-json\/wp\/v2\/types\/product"}],"version-history":[{"count":1,"href":"https:\/\/www.waikura-manuka.com\/fr\/wp-json\/wp\/v2\/product\/5615\/revisions"}],"predecessor-version":[{"id":7310,"href":"https:\/\/www.waikura-manuka.com\/fr\/wp-json\/wp\/v2\/product\/5615\/revisions\/7310"}],"wp:featuredmedia":[{"embeddable":true,"href":"https:\/\/www.waikura-manuka.com\/fr\/wp-json\/wp\/v2\/media\/5848"}],"wp:attachment":[{"href":"https:\/\/www.waikura-manuka.com\/fr\/wp-json\/wp\/v2\/media?parent=5615"}],"wp:term":[{"taxonomy":"product_brand","embeddable":true,"href":"https:\/\/www.waikura-manuka.com\/fr\/wp-json\/wp\/v2\/product_brand?post=5615"},{"taxonomy":"product_cat","embeddable":true,"href":"https:\/\/www.waikura-manuka.com\/fr\/wp-json\/wp\/v2\/product_cat?post=5615"},{"taxonomy":"product_tag","embeddable":true,"href":"https:\/\/www.waikura-manuka.com\/fr\/wp-json\/wp\/v2\/product_tag?post=5615"}],"curies":[{"name":"wp","href":"https:\/\/api.w.org\/{rel}","templated":true}]}}