{"id":5607,"date":"2024-10-10T15:25:38","date_gmt":"2024-10-10T13:25:38","guid":{"rendered":"https:\/\/www.waikura-manuka.com\/?post_type=product&#038;p=5607"},"modified":"2026-04-27T14:22:50","modified_gmt":"2026-04-27T12:22:50","slug":"coffret-cadeau-miel-de-manuka","status":"publish","type":"product","link":"https:\/\/www.waikura-manuka.com\/fr\/p\/manuka-honig-geschenkbox\/","title":{"rendered":"Coffret Val Roseg \u2013 Miel de Manuka &amp; pastilles"},"content":{"rendered":"<p>Le coffret cadeau miel Manuka-H Val Roseg allie pur plaisir et b\u00e9n\u00e9fice naturel pour votre sant\u00e9, ce qui en fait le cadeau id\u00e9al. Inclus est notre miel Waikura Manuka -H de haute qualit\u00e9 avec plus de 265 mg\/kg de MGO. Ce miel se caract\u00e9rise par une haute qualit\u00e9 et un excellent rapport prix-performance-. Avec sa teneur moyenne en MGO-, il offre un \u00e9quilibre id\u00e9al. Comme nous r\u00e9coltons le miel en quantit\u00e9 suffisante, la qualit\u00e9 \u2013 reste constamment \u00e9lev\u00e9e, ce qui se refl\u00e8te dans le go\u00fbt et l&#039;efficacit\u00e9. Le coffret cadeau contient \u00e9galement des pastilles pratiques, parfaites pour les d\u00e9placements. Vous pouvez profiter des bienfaits du miel Manuka-H partout et \u00e0 tout moment, que ce soit \u00e0 la maison, au bureau ou en voyage.<\/p>\n<p>Avec le coffret cadeau Val Roseg, vous offrez bien plus que du miel de manuka. Vous offrez un v\u00e9ritable morceau de nature et de bien-\u00eatre. Notre miel de manuka incarne l'essence pure de la nature intacte de la Nouvelle-Z\u00e9lande. La vall\u00e9e de Waikura, d'o\u00f9 provient ce miel, pr\u00e9sente des conditions parfaites pour la production de miel. La r\u00e9gion est connue pour sa flore riche et sa v\u00e9g\u00e9tation particuli\u00e8re et offre des conditions id\u00e9ales pour la production de miel de manuka de haute qualit\u00e9. Ce miel est appr\u00e9ci\u00e9 dans le monde entier pour sa qualit\u00e9. Notre d\u00e9vouement et notre production soign\u00e9e garantissent les normes les plus \u00e9lev\u00e9es. La plante Manuka- dont est issu ce miel est appr\u00e9ci\u00e9e depuis des g\u00e9n\u00e9rations. Cela rend notre miel de manuka populaire dans de nombreuses armoires \u00e0 pharmacie.<\/p>\n<p>La vall\u00e9e de Waikura allie innovation et tradition. Cette combinaison favorise un avenir durable pour la communaut\u00e9. L&#039;extraction <a href=\"https:\/\/www.waikura.co.nz\/natural-products-about-us\/\" target=\"_blank\" rel=\"noopener\">produits naturels<\/a> a ici une signification centrale. Les habitants de la r\u00e9gion sont \u00e9troitement li\u00e9s \u00e0 la nature. Apprenez-en davantage sur la culture unique de nos produits et sur la philosophie derri\u00e8re chaque coffret cadeau de miel Manuka-H. Plongez-vous dans le monde de <a href=\"https:\/\/www.waikura-manuka.com\/fr\/le-miel-de-manuka\/\" target=\"_blank\" rel=\"noopener\">Manuka-HMiel<\/a> \u2013 un cadeau plein de nature et de soin qui laissera une impression durable et apportera de la joie.<\/p>","protected":false},"excerpt":{"rendered":"<p>Vous recherchez un cadeau original ? Le coffret cadeau au miel de Manuka Val Roseg avec notre miel de Manuka 265+ et les populaires pastilles au miel de Manuka au citron offre une exp\u00e9rience gustative unique dans une bo\u00eete \u00e9l\u00e9gamment emball\u00e9e.<\/p>\n<p>Nous proposons \u00e9galement des cartes postales manuscrites sur demande. Vous \u00eates invit\u00e9s \u00e0 nous contacter avec vos salutations individuelles (y compris les clients d&#039;entreprise).<\/p>","protected":false},"featured_media":5843,"template":"","meta":[],"product_brand":[],"product_cat":[64],"product_tag":[],"class_list":{"0":"post-5607","1":"product","2":"type-product","3":"status-publish","4":"has-post-thumbnail","6":"product_cat-geschenkboxen","8":"first","9":"instock","10":"taxable","11":"shipping-taxable","12":"purchasable","13":"product-type-simple"},"yoast_head":"<!-- This site is optimized with the Yoast SEO plugin v27.4 - https:\/\/yoast.com\/product\/yoast-seo-wordpress\/ -->\n<title>Geschenkbox Val Roseg - Manuka-Honig &amp; Pastillen - Waikura Manuka<\/title>\n<meta name=\"description\" content=\"Manuka-Honig Geschenkbox: Exklusive Verpackung und hochwertige Manuka- Produkte direkt vom Hersteller. Manuka-Honig 265+ der mittleren St\u00e4rkeklasse\" \/>\n<meta name=\"robots\" content=\"index, follow, max-snippet:-1, max-image-preview:large, max-video-preview:-1\" \/>\n<link rel=\"canonical\" href=\"https:\/\/www.waikura-manuka.com\/fr\/p\/coffret-cadeau-miel-de-manuka\/\" \/>\n<meta property=\"og:locale\" content=\"fr_FR\" \/>\n<meta property=\"og:type\" content=\"article\" \/>\n<meta property=\"og:title\" content=\"Geschenkbox Val Roseg - Manuka-Honig &amp; Pastillen - Waikura Manuka\" \/>\n<meta property=\"og:description\" content=\"Manuka-Honig Geschenkbox: Exklusive Verpackung und hochwertige Manuka- Produkte direkt vom Hersteller. Manuka-Honig 265+ der mittleren St\u00e4rkeklasse\" \/>\n<meta property=\"og:url\" content=\"https:\/\/www.waikura-manuka.com\/fr\/p\/coffret-cadeau-miel-de-manuka\/\" \/>\n<meta property=\"og:site_name\" content=\"Waikura Manuka\" \/>\n<meta property=\"article:modified_time\" content=\"2026-04-27T12:22:50+00:00\" \/>\n<meta property=\"og:image\" content=\"https:\/\/www.waikura-manuka.com\/wp-content\/uploads\/2024\/10\/small_Waikura-Manuka-Geschenkboxen-final_1-scaled.jpg\" \/>\n\t<meta property=\"og:image:width\" content=\"2560\" \/>\n\t<meta property=\"og:image:height\" content=\"2560\" \/>\n\t<meta property=\"og:image:type\" content=\"image\/jpeg\" \/>\n<meta name=\"twitter:card\" content=\"summary_large_image\" \/>\n<meta name=\"twitter:label1\" content=\"Dur\u00e9e de lecture estim\u00e9e\" \/>\n\t<meta name=\"twitter:data1\" content=\"2 minutes\" \/>\n<script type=\"application\/ld+json\" class=\"yoast-schema-graph\">{\"@context\":\"https:\\\/\\\/schema.org\",\"@graph\":[{\"@type\":\"WebPage\",\"@id\":\"https:\\\/\\\/www.waikura-manuka.com\\\/p\\\/manuka-honig-geschenkbox\\\/\",\"url\":\"https:\\\/\\\/www.waikura-manuka.com\\\/p\\\/manuka-honig-geschenkbox\\\/\",\"name\":\"Geschenkbox Val Roseg - Manuka-Honig & Pastillen - Waikura Manuka\",\"isPartOf\":{\"@id\":\"https:\\\/\\\/www.waikura-manuka.com\\\/#website\"},\"primaryImageOfPage\":{\"@id\":\"https:\\\/\\\/www.waikura-manuka.com\\\/p\\\/manuka-honig-geschenkbox\\\/#primaryimage\"},\"image\":{\"@id\":\"https:\\\/\\\/www.waikura-manuka.com\\\/p\\\/manuka-honig-geschenkbox\\\/#primaryimage\"},\"thumbnailUrl\":\"https:\\\/\\\/www.waikura-manuka.com\\\/wp-content\\\/uploads\\\/2024\\\/10\\\/small_Waikura-Manuka-Geschenkboxen-final_1-scaled.jpg\",\"datePublished\":\"2024-10-10T13:25:38+00:00\",\"dateModified\":\"2026-04-27T12:22:50+00:00\",\"description\":\"Manuka-Honig Geschenkbox: Exklusive Verpackung und hochwertige Manuka- Produkte direkt vom Hersteller. Manuka-Honig 265+ der mittleren St\u00e4rkeklasse\",\"breadcrumb\":{\"@id\":\"https:\\\/\\\/www.waikura-manuka.com\\\/p\\\/manuka-honig-geschenkbox\\\/#breadcrumb\"},\"inLanguage\":\"fr-FR\",\"potentialAction\":[{\"@type\":\"ReadAction\",\"target\":[\"https:\\\/\\\/www.waikura-manuka.com\\\/p\\\/manuka-honig-geschenkbox\\\/\"]}]},{\"@type\":\"ImageObject\",\"inLanguage\":\"fr-FR\",\"@id\":\"https:\\\/\\\/www.waikura-manuka.com\\\/p\\\/manuka-honig-geschenkbox\\\/#primaryimage\",\"url\":\"https:\\\/\\\/www.waikura-manuka.com\\\/wp-content\\\/uploads\\\/2024\\\/10\\\/small_Waikura-Manuka-Geschenkboxen-final_1-scaled.jpg\",\"contentUrl\":\"https:\\\/\\\/www.waikura-manuka.com\\\/wp-content\\\/uploads\\\/2024\\\/10\\\/small_Waikura-Manuka-Geschenkboxen-final_1-scaled.jpg\",\"width\":2560,\"height\":2560,\"caption\":\"Waikura Manuka Geschenkbox\"},{\"@type\":\"BreadcrumbList\",\"@id\":\"https:\\\/\\\/www.waikura-manuka.com\\\/p\\\/manuka-honig-geschenkbox\\\/#breadcrumb\",\"itemListElement\":[{\"@type\":\"ListItem\",\"position\":1,\"name\":\"Startseite\",\"item\":\"https:\\\/\\\/www.waikura-manuka.com\\\/\"},{\"@type\":\"ListItem\",\"position\":2,\"name\":\"Online Shop\",\"item\":\"https:\\\/\\\/www.waikura-manuka.com\\\/shop\\\/\"},{\"@type\":\"ListItem\",\"position\":3,\"name\":\"Geschenkbox Val Roseg &#8211; Manuka-Honig &#038; Pastillen\"}]},{\"@type\":\"WebSite\",\"@id\":\"https:\\\/\\\/www.waikura-manuka.com\\\/#website\",\"url\":\"https:\\\/\\\/www.waikura-manuka.com\\\/\",\"name\":\"Waikura Manuka\",\"description\":\"Manuka-Honig und Manuka-\u00d6l vom East Cape Neuseelands\",\"publisher\":{\"@id\":\"https:\\\/\\\/www.waikura-manuka.com\\\/#organization\"},\"potentialAction\":[{\"@type\":\"SearchAction\",\"target\":{\"@type\":\"EntryPoint\",\"urlTemplate\":\"https:\\\/\\\/www.waikura-manuka.com\\\/?s={search_term_string}\"},\"query-input\":{\"@type\":\"PropertyValueSpecification\",\"valueRequired\":true,\"valueName\":\"search_term_string\"}}],\"inLanguage\":\"fr-FR\"},{\"@type\":\"Organization\",\"@id\":\"https:\\\/\\\/www.waikura-manuka.com\\\/#organization\",\"name\":\"Waikura Manuka\",\"url\":\"https:\\\/\\\/www.waikura-manuka.com\\\/\",\"logo\":{\"@type\":\"ImageObject\",\"inLanguage\":\"fr-FR\",\"@id\":\"https:\\\/\\\/www.waikura-manuka.com\\\/#\\\/schema\\\/logo\\\/image\\\/\",\"url\":\"\",\"contentUrl\":\"\",\"caption\":\"Waikura Manuka\"},\"image\":{\"@id\":\"https:\\\/\\\/www.waikura-manuka.com\\\/#\\\/schema\\\/logo\\\/image\\\/\"}}]}<\/script>\n<!-- \/ Yoast SEO plugin. -->","yoast_head_json":{"title":"Coffret Val Roseg - Manuka-HMiel &amp; pastilles - Waikura Manuka","description":"Coffret Cadeau Miel de Manuka : Emballage exclusif et produits Manuka de haute qualit\u00e9 directement du fabricant. Miel de Manuka 265+ force moyenne","robots":{"index":"index","follow":"follow","max-snippet":"max-snippet:-1","max-image-preview":"max-image-preview:large","max-video-preview":"max-video-preview:-1"},"canonical":"https:\/\/www.waikura-manuka.com\/fr\/p\/coffret-cadeau-miel-de-manuka\/","og_locale":"fr_FR","og_type":"article","og_title":"Geschenkbox Val Roseg - Manuka-Honig & Pastillen - Waikura Manuka","og_description":"Manuka-Honig Geschenkbox: Exklusive Verpackung und hochwertige Manuka- Produkte direkt vom Hersteller. Manuka-Honig 265+ der mittleren St\u00e4rkeklasse","og_url":"https:\/\/www.waikura-manuka.com\/fr\/p\/coffret-cadeau-miel-de-manuka\/","og_site_name":"Waikura Manuka","article_modified_time":"2026-04-27T12:22:50+00:00","og_image":[{"width":2560,"height":2560,"url":"https:\/\/www.waikura-manuka.com\/wp-content\/uploads\/2024\/10\/small_Waikura-Manuka-Geschenkboxen-final_1-scaled.jpg","type":"image\/jpeg"}],"twitter_card":"summary_large_image","twitter_misc":{"Dur\u00e9e de lecture estim\u00e9e":"2 minutes"},"schema":{"@context":"https:\/\/schema.org","@graph":[{"@type":"WebPage","@id":"https:\/\/www.waikura-manuka.com\/p\/manuka-honig-geschenkbox\/","url":"https:\/\/www.waikura-manuka.com\/p\/manuka-honig-geschenkbox\/","name":"Coffret Val Roseg - Manuka-HMiel &amp; pastilles - Waikura Manuka","isPartOf":{"@id":"https:\/\/www.waikura-manuka.com\/#website"},"primaryImageOfPage":{"@id":"https:\/\/www.waikura-manuka.com\/p\/manuka-honig-geschenkbox\/#primaryimage"},"image":{"@id":"https:\/\/www.waikura-manuka.com\/p\/manuka-honig-geschenkbox\/#primaryimage"},"thumbnailUrl":"https:\/\/www.waikura-manuka.com\/wp-content\/uploads\/2024\/10\/small_Waikura-Manuka-Geschenkboxen-final_1-scaled.jpg","datePublished":"2024-10-10T13:25:38+00:00","dateModified":"2026-04-27T12:22:50+00:00","description":"Coffret Cadeau Miel de Manuka : Emballage exclusif et produits Manuka de haute qualit\u00e9 directement du fabricant. Miel de Manuka 265+ force moyenne","breadcrumb":{"@id":"https:\/\/www.waikura-manuka.com\/p\/manuka-honig-geschenkbox\/#breadcrumb"},"inLanguage":"fr-FR","potentialAction":[{"@type":"ReadAction","target":["https:\/\/www.waikura-manuka.com\/p\/manuka-honig-geschenkbox\/"]}]},{"@type":"ImageObject","inLanguage":"fr-FR","@id":"https:\/\/www.waikura-manuka.com\/p\/manuka-honig-geschenkbox\/#primaryimage","url":"https:\/\/www.waikura-manuka.com\/wp-content\/uploads\/2024\/10\/small_Waikura-Manuka-Geschenkboxen-final_1-scaled.jpg","contentUrl":"https:\/\/www.waikura-manuka.com\/wp-content\/uploads\/2024\/10\/small_Waikura-Manuka-Geschenkboxen-final_1-scaled.jpg","width":2560,"height":2560,"caption":"Waikura Manuka Geschenkbox"},{"@type":"BreadcrumbList","@id":"https:\/\/www.waikura-manuka.com\/p\/manuka-honig-geschenkbox\/#breadcrumb","itemListElement":[{"@type":"ListItem","position":1,"name":"Startseite","item":"https:\/\/www.waikura-manuka.com\/"},{"@type":"ListItem","position":2,"name":"Online Shop","item":"https:\/\/www.waikura-manuka.com\/shop\/"},{"@type":"ListItem","position":3,"name":"Geschenkbox Val Roseg &#8211; Manuka-Honig &#038; Pastillen"}]},{"@type":"WebSite","@id":"https:\/\/www.waikura-manuka.com\/#website","url":"https:\/\/www.waikura-manuka.com\/","name":"Waikura Manuka","description":"Miel de Manuka-H et huile de Manuka- du Cap Est de Nouvelle-Z\u00e9lande","publisher":{"@id":"https:\/\/www.waikura-manuka.com\/#organization"},"potentialAction":[{"@type":"SearchAction","target":{"@type":"EntryPoint","urlTemplate":"https:\/\/www.waikura-manuka.com\/?s={search_term_string}"},"query-input":{"@type":"PropertyValueSpecification","valueRequired":true,"valueName":"search_term_string"}}],"inLanguage":"fr-FR"},{"@type":"Organization","@id":"https:\/\/www.waikura-manuka.com\/#organization","name":"Waikura Manuka","url":"https:\/\/www.waikura-manuka.com\/","logo":{"@type":"ImageObject","inLanguage":"fr-FR","@id":"https:\/\/www.waikura-manuka.com\/#\/schema\/logo\/image\/","url":"","contentUrl":"","caption":"Waikura Manuka"},"image":{"@id":"https:\/\/www.waikura-manuka.com\/#\/schema\/logo\/image\/"}}]}},"_links":{"self":[{"href":"https:\/\/www.waikura-manuka.com\/fr\/wp-json\/wp\/v2\/product\/5607","targetHints":{"allow":["GET"]}}],"collection":[{"href":"https:\/\/www.waikura-manuka.com\/fr\/wp-json\/wp\/v2\/product"}],"about":[{"href":"https:\/\/www.waikura-manuka.com\/fr\/wp-json\/wp\/v2\/types\/product"}],"version-history":[{"count":1,"href":"https:\/\/www.waikura-manuka.com\/fr\/wp-json\/wp\/v2\/product\/5607\/revisions"}],"predecessor-version":[{"id":7308,"href":"https:\/\/www.waikura-manuka.com\/fr\/wp-json\/wp\/v2\/product\/5607\/revisions\/7308"}],"wp:featuredmedia":[{"embeddable":true,"href":"https:\/\/www.waikura-manuka.com\/fr\/wp-json\/wp\/v2\/media\/5843"}],"wp:attachment":[{"href":"https:\/\/www.waikura-manuka.com\/fr\/wp-json\/wp\/v2\/media?parent=5607"}],"wp:term":[{"taxonomy":"product_brand","embeddable":true,"href":"https:\/\/www.waikura-manuka.com\/fr\/wp-json\/wp\/v2\/product_brand?post=5607"},{"taxonomy":"product_cat","embeddable":true,"href":"https:\/\/www.waikura-manuka.com\/fr\/wp-json\/wp\/v2\/product_cat?post=5607"},{"taxonomy":"product_tag","embeddable":true,"href":"https:\/\/www.waikura-manuka.com\/fr\/wp-json\/wp\/v2\/product_tag?post=5607"}],"curies":[{"name":"wp","href":"https:\/\/api.w.org\/{rel}","templated":true}]}}