{"id":2282,"date":"2022-08-16T10:44:55","date_gmt":"2022-08-16T08:44:55","guid":{"rendered":"https:\/\/www.waikura-manuka.com\/?post_type=product&#038;p=2282"},"modified":"2025-03-25T14:47:07","modified_gmt":"2025-03-25T13:47:07","slug":"notre-miel-de-manuka-le-plus-vendu","status":"publish","type":"product","link":"https:\/\/www.waikura-manuka.com\/fr\/p\/unser-bestseller-manuka-honig\/","title":{"rendered":"Meilleure vente \u2013 Manuka - Miel 525+"},"content":{"rendered":"<p><strong>Un puissant compagnon pour votre bien-\u00eatre<\/strong><\/p>\n<p>Le miel de Manuka de Waikura avec une force de 525+ est bien plus qu&#039;une sp\u00e9cialit\u00e9 culinaire. Sa classe de r\u00e9sistance \u00e9lev\u00e9e lui conf\u00e8re des propri\u00e9t\u00e9s pr\u00e9cieuses qui peuvent favoriser le bien-\u00eatre. Les effets antimicrobiens intenses de ce miel de Manuka concentr\u00e9 aident \u00e0 soutenir naturellement la sant\u00e9 et \u00e0 renforcer le syst\u00e8me immunitaire.<\/p>\n<p>Ce miel serait particuli\u00e8rement efficace pour soulager les probl\u00e8mes de gorge. Il est utilis\u00e9 pour les muqueuses irrit\u00e9es et les gorges s\u00e8ches ou douloureuses. Une petite cuill\u00e8re par jour suffit souvent \u00e0 avoir un effet apaisant et \u00e0 am\u00e9liorer la sensation dans la gorge. La consistance cr\u00e9meuse rend l&#039;application agr\u00e9able et douce.<\/p>\n<p><strong>Soutien \u00e0 l&#039;estomac et aux intestins<\/strong><\/p>\n<p>En plus de son effet apaisant sur la gorge, le miel de Manuka de Waikura offre \u00e9galement des bienfaits digestifs. Les propri\u00e9t\u00e9s antimicrobiennes naturelles favorisent une flore gastrique et intestinale saine et contribuent \u00e0 l&#039;harmonisation du syst\u00e8me digestif. Le 525+ est con\u00e7u pour aider \u00e0 soutenir la sant\u00e9 intestinale et est id\u00e9al dans le cadre d&#039;un mode de vie sain, en particulier pour les personnes qui souhaitent favoriser leur \u00e9quilibre int\u00e9rieur de mani\u00e8re naturelle.<\/p>\n<p><strong>Miel de Manuka pour usage externe<\/strong><\/p>\n<p><a href=\"https:\/\/www.waikura-manuka.com\/fr\/le-miel-de-manuka\/\" target=\"_blank\" rel=\"noopener\">Miel de Manuka<\/a> est \u00e9galement connu pour son application externe et est utilis\u00e9 en m\u00e9decine, notamment dans la version st\u00e9rilis\u00e9e, sous le nom de \u00ab Medi-Honig \u00bb. Ses propri\u00e9t\u00e9s antibact\u00e9riennes et anti-inflammatoires aident \u00e0 cr\u00e9er un environnement de plaie propre et \u00e0 r\u00e9duire le risque d\u2019infection. Medi-Honig forme une couche protectrice naturelle sur la plaie et soutient efficacement le processus de gu\u00e9rison. Sa composition unique et sa classe de r\u00e9sistance \u00e9lev\u00e9e en font un excellent choix pour un soutien holistique et naturel des soins des plaies.<\/p>\n<p>Une vari\u00e9t\u00e9 de miels sont produits dans la vall\u00e9e de Waikura. <a href=\"https:\/\/www.waikura.co.nz\/natural-products-honey\/\" target=\"_blank\" rel=\"noopener\">Ici<\/a> en savoir plus \u00e0 ce sujet.<\/p>\n<p>&nbsp;<\/p>\n<p>&nbsp;<\/p>","protected":false},"excerpt":{"rendered":"<p>Notre best-seller, le Waikura Manuka Honey 525+ est notre <strong>les plus populaires Manuka-Hhoney<\/strong>. Il est intense et tr\u00e8s concentr\u00e9. Le miel de cette classe de force est beaucoup plus rare, ce qui en fait une sp\u00e9cialit\u00e9. Il impressionne par sa consistance cr\u00e9meuse et son go\u00fbt d\u00e9licieux et intens\u00e9ment \u00e9pic\u00e9. Notre MGO 525+ est id\u00e9al lorsqu&#039;une teneur en principe actif plus \u00e9lev\u00e9e est souhait\u00e9e.<\/p>","protected":false},"featured_media":4756,"template":"","meta":[],"product_brand":[],"product_cat":[49],"product_tag":[],"class_list":{"0":"post-2282","1":"product","2":"type-product","3":"status-publish","4":"has-post-thumbnail","6":"product_cat-honig","8":"first","9":"instock","10":"taxable","11":"shipping-taxable","12":"purchasable","13":"product-type-simple"},"yoast_head":"<!-- This site is optimized with the Yoast SEO plugin v27.4 - https:\/\/yoast.com\/product\/yoast-seo-wordpress\/ -->\n<title>Bestseller - Manuka-Honig 525+ - Waikura Manuka<\/title>\n<meta name=\"description\" content=\"Manuka-Honig 525+. Entdecken Sie unseren Bestseller: Cremig-s\u00e4mige Konsistenz und intensiver Geschmack. Ideal f\u00fcr Liebhaber h\u00f6herer Wirkstoffgehalte.\" \/>\n<meta name=\"robots\" content=\"index, follow, max-snippet:-1, max-image-preview:large, max-video-preview:-1\" \/>\n<link rel=\"canonical\" href=\"https:\/\/www.waikura-manuka.com\/fr\/p\/notre-miel-de-manuka-le-plus-vendu\/\" \/>\n<meta property=\"og:locale\" content=\"fr_FR\" \/>\n<meta property=\"og:type\" content=\"article\" \/>\n<meta property=\"og:title\" content=\"Bestseller - Manuka-Honig 525+ - Waikura Manuka\" \/>\n<meta property=\"og:description\" content=\"Manuka-Honig 525+. Entdecken Sie unseren Bestseller: Cremig-s\u00e4mige Konsistenz und intensiver Geschmack. Ideal f\u00fcr Liebhaber h\u00f6herer Wirkstoffgehalte.\" \/>\n<meta property=\"og:url\" content=\"https:\/\/www.waikura-manuka.com\/fr\/p\/notre-miel-de-manuka-le-plus-vendu\/\" \/>\n<meta property=\"og:site_name\" content=\"Waikura Manuka\" \/>\n<meta property=\"article:modified_time\" content=\"2025-03-25T13:47:07+00:00\" \/>\n<meta property=\"og:image\" content=\"https:\/\/www.waikura-manuka.com\/wp-content\/uploads\/2024\/07\/bestseller-waikura-manuka-honig.jpg\" \/>\n\t<meta property=\"og:image:width\" content=\"1920\" \/>\n\t<meta property=\"og:image:height\" content=\"1920\" \/>\n\t<meta property=\"og:image:type\" content=\"image\/jpeg\" \/>\n<meta name=\"twitter:card\" content=\"summary_large_image\" \/>\n<meta name=\"twitter:label1\" content=\"Dur\u00e9e de lecture estim\u00e9e\" \/>\n\t<meta name=\"twitter:data1\" content=\"2 minutes\" \/>\n<script type=\"application\/ld+json\" class=\"yoast-schema-graph\">{\"@context\":\"https:\\\/\\\/schema.org\",\"@graph\":[{\"@type\":\"WebPage\",\"@id\":\"https:\\\/\\\/www.waikura-manuka.com\\\/p\\\/unser-bestseller-manuka-honig\\\/\",\"url\":\"https:\\\/\\\/www.waikura-manuka.com\\\/p\\\/unser-bestseller-manuka-honig\\\/\",\"name\":\"Bestseller - Manuka-Honig 525+ - Waikura Manuka\",\"isPartOf\":{\"@id\":\"https:\\\/\\\/www.waikura-manuka.com\\\/#website\"},\"primaryImageOfPage\":{\"@id\":\"https:\\\/\\\/www.waikura-manuka.com\\\/p\\\/unser-bestseller-manuka-honig\\\/#primaryimage\"},\"image\":{\"@id\":\"https:\\\/\\\/www.waikura-manuka.com\\\/p\\\/unser-bestseller-manuka-honig\\\/#primaryimage\"},\"thumbnailUrl\":\"https:\\\/\\\/www.waikura-manuka.com\\\/wp-content\\\/uploads\\\/2024\\\/07\\\/bestseller-waikura-manuka-honig.jpg\",\"datePublished\":\"2022-08-16T08:44:55+00:00\",\"dateModified\":\"2025-03-25T13:47:07+00:00\",\"description\":\"Manuka-Honig 525+. Entdecken Sie unseren Bestseller: Cremig-s\u00e4mige Konsistenz und intensiver Geschmack. Ideal f\u00fcr Liebhaber h\u00f6herer Wirkstoffgehalte.\",\"breadcrumb\":{\"@id\":\"https:\\\/\\\/www.waikura-manuka.com\\\/p\\\/unser-bestseller-manuka-honig\\\/#breadcrumb\"},\"inLanguage\":\"fr-FR\",\"potentialAction\":[{\"@type\":\"ReadAction\",\"target\":[\"https:\\\/\\\/www.waikura-manuka.com\\\/p\\\/unser-bestseller-manuka-honig\\\/\"]}]},{\"@type\":\"ImageObject\",\"inLanguage\":\"fr-FR\",\"@id\":\"https:\\\/\\\/www.waikura-manuka.com\\\/p\\\/unser-bestseller-manuka-honig\\\/#primaryimage\",\"url\":\"https:\\\/\\\/www.waikura-manuka.com\\\/wp-content\\\/uploads\\\/2024\\\/07\\\/bestseller-waikura-manuka-honig.jpg\",\"contentUrl\":\"https:\\\/\\\/www.waikura-manuka.com\\\/wp-content\\\/uploads\\\/2024\\\/07\\\/bestseller-waikura-manuka-honig.jpg\",\"width\":1920,\"height\":1920,\"caption\":\"Waikura Manuka Honig MGO 525+ 250g Bestseller\"},{\"@type\":\"BreadcrumbList\",\"@id\":\"https:\\\/\\\/www.waikura-manuka.com\\\/p\\\/unser-bestseller-manuka-honig\\\/#breadcrumb\",\"itemListElement\":[{\"@type\":\"ListItem\",\"position\":1,\"name\":\"Startseite\",\"item\":\"https:\\\/\\\/www.waikura-manuka.com\\\/\"},{\"@type\":\"ListItem\",\"position\":2,\"name\":\"Online Shop\",\"item\":\"https:\\\/\\\/www.waikura-manuka.com\\\/shop\\\/\"},{\"@type\":\"ListItem\",\"position\":3,\"name\":\"Bestseller &#8211; Manuka-Honig 525+\"}]},{\"@type\":\"WebSite\",\"@id\":\"https:\\\/\\\/www.waikura-manuka.com\\\/#website\",\"url\":\"https:\\\/\\\/www.waikura-manuka.com\\\/\",\"name\":\"Waikura Manuka\",\"description\":\"Manuka-Honig und Manuka-\u00d6l vom East Cape Neuseelands\",\"publisher\":{\"@id\":\"https:\\\/\\\/www.waikura-manuka.com\\\/#organization\"},\"potentialAction\":[{\"@type\":\"SearchAction\",\"target\":{\"@type\":\"EntryPoint\",\"urlTemplate\":\"https:\\\/\\\/www.waikura-manuka.com\\\/?s={search_term_string}\"},\"query-input\":{\"@type\":\"PropertyValueSpecification\",\"valueRequired\":true,\"valueName\":\"search_term_string\"}}],\"inLanguage\":\"fr-FR\"},{\"@type\":\"Organization\",\"@id\":\"https:\\\/\\\/www.waikura-manuka.com\\\/#organization\",\"name\":\"Waikura Manuka\",\"url\":\"https:\\\/\\\/www.waikura-manuka.com\\\/\",\"logo\":{\"@type\":\"ImageObject\",\"inLanguage\":\"fr-FR\",\"@id\":\"https:\\\/\\\/www.waikura-manuka.com\\\/#\\\/schema\\\/logo\\\/image\\\/\",\"url\":\"\",\"contentUrl\":\"\",\"caption\":\"Waikura Manuka\"},\"image\":{\"@id\":\"https:\\\/\\\/www.waikura-manuka.com\\\/#\\\/schema\\\/logo\\\/image\\\/\"}}]}<\/script>\n<!-- \/ Yoast SEO plugin. -->","yoast_head_json":{"title":"Meilleure vente - Manuka - Honey 525+ - Waikura Manuka","description":"Manuka-Honig 525+. D\u00e9couvrez notre best-seller : Creamy-Consistance cr\u00e9meuse et saveur intense. Id\u00e9al pour les amateurs d&#039;ingr\u00e9dients actifs sup\u00e9rieurs.","robots":{"index":"index","follow":"follow","max-snippet":"max-snippet:-1","max-image-preview":"max-image-preview:large","max-video-preview":"max-video-preview:-1"},"canonical":"https:\/\/www.waikura-manuka.com\/fr\/p\/notre-miel-de-manuka-le-plus-vendu\/","og_locale":"fr_FR","og_type":"article","og_title":"Bestseller - Manuka-Honig 525+ - Waikura Manuka","og_description":"Manuka-Honig 525+. Entdecken Sie unseren Bestseller: Cremig-s\u00e4mige Konsistenz und intensiver Geschmack. Ideal f\u00fcr Liebhaber h\u00f6herer Wirkstoffgehalte.","og_url":"https:\/\/www.waikura-manuka.com\/fr\/p\/notre-miel-de-manuka-le-plus-vendu\/","og_site_name":"Waikura Manuka","article_modified_time":"2025-03-25T13:47:07+00:00","og_image":[{"width":1920,"height":1920,"url":"https:\/\/www.waikura-manuka.com\/wp-content\/uploads\/2024\/07\/bestseller-waikura-manuka-honig.jpg","type":"image\/jpeg"}],"twitter_card":"summary_large_image","twitter_misc":{"Dur\u00e9e de lecture estim\u00e9e":"2 minutes"},"schema":{"@context":"https:\/\/schema.org","@graph":[{"@type":"WebPage","@id":"https:\/\/www.waikura-manuka.com\/p\/unser-bestseller-manuka-honig\/","url":"https:\/\/www.waikura-manuka.com\/p\/unser-bestseller-manuka-honig\/","name":"Meilleure vente - Manuka - Honey 525+ - Waikura Manuka","isPartOf":{"@id":"https:\/\/www.waikura-manuka.com\/#website"},"primaryImageOfPage":{"@id":"https:\/\/www.waikura-manuka.com\/p\/unser-bestseller-manuka-honig\/#primaryimage"},"image":{"@id":"https:\/\/www.waikura-manuka.com\/p\/unser-bestseller-manuka-honig\/#primaryimage"},"thumbnailUrl":"https:\/\/www.waikura-manuka.com\/wp-content\/uploads\/2024\/07\/bestseller-waikura-manuka-honig.jpg","datePublished":"2022-08-16T08:44:55+00:00","dateModified":"2025-03-25T13:47:07+00:00","description":"Manuka-Honig 525+. D\u00e9couvrez notre best-seller : Creamy-Consistance cr\u00e9meuse et saveur intense. Id\u00e9al pour les amateurs d&#039;ingr\u00e9dients actifs sup\u00e9rieurs.","breadcrumb":{"@id":"https:\/\/www.waikura-manuka.com\/p\/unser-bestseller-manuka-honig\/#breadcrumb"},"inLanguage":"fr-FR","potentialAction":[{"@type":"ReadAction","target":["https:\/\/www.waikura-manuka.com\/p\/unser-bestseller-manuka-honig\/"]}]},{"@type":"ImageObject","inLanguage":"fr-FR","@id":"https:\/\/www.waikura-manuka.com\/p\/unser-bestseller-manuka-honig\/#primaryimage","url":"https:\/\/www.waikura-manuka.com\/wp-content\/uploads\/2024\/07\/bestseller-waikura-manuka-honig.jpg","contentUrl":"https:\/\/www.waikura-manuka.com\/wp-content\/uploads\/2024\/07\/bestseller-waikura-manuka-honig.jpg","width":1920,"height":1920,"caption":"Waikura Manuka Honig MGO 525+ 250g Bestseller"},{"@type":"BreadcrumbList","@id":"https:\/\/www.waikura-manuka.com\/p\/unser-bestseller-manuka-honig\/#breadcrumb","itemListElement":[{"@type":"ListItem","position":1,"name":"Startseite","item":"https:\/\/www.waikura-manuka.com\/"},{"@type":"ListItem","position":2,"name":"Online Shop","item":"https:\/\/www.waikura-manuka.com\/shop\/"},{"@type":"ListItem","position":3,"name":"Bestseller &#8211; Manuka-Honig 525+"}]},{"@type":"WebSite","@id":"https:\/\/www.waikura-manuka.com\/#website","url":"https:\/\/www.waikura-manuka.com\/","name":"Waikura Manuka","description":"Miel de Manuka-H et huile de Manuka- du Cap Est de Nouvelle-Z\u00e9lande","publisher":{"@id":"https:\/\/www.waikura-manuka.com\/#organization"},"potentialAction":[{"@type":"SearchAction","target":{"@type":"EntryPoint","urlTemplate":"https:\/\/www.waikura-manuka.com\/?s={search_term_string}"},"query-input":{"@type":"PropertyValueSpecification","valueRequired":true,"valueName":"search_term_string"}}],"inLanguage":"fr-FR"},{"@type":"Organization","@id":"https:\/\/www.waikura-manuka.com\/#organization","name":"Waikura Manuka","url":"https:\/\/www.waikura-manuka.com\/","logo":{"@type":"ImageObject","inLanguage":"fr-FR","@id":"https:\/\/www.waikura-manuka.com\/#\/schema\/logo\/image\/","url":"","contentUrl":"","caption":"Waikura Manuka"},"image":{"@id":"https:\/\/www.waikura-manuka.com\/#\/schema\/logo\/image\/"}}]}},"_links":{"self":[{"href":"https:\/\/www.waikura-manuka.com\/fr\/wp-json\/wp\/v2\/product\/2282","targetHints":{"allow":["GET"]}}],"collection":[{"href":"https:\/\/www.waikura-manuka.com\/fr\/wp-json\/wp\/v2\/product"}],"about":[{"href":"https:\/\/www.waikura-manuka.com\/fr\/wp-json\/wp\/v2\/types\/product"}],"version-history":[{"count":0,"href":"https:\/\/www.waikura-manuka.com\/fr\/wp-json\/wp\/v2\/product\/2282\/revisions"}],"wp:featuredmedia":[{"embeddable":true,"href":"https:\/\/www.waikura-manuka.com\/fr\/wp-json\/wp\/v2\/media\/4756"}],"wp:attachment":[{"href":"https:\/\/www.waikura-manuka.com\/fr\/wp-json\/wp\/v2\/media?parent=2282"}],"wp:term":[{"taxonomy":"product_brand","embeddable":true,"href":"https:\/\/www.waikura-manuka.com\/fr\/wp-json\/wp\/v2\/product_brand?post=2282"},{"taxonomy":"product_cat","embeddable":true,"href":"https:\/\/www.waikura-manuka.com\/fr\/wp-json\/wp\/v2\/product_cat?post=2282"},{"taxonomy":"product_tag","embeddable":true,"href":"https:\/\/www.waikura-manuka.com\/fr\/wp-json\/wp\/v2\/product_tag?post=2282"}],"curies":[{"name":"wp","href":"https:\/\/api.w.org\/{rel}","templated":true}]}}