{"id":2278,"date":"2022-08-16T09:30:30","date_gmt":"2022-08-16T07:30:30","guid":{"rendered":"https:\/\/www.waikura-manuka.com\/?post_type=product&#038;p=2278"},"modified":"2026-02-10T15:54:15","modified_gmt":"2026-02-10T14:54:15","slug":"ensemble-dechantillons-de-pastilles-au-miel-de-manuka","status":"publish","type":"product","link":"https:\/\/www.waikura-manuka.com\/fr\/p\/probierset-manuka-honig-pastillen\/","title":{"rendered":"Coffret d\u00e9couverte \u2013 Miel de Manuka &amp; pastilles"},"content":{"rendered":"","protected":false},"excerpt":{"rendered":"<p>Le miel de Manuka Waikura 140+ est notre miel de Manuka le plus faible. Il impressionne par sa consistance cr\u00e9meuse et son go\u00fbt d\u00e9licieusement \u00e9pic\u00e9. Id\u00e9al pour conna\u00eetre et se familiariser avec les utilisations du miel de Manuka.<\/p>\n<p>Miel de Manuka sous forme de pastilles au go\u00fbt de citron \u00e0 base d\u2019ingr\u00e9dients naturels. Le compagnon id\u00e9al pour d\u00e9guster le miel de Manuka en d\u00e9placement.<\/p>","protected":false},"featured_media":4783,"template":"","meta":[],"product_brand":[],"product_cat":[49,57],"product_tag":[],"class_list":{"0":"post-2278","1":"product","2":"type-product","3":"status-publish","4":"has-post-thumbnail","6":"product_cat-honig","7":"product_cat-pastillen","9":"first","10":"outofstock","11":"sale","12":"taxable","13":"shipping-taxable","14":"purchasable","15":"product-type-simple"},"yoast_head":"<!-- This site is optimized with the Yoast SEO plugin v27.4 - https:\/\/yoast.com\/product\/yoast-seo-wordpress\/ -->\n<title>Probierset - Manuka-Honig &amp; Pastillen - Waikura Manuka<\/title>\n<meta name=\"description\" content=\"Entdecken Sie unser Probierset mit Manuka-Honig 140+ und Zitronen-Pastillen. Perfekt zum Kennenlernen von Manuka-Honig.\" \/>\n<meta name=\"robots\" content=\"index, follow, max-snippet:-1, max-image-preview:large, max-video-preview:-1\" \/>\n<link rel=\"canonical\" href=\"https:\/\/www.waikura-manuka.com\/fr\/p\/ensemble-dechantillons-de-pastilles-au-miel-de-manuka\/\" \/>\n<meta property=\"og:locale\" content=\"fr_FR\" \/>\n<meta property=\"og:type\" content=\"article\" \/>\n<meta property=\"og:title\" content=\"Probierset - Manuka-Honig &amp; Pastillen - Waikura Manuka\" \/>\n<meta property=\"og:description\" content=\"Entdecken Sie unser Probierset mit Manuka-Honig 140+ und Zitronen-Pastillen. Perfekt zum Kennenlernen von Manuka-Honig.\" \/>\n<meta property=\"og:url\" content=\"https:\/\/www.waikura-manuka.com\/fr\/p\/ensemble-dechantillons-de-pastilles-au-miel-de-manuka\/\" \/>\n<meta property=\"og:site_name\" content=\"Waikura Manuka\" \/>\n<meta property=\"article:modified_time\" content=\"2026-02-10T14:54:15+00:00\" \/>\n<meta property=\"og:image\" content=\"https:\/\/www.waikura-manuka.com\/wp-content\/uploads\/2024\/07\/waikura-manuka-probierset-honig-pastillen.jpg\" \/>\n\t<meta property=\"og:image:width\" content=\"1920\" \/>\n\t<meta property=\"og:image:height\" content=\"1920\" \/>\n\t<meta property=\"og:image:type\" content=\"image\/jpeg\" \/>\n<meta name=\"twitter:card\" content=\"summary_large_image\" \/>\n<meta name=\"twitter:label1\" content=\"Dur\u00e9e de lecture estim\u00e9e\" \/>\n\t<meta name=\"twitter:data1\" content=\"1 minute\" \/>\n<script type=\"application\/ld+json\" class=\"yoast-schema-graph\">{\"@context\":\"https:\\\/\\\/schema.org\",\"@graph\":[{\"@type\":\"WebPage\",\"@id\":\"https:\\\/\\\/www.waikura-manuka.com\\\/p\\\/probierset-manuka-honig-pastillen\\\/\",\"url\":\"https:\\\/\\\/www.waikura-manuka.com\\\/p\\\/probierset-manuka-honig-pastillen\\\/\",\"name\":\"Probierset - Manuka-Honig & Pastillen - Waikura Manuka\",\"isPartOf\":{\"@id\":\"https:\\\/\\\/www.waikura-manuka.com\\\/#website\"},\"primaryImageOfPage\":{\"@id\":\"https:\\\/\\\/www.waikura-manuka.com\\\/p\\\/probierset-manuka-honig-pastillen\\\/#primaryimage\"},\"image\":{\"@id\":\"https:\\\/\\\/www.waikura-manuka.com\\\/p\\\/probierset-manuka-honig-pastillen\\\/#primaryimage\"},\"thumbnailUrl\":\"https:\\\/\\\/www.waikura-manuka.com\\\/wp-content\\\/uploads\\\/2024\\\/07\\\/waikura-manuka-probierset-honig-pastillen.jpg\",\"datePublished\":\"2022-08-16T07:30:30+00:00\",\"dateModified\":\"2026-02-10T14:54:15+00:00\",\"description\":\"Entdecken Sie unser Probierset mit Manuka-Honig 140+ und Zitronen-Pastillen. Perfekt zum Kennenlernen von Manuka-Honig.\",\"breadcrumb\":{\"@id\":\"https:\\\/\\\/www.waikura-manuka.com\\\/p\\\/probierset-manuka-honig-pastillen\\\/#breadcrumb\"},\"inLanguage\":\"fr-FR\",\"potentialAction\":[{\"@type\":\"ReadAction\",\"target\":[\"https:\\\/\\\/www.waikura-manuka.com\\\/p\\\/probierset-manuka-honig-pastillen\\\/\"]}]},{\"@type\":\"ImageObject\",\"inLanguage\":\"fr-FR\",\"@id\":\"https:\\\/\\\/www.waikura-manuka.com\\\/p\\\/probierset-manuka-honig-pastillen\\\/#primaryimage\",\"url\":\"https:\\\/\\\/www.waikura-manuka.com\\\/wp-content\\\/uploads\\\/2024\\\/07\\\/waikura-manuka-probierset-honig-pastillen.jpg\",\"contentUrl\":\"https:\\\/\\\/www.waikura-manuka.com\\\/wp-content\\\/uploads\\\/2024\\\/07\\\/waikura-manuka-probierset-honig-pastillen.jpg\",\"width\":1920,\"height\":1920,\"caption\":\"Waikura Manuka Pastillen und Manuka-Honig 140 mgo Probierset\"},{\"@type\":\"BreadcrumbList\",\"@id\":\"https:\\\/\\\/www.waikura-manuka.com\\\/p\\\/probierset-manuka-honig-pastillen\\\/#breadcrumb\",\"itemListElement\":[{\"@type\":\"ListItem\",\"position\":1,\"name\":\"Startseite\",\"item\":\"https:\\\/\\\/www.waikura-manuka.com\\\/\"},{\"@type\":\"ListItem\",\"position\":2,\"name\":\"Online Shop\",\"item\":\"https:\\\/\\\/www.waikura-manuka.com\\\/shop\\\/\"},{\"@type\":\"ListItem\",\"position\":3,\"name\":\"Probierset &#8211; Manuka-Honig &#038; Pastillen\"}]},{\"@type\":\"WebSite\",\"@id\":\"https:\\\/\\\/www.waikura-manuka.com\\\/#website\",\"url\":\"https:\\\/\\\/www.waikura-manuka.com\\\/\",\"name\":\"Waikura Manuka\",\"description\":\"Manuka-Honig und Manuka-\u00d6l vom East Cape Neuseelands\",\"publisher\":{\"@id\":\"https:\\\/\\\/www.waikura-manuka.com\\\/#organization\"},\"potentialAction\":[{\"@type\":\"SearchAction\",\"target\":{\"@type\":\"EntryPoint\",\"urlTemplate\":\"https:\\\/\\\/www.waikura-manuka.com\\\/?s={search_term_string}\"},\"query-input\":{\"@type\":\"PropertyValueSpecification\",\"valueRequired\":true,\"valueName\":\"search_term_string\"}}],\"inLanguage\":\"fr-FR\"},{\"@type\":\"Organization\",\"@id\":\"https:\\\/\\\/www.waikura-manuka.com\\\/#organization\",\"name\":\"Waikura Manuka\",\"url\":\"https:\\\/\\\/www.waikura-manuka.com\\\/\",\"logo\":{\"@type\":\"ImageObject\",\"inLanguage\":\"fr-FR\",\"@id\":\"https:\\\/\\\/www.waikura-manuka.com\\\/#\\\/schema\\\/logo\\\/image\\\/\",\"url\":\"\",\"contentUrl\":\"\",\"caption\":\"Waikura Manuka\"},\"image\":{\"@id\":\"https:\\\/\\\/www.waikura-manuka.com\\\/#\\\/schema\\\/logo\\\/image\\\/\"}}]}<\/script>\n<!-- \/ Yoast SEO plugin. -->","yoast_head_json":{"title":"Coffret d&#039;\u00e9chantillons - Manuka-HMiel &amp; pastilles - Waikura Manuka","description":"D\u00e9couvrez notre coffret d&#039;\u00e9chantillons avec du Miel de Manuka 140+ et des Pastilles au Citron. Id\u00e9al pour d\u00e9couvrir le miel de Manuka.","robots":{"index":"index","follow":"follow","max-snippet":"max-snippet:-1","max-image-preview":"max-image-preview:large","max-video-preview":"max-video-preview:-1"},"canonical":"https:\/\/www.waikura-manuka.com\/fr\/p\/ensemble-dechantillons-de-pastilles-au-miel-de-manuka\/","og_locale":"fr_FR","og_type":"article","og_title":"Probierset - Manuka-Honig & Pastillen - Waikura Manuka","og_description":"Entdecken Sie unser Probierset mit Manuka-Honig 140+ und Zitronen-Pastillen. Perfekt zum Kennenlernen von Manuka-Honig.","og_url":"https:\/\/www.waikura-manuka.com\/fr\/p\/ensemble-dechantillons-de-pastilles-au-miel-de-manuka\/","og_site_name":"Waikura Manuka","article_modified_time":"2026-02-10T14:54:15+00:00","og_image":[{"width":1920,"height":1920,"url":"https:\/\/www.waikura-manuka.com\/wp-content\/uploads\/2024\/07\/waikura-manuka-probierset-honig-pastillen.jpg","type":"image\/jpeg"}],"twitter_card":"summary_large_image","twitter_misc":{"Dur\u00e9e de lecture estim\u00e9e":"1 minute"},"schema":{"@context":"https:\/\/schema.org","@graph":[{"@type":"WebPage","@id":"https:\/\/www.waikura-manuka.com\/p\/probierset-manuka-honig-pastillen\/","url":"https:\/\/www.waikura-manuka.com\/p\/probierset-manuka-honig-pastillen\/","name":"Coffret d&#039;\u00e9chantillons - Manuka-HMiel &amp; pastilles - Waikura Manuka","isPartOf":{"@id":"https:\/\/www.waikura-manuka.com\/#website"},"primaryImageOfPage":{"@id":"https:\/\/www.waikura-manuka.com\/p\/probierset-manuka-honig-pastillen\/#primaryimage"},"image":{"@id":"https:\/\/www.waikura-manuka.com\/p\/probierset-manuka-honig-pastillen\/#primaryimage"},"thumbnailUrl":"https:\/\/www.waikura-manuka.com\/wp-content\/uploads\/2024\/07\/waikura-manuka-probierset-honig-pastillen.jpg","datePublished":"2022-08-16T07:30:30+00:00","dateModified":"2026-02-10T14:54:15+00:00","description":"D\u00e9couvrez notre coffret d&#039;\u00e9chantillons avec du Miel de Manuka 140+ et des Pastilles au Citron. Id\u00e9al pour d\u00e9couvrir le miel de Manuka.","breadcrumb":{"@id":"https:\/\/www.waikura-manuka.com\/p\/probierset-manuka-honig-pastillen\/#breadcrumb"},"inLanguage":"fr-FR","potentialAction":[{"@type":"ReadAction","target":["https:\/\/www.waikura-manuka.com\/p\/probierset-manuka-honig-pastillen\/"]}]},{"@type":"ImageObject","inLanguage":"fr-FR","@id":"https:\/\/www.waikura-manuka.com\/p\/probierset-manuka-honig-pastillen\/#primaryimage","url":"https:\/\/www.waikura-manuka.com\/wp-content\/uploads\/2024\/07\/waikura-manuka-probierset-honig-pastillen.jpg","contentUrl":"https:\/\/www.waikura-manuka.com\/wp-content\/uploads\/2024\/07\/waikura-manuka-probierset-honig-pastillen.jpg","width":1920,"height":1920,"caption":"Waikura Manuka Pastillen und Manuka-Honig 140 mgo Probierset"},{"@type":"BreadcrumbList","@id":"https:\/\/www.waikura-manuka.com\/p\/probierset-manuka-honig-pastillen\/#breadcrumb","itemListElement":[{"@type":"ListItem","position":1,"name":"Startseite","item":"https:\/\/www.waikura-manuka.com\/"},{"@type":"ListItem","position":2,"name":"Online Shop","item":"https:\/\/www.waikura-manuka.com\/shop\/"},{"@type":"ListItem","position":3,"name":"Probierset &#8211; Manuka-Honig &#038; Pastillen"}]},{"@type":"WebSite","@id":"https:\/\/www.waikura-manuka.com\/#website","url":"https:\/\/www.waikura-manuka.com\/","name":"Waikura Manuka","description":"Miel de Manuka-H et huile de Manuka- du Cap Est de Nouvelle-Z\u00e9lande","publisher":{"@id":"https:\/\/www.waikura-manuka.com\/#organization"},"potentialAction":[{"@type":"SearchAction","target":{"@type":"EntryPoint","urlTemplate":"https:\/\/www.waikura-manuka.com\/?s={search_term_string}"},"query-input":{"@type":"PropertyValueSpecification","valueRequired":true,"valueName":"search_term_string"}}],"inLanguage":"fr-FR"},{"@type":"Organization","@id":"https:\/\/www.waikura-manuka.com\/#organization","name":"Waikura Manuka","url":"https:\/\/www.waikura-manuka.com\/","logo":{"@type":"ImageObject","inLanguage":"fr-FR","@id":"https:\/\/www.waikura-manuka.com\/#\/schema\/logo\/image\/","url":"","contentUrl":"","caption":"Waikura Manuka"},"image":{"@id":"https:\/\/www.waikura-manuka.com\/#\/schema\/logo\/image\/"}}]}},"_links":{"self":[{"href":"https:\/\/www.waikura-manuka.com\/fr\/wp-json\/wp\/v2\/product\/2278","targetHints":{"allow":["GET"]}}],"collection":[{"href":"https:\/\/www.waikura-manuka.com\/fr\/wp-json\/wp\/v2\/product"}],"about":[{"href":"https:\/\/www.waikura-manuka.com\/fr\/wp-json\/wp\/v2\/types\/product"}],"version-history":[{"count":0,"href":"https:\/\/www.waikura-manuka.com\/fr\/wp-json\/wp\/v2\/product\/2278\/revisions"}],"wp:featuredmedia":[{"embeddable":true,"href":"https:\/\/www.waikura-manuka.com\/fr\/wp-json\/wp\/v2\/media\/4783"}],"wp:attachment":[{"href":"https:\/\/www.waikura-manuka.com\/fr\/wp-json\/wp\/v2\/media?parent=2278"}],"wp:term":[{"taxonomy":"product_brand","embeddable":true,"href":"https:\/\/www.waikura-manuka.com\/fr\/wp-json\/wp\/v2\/product_brand?post=2278"},{"taxonomy":"product_cat","embeddable":true,"href":"https:\/\/www.waikura-manuka.com\/fr\/wp-json\/wp\/v2\/product_cat?post=2278"},{"taxonomy":"product_tag","embeddable":true,"href":"https:\/\/www.waikura-manuka.com\/fr\/wp-json\/wp\/v2\/product_tag?post=2278"}],"curies":[{"name":"wp","href":"https:\/\/api.w.org\/{rel}","templated":true}]}}