{"id":1815,"date":"2022-04-04T09:01:37","date_gmt":"2022-04-04T08:01:37","guid":{"rendered":"https:\/\/nice.cloudconnection.ch\/manuka_webshop\/?post_type=product&#038;p=1815"},"modified":"2024-07-03T15:44:15","modified_gmt":"2024-07-03T13:44:15","slug":"melange-dhuiles-waikura-manuka-kanuka","status":"publish","type":"product","link":"https:\/\/www.waikura-manuka.com\/fr\/p\/waikura-manuka-kanuka-oel-mix\/","title":{"rendered":"Mix de l\u2019huile de Manuka et de l\u2019huile de Kanuka"},"content":{"rendered":"","protected":false},"excerpt":{"rendered":"<p>Notre Manuka-Kanuka-Oil-Mix est obtenu directement apr\u00e8s r\u00e9colte dans la vall\u00e9e de Waikura. L&#039;huile certifi\u00e9e biologique est naturellement mise en bouteille et scell\u00e9e sur place avant d&#039;\u00eatre mise en bouteille en flacons de 10 ml en Engadine. Pour usage externe direct pour les probl\u00e8mes de peau tenaces, comme additif de bain ou comme huile aroma-.<\/p>","protected":false},"featured_media":4732,"template":"","meta":[],"product_brand":[],"product_cat":[58,61],"product_tag":[],"class_list":{"0":"post-1815","1":"product","2":"type-product","3":"status-publish","4":"has-post-thumbnail","6":"product_cat-oel","7":"product_cat-skin-care","9":"first","10":"instock","11":"taxable","12":"shipping-taxable","13":"purchasable","14":"product-type-simple"},"yoast_head":"<!-- This site is optimized with the Yoast SEO plugin v27.4 - https:\/\/yoast.com\/product\/yoast-seo-wordpress\/ -->\n<title>Waikura Manuka-Kanuka-\u00d6l-Mix - Waikura Manuka<\/title>\n<meta name=\"description\" content=\"Entdecken Sie unser naturreines Waikura Manuka-Kanuka-\u00d6l-Mix. Ideal f\u00fcr \u00e4usserliche Anwendung bei Hautproblemen, als Badezusatz oder Aroma-\u00d6l.\" \/>\n<meta name=\"robots\" content=\"index, follow, max-snippet:-1, max-image-preview:large, max-video-preview:-1\" \/>\n<link rel=\"canonical\" href=\"https:\/\/www.waikura-manuka.com\/fr\/p\/melange-dhuiles-waikura-manuka-kanuka\/\" \/>\n<meta property=\"og:locale\" content=\"fr_FR\" \/>\n<meta property=\"og:type\" content=\"article\" \/>\n<meta property=\"og:title\" content=\"Waikura Manuka-Kanuka-\u00d6l-Mix - Waikura Manuka\" \/>\n<meta property=\"og:description\" content=\"Entdecken Sie unser naturreines Waikura Manuka-Kanuka-\u00d6l-Mix. Ideal f\u00fcr \u00e4usserliche Anwendung bei Hautproblemen, als Badezusatz oder Aroma-\u00d6l.\" \/>\n<meta property=\"og:url\" content=\"https:\/\/www.waikura-manuka.com\/fr\/p\/melange-dhuiles-waikura-manuka-kanuka\/\" \/>\n<meta property=\"og:site_name\" content=\"Waikura Manuka\" \/>\n<meta property=\"article:modified_time\" content=\"2024-07-03T13:44:15+00:00\" \/>\n<meta property=\"og:image\" content=\"https:\/\/www.waikura-manuka.com\/wp-content\/uploads\/2024\/07\/waikura-manuka-oel-mix-bio.jpg\" \/>\n\t<meta property=\"og:image:width\" content=\"1920\" \/>\n\t<meta property=\"og:image:height\" content=\"1920\" \/>\n\t<meta property=\"og:image:type\" content=\"image\/jpeg\" \/>\n<meta name=\"twitter:card\" content=\"summary_large_image\" \/>\n<meta name=\"twitter:label1\" content=\"Dur\u00e9e de lecture estim\u00e9e\" \/>\n\t<meta name=\"twitter:data1\" content=\"1 minute\" \/>\n<script type=\"application\/ld+json\" class=\"yoast-schema-graph\">{\"@context\":\"https:\\\/\\\/schema.org\",\"@graph\":[{\"@type\":\"WebPage\",\"@id\":\"https:\\\/\\\/www.waikura-manuka.com\\\/p\\\/waikura-manuka-kanuka-oel-mix\\\/\",\"url\":\"https:\\\/\\\/www.waikura-manuka.com\\\/p\\\/waikura-manuka-kanuka-oel-mix\\\/\",\"name\":\"Waikura Manuka-Kanuka-\u00d6l-Mix - Waikura Manuka\",\"isPartOf\":{\"@id\":\"https:\\\/\\\/www.waikura-manuka.com\\\/#website\"},\"primaryImageOfPage\":{\"@id\":\"https:\\\/\\\/www.waikura-manuka.com\\\/p\\\/waikura-manuka-kanuka-oel-mix\\\/#primaryimage\"},\"image\":{\"@id\":\"https:\\\/\\\/www.waikura-manuka.com\\\/p\\\/waikura-manuka-kanuka-oel-mix\\\/#primaryimage\"},\"thumbnailUrl\":\"https:\\\/\\\/www.waikura-manuka.com\\\/wp-content\\\/uploads\\\/2024\\\/07\\\/waikura-manuka-oel-mix-bio.jpg\",\"datePublished\":\"2022-04-04T08:01:37+00:00\",\"dateModified\":\"2024-07-03T13:44:15+00:00\",\"description\":\"Entdecken Sie unser naturreines Waikura Manuka-Kanuka-\u00d6l-Mix. Ideal f\u00fcr \u00e4usserliche Anwendung bei Hautproblemen, als Badezusatz oder Aroma-\u00d6l.\",\"breadcrumb\":{\"@id\":\"https:\\\/\\\/www.waikura-manuka.com\\\/p\\\/waikura-manuka-kanuka-oel-mix\\\/#breadcrumb\"},\"inLanguage\":\"fr-FR\",\"potentialAction\":[{\"@type\":\"ReadAction\",\"target\":[\"https:\\\/\\\/www.waikura-manuka.com\\\/p\\\/waikura-manuka-kanuka-oel-mix\\\/\"]}]},{\"@type\":\"ImageObject\",\"inLanguage\":\"fr-FR\",\"@id\":\"https:\\\/\\\/www.waikura-manuka.com\\\/p\\\/waikura-manuka-kanuka-oel-mix\\\/#primaryimage\",\"url\":\"https:\\\/\\\/www.waikura-manuka.com\\\/wp-content\\\/uploads\\\/2024\\\/07\\\/waikura-manuka-oel-mix-bio.jpg\",\"contentUrl\":\"https:\\\/\\\/www.waikura-manuka.com\\\/wp-content\\\/uploads\\\/2024\\\/07\\\/waikura-manuka-oel-mix-bio.jpg\",\"width\":1920,\"height\":1920,\"caption\":\"Waikura Manuka \u00d6l mix biologisch\"},{\"@type\":\"BreadcrumbList\",\"@id\":\"https:\\\/\\\/www.waikura-manuka.com\\\/p\\\/waikura-manuka-kanuka-oel-mix\\\/#breadcrumb\",\"itemListElement\":[{\"@type\":\"ListItem\",\"position\":1,\"name\":\"Startseite\",\"item\":\"https:\\\/\\\/www.waikura-manuka.com\\\/\"},{\"@type\":\"ListItem\",\"position\":2,\"name\":\"Online Shop\",\"item\":\"https:\\\/\\\/www.waikura-manuka.com\\\/shop\\\/\"},{\"@type\":\"ListItem\",\"position\":3,\"name\":\"Waikura Manuka-Kanuka-\u00d6l-Mix\"}]},{\"@type\":\"WebSite\",\"@id\":\"https:\\\/\\\/www.waikura-manuka.com\\\/#website\",\"url\":\"https:\\\/\\\/www.waikura-manuka.com\\\/\",\"name\":\"Waikura Manuka\",\"description\":\"Manuka-Honig und Manuka-\u00d6l vom East Cape Neuseelands\",\"publisher\":{\"@id\":\"https:\\\/\\\/www.waikura-manuka.com\\\/#organization\"},\"potentialAction\":[{\"@type\":\"SearchAction\",\"target\":{\"@type\":\"EntryPoint\",\"urlTemplate\":\"https:\\\/\\\/www.waikura-manuka.com\\\/?s={search_term_string}\"},\"query-input\":{\"@type\":\"PropertyValueSpecification\",\"valueRequired\":true,\"valueName\":\"search_term_string\"}}],\"inLanguage\":\"fr-FR\"},{\"@type\":\"Organization\",\"@id\":\"https:\\\/\\\/www.waikura-manuka.com\\\/#organization\",\"name\":\"Waikura Manuka\",\"url\":\"https:\\\/\\\/www.waikura-manuka.com\\\/\",\"logo\":{\"@type\":\"ImageObject\",\"inLanguage\":\"fr-FR\",\"@id\":\"https:\\\/\\\/www.waikura-manuka.com\\\/#\\\/schema\\\/logo\\\/image\\\/\",\"url\":\"\",\"contentUrl\":\"\",\"caption\":\"Waikura Manuka\"},\"image\":{\"@id\":\"https:\\\/\\\/www.waikura-manuka.com\\\/#\\\/schema\\\/logo\\\/image\\\/\"}}]}<\/script>\n<!-- \/ Yoast SEO plugin. -->","yoast_head_json":{"title":"Waikura Manuka-Kanuka-Oil-Mix - Waikura Manuka","description":"D\u00e9couvrez notre Waikura Manuka-Kanuka-Oil-Mix enti\u00e8rement naturel. Id\u00e9al en usage externe pour les probl\u00e8mes de peau, comme additif de bain ou huile aromatique.","robots":{"index":"index","follow":"follow","max-snippet":"max-snippet:-1","max-image-preview":"max-image-preview:large","max-video-preview":"max-video-preview:-1"},"canonical":"https:\/\/www.waikura-manuka.com\/fr\/p\/melange-dhuiles-waikura-manuka-kanuka\/","og_locale":"fr_FR","og_type":"article","og_title":"Waikura Manuka-Kanuka-\u00d6l-Mix - Waikura Manuka","og_description":"Entdecken Sie unser naturreines Waikura Manuka-Kanuka-\u00d6l-Mix. Ideal f\u00fcr \u00e4usserliche Anwendung bei Hautproblemen, als Badezusatz oder Aroma-\u00d6l.","og_url":"https:\/\/www.waikura-manuka.com\/fr\/p\/melange-dhuiles-waikura-manuka-kanuka\/","og_site_name":"Waikura Manuka","article_modified_time":"2024-07-03T13:44:15+00:00","og_image":[{"width":1920,"height":1920,"url":"https:\/\/www.waikura-manuka.com\/wp-content\/uploads\/2024\/07\/waikura-manuka-oel-mix-bio.jpg","type":"image\/jpeg"}],"twitter_card":"summary_large_image","twitter_misc":{"Dur\u00e9e de lecture estim\u00e9e":"1 minute"},"schema":{"@context":"https:\/\/schema.org","@graph":[{"@type":"WebPage","@id":"https:\/\/www.waikura-manuka.com\/p\/waikura-manuka-kanuka-oel-mix\/","url":"https:\/\/www.waikura-manuka.com\/p\/waikura-manuka-kanuka-oel-mix\/","name":"Waikura Manuka-Kanuka-Oil-Mix - Waikura Manuka","isPartOf":{"@id":"https:\/\/www.waikura-manuka.com\/#website"},"primaryImageOfPage":{"@id":"https:\/\/www.waikura-manuka.com\/p\/waikura-manuka-kanuka-oel-mix\/#primaryimage"},"image":{"@id":"https:\/\/www.waikura-manuka.com\/p\/waikura-manuka-kanuka-oel-mix\/#primaryimage"},"thumbnailUrl":"https:\/\/www.waikura-manuka.com\/wp-content\/uploads\/2024\/07\/waikura-manuka-oel-mix-bio.jpg","datePublished":"2022-04-04T08:01:37+00:00","dateModified":"2024-07-03T13:44:15+00:00","description":"D\u00e9couvrez notre Waikura Manuka-Kanuka-Oil-Mix enti\u00e8rement naturel. Id\u00e9al en usage externe pour les probl\u00e8mes de peau, comme additif de bain ou huile aromatique.","breadcrumb":{"@id":"https:\/\/www.waikura-manuka.com\/p\/waikura-manuka-kanuka-oel-mix\/#breadcrumb"},"inLanguage":"fr-FR","potentialAction":[{"@type":"ReadAction","target":["https:\/\/www.waikura-manuka.com\/p\/waikura-manuka-kanuka-oel-mix\/"]}]},{"@type":"ImageObject","inLanguage":"fr-FR","@id":"https:\/\/www.waikura-manuka.com\/p\/waikura-manuka-kanuka-oel-mix\/#primaryimage","url":"https:\/\/www.waikura-manuka.com\/wp-content\/uploads\/2024\/07\/waikura-manuka-oel-mix-bio.jpg","contentUrl":"https:\/\/www.waikura-manuka.com\/wp-content\/uploads\/2024\/07\/waikura-manuka-oel-mix-bio.jpg","width":1920,"height":1920,"caption":"Waikura Manuka \u00d6l mix biologisch"},{"@type":"BreadcrumbList","@id":"https:\/\/www.waikura-manuka.com\/p\/waikura-manuka-kanuka-oel-mix\/#breadcrumb","itemListElement":[{"@type":"ListItem","position":1,"name":"Startseite","item":"https:\/\/www.waikura-manuka.com\/"},{"@type":"ListItem","position":2,"name":"Online Shop","item":"https:\/\/www.waikura-manuka.com\/shop\/"},{"@type":"ListItem","position":3,"name":"Waikura Manuka-Kanuka-\u00d6l-Mix"}]},{"@type":"WebSite","@id":"https:\/\/www.waikura-manuka.com\/#website","url":"https:\/\/www.waikura-manuka.com\/","name":"Waikura Manuka","description":"Miel de Manuka-H et huile de Manuka- du Cap Est de Nouvelle-Z\u00e9lande","publisher":{"@id":"https:\/\/www.waikura-manuka.com\/#organization"},"potentialAction":[{"@type":"SearchAction","target":{"@type":"EntryPoint","urlTemplate":"https:\/\/www.waikura-manuka.com\/?s={search_term_string}"},"query-input":{"@type":"PropertyValueSpecification","valueRequired":true,"valueName":"search_term_string"}}],"inLanguage":"fr-FR"},{"@type":"Organization","@id":"https:\/\/www.waikura-manuka.com\/#organization","name":"Waikura Manuka","url":"https:\/\/www.waikura-manuka.com\/","logo":{"@type":"ImageObject","inLanguage":"fr-FR","@id":"https:\/\/www.waikura-manuka.com\/#\/schema\/logo\/image\/","url":"","contentUrl":"","caption":"Waikura Manuka"},"image":{"@id":"https:\/\/www.waikura-manuka.com\/#\/schema\/logo\/image\/"}}]}},"_links":{"self":[{"href":"https:\/\/www.waikura-manuka.com\/fr\/wp-json\/wp\/v2\/product\/1815","targetHints":{"allow":["GET"]}}],"collection":[{"href":"https:\/\/www.waikura-manuka.com\/fr\/wp-json\/wp\/v2\/product"}],"about":[{"href":"https:\/\/www.waikura-manuka.com\/fr\/wp-json\/wp\/v2\/types\/product"}],"version-history":[{"count":0,"href":"https:\/\/www.waikura-manuka.com\/fr\/wp-json\/wp\/v2\/product\/1815\/revisions"}],"wp:featuredmedia":[{"embeddable":true,"href":"https:\/\/www.waikura-manuka.com\/fr\/wp-json\/wp\/v2\/media\/4732"}],"wp:attachment":[{"href":"https:\/\/www.waikura-manuka.com\/fr\/wp-json\/wp\/v2\/media?parent=1815"}],"wp:term":[{"taxonomy":"product_brand","embeddable":true,"href":"https:\/\/www.waikura-manuka.com\/fr\/wp-json\/wp\/v2\/product_brand?post=1815"},{"taxonomy":"product_cat","embeddable":true,"href":"https:\/\/www.waikura-manuka.com\/fr\/wp-json\/wp\/v2\/product_cat?post=1815"},{"taxonomy":"product_tag","embeddable":true,"href":"https:\/\/www.waikura-manuka.com\/fr\/wp-json\/wp\/v2\/product_tag?post=1815"}],"curies":[{"name":"wp","href":"https:\/\/api.w.org\/{rel}","templated":true}]}}