{"id":1813,"date":"2022-04-04T08:46:19","date_gmt":"2022-04-04T07:46:19","guid":{"rendered":"https:\/\/nice.cloudconnection.ch\/manuka_webshop\/?post_type=product&#038;p=1813"},"modified":"2026-04-27T14:26:49","modified_gmt":"2026-04-27T12:26:49","slug":"pastilles-de-manuka-waikura-265","status":"publish","type":"product","link":"https:\/\/www.waikura-manuka.com\/fr\/p\/waikura-manuka-pastillen-265\/","title":{"rendered":"Pastilles Waikura Manuka 1TP 10TP 265+"},"content":{"rendered":"<p>Les pastilles au miel de Manuka et au citron de Waikura offrent non seulement une d\u00e9licieuse fa\u00e7on de profiter du go\u00fbt unique et des propri\u00e9t\u00e9s b\u00e9n\u00e9fiques du miel de Manuka, mais peuvent \u00e9galement \u00eatre une aide utile dans la lutte contre les maux de gorge. Le miel de Manuka est connu pour ses remarquables propri\u00e9t\u00e9s antibact\u00e9riennes et anti-inflammatoires naturelles, ce qui en fait un choix particuli\u00e8rement pr\u00e9cieux pour les maux de gorge.<\/p>\n<p>Les pastilles \u2013 sont id\u00e9ales pour les d\u00e9placements, que ce soit au bureau, en voyage ou juste entre les deux. Le go\u00fbt rafra\u00eechissant du citron compl\u00e8te parfaitement la douceur naturelle du miel et assure une sensation en bouche agr\u00e9able. L&#039;association du miel de Manuka-H et du citron peut aider \u00e0 apaiser la gorge et \u00e0 prot\u00e9ger la voix, notamment pendant la saison froide o\u00f9 les rhumes sont plus fr\u00e9quents.<\/p>\n<p>Un autre avantage de ces pastilles Manuka-HHoney- est leur application pratique et facile. Au lieu de verser du miel dans le pot, vous pouvez prendre les pastilles discr\u00e8tement chaque fois que vous ressentez le besoin d&#039;un soutien apaisant. Les ingr\u00e9dients naturels font de ces pastilles un choix soucieux de leur sant\u00e9, sans additifs artificiels.<\/p>\n<p>Offrez-vous la protection apaisante qu&#039;offre Manuka-HHoney et profitez d&#039;un soulagement doux des maux de gorge avec Waikura Manuka-HHoney-Plozenes.<\/p>","protected":false},"excerpt":{"rendered":"<p>Miel de Manuka sous forme de pastilles au go\u00fbt de citron \u00e0 base d\u2019ingr\u00e9dients naturels. Le compagnon id\u00e9al pour d\u00e9guster le miel de Manuka en d\u00e9placement.<\/p>","protected":false},"featured_media":4785,"template":"","meta":[],"product_brand":[],"product_cat":[49,57],"product_tag":[],"class_list":{"0":"post-1813","1":"product","2":"type-product","3":"status-publish","4":"has-post-thumbnail","6":"product_cat-honig","7":"product_cat-pastillen","9":"first","10":"instock","11":"taxable","12":"shipping-taxable","13":"purchasable","14":"product-type-simple"},"yoast_head":"<!-- This site is optimized with the Yoast SEO plugin v27.4 - https:\/\/yoast.com\/product\/yoast-seo-wordpress\/ -->\n<title>Waikura Manuka-Pastillen 265+ - Waikura Manuka<\/title>\n<meta name=\"description\" content=\"Geniessen Sie unterwegs Waikura Manuka-Pastillen 265+ mit nat\u00fcrlichen Zutaten und Zitronengeschmack. Ideal als praktischer Begleiter f\u00fcr Manuka-Honig.\" \/>\n<meta name=\"robots\" content=\"index, follow, max-snippet:-1, max-image-preview:large, max-video-preview:-1\" \/>\n<link rel=\"canonical\" href=\"https:\/\/www.waikura-manuka.com\/fr\/p\/pastilles-de-manuka-waikura-265\/\" \/>\n<meta property=\"og:locale\" content=\"fr_FR\" \/>\n<meta property=\"og:type\" content=\"article\" \/>\n<meta property=\"og:title\" content=\"Waikura Manuka-Pastillen 265+ - Waikura Manuka\" \/>\n<meta property=\"og:description\" content=\"Geniessen Sie unterwegs Waikura Manuka-Pastillen 265+ mit nat\u00fcrlichen Zutaten und Zitronengeschmack. Ideal als praktischer Begleiter f\u00fcr Manuka-Honig.\" \/>\n<meta property=\"og:url\" content=\"https:\/\/www.waikura-manuka.com\/fr\/p\/pastilles-de-manuka-waikura-265\/\" \/>\n<meta property=\"og:site_name\" content=\"Waikura Manuka\" \/>\n<meta property=\"article:modified_time\" content=\"2026-04-27T12:26:49+00:00\" \/>\n<meta property=\"og:image\" content=\"https:\/\/www.waikura-manuka.com\/wp-content\/uploads\/2024\/07\/waikura-manuka_pastillen.jpg\" \/>\n\t<meta property=\"og:image:width\" content=\"1920\" \/>\n\t<meta property=\"og:image:height\" content=\"1920\" \/>\n\t<meta property=\"og:image:type\" content=\"image\/jpeg\" \/>\n<meta name=\"twitter:card\" content=\"summary_large_image\" \/>\n<meta name=\"twitter:label1\" content=\"Dur\u00e9e de lecture estim\u00e9e\" \/>\n\t<meta name=\"twitter:data1\" content=\"2 minutes\" \/>\n<script type=\"application\/ld+json\" class=\"yoast-schema-graph\">{\"@context\":\"https:\\\/\\\/schema.org\",\"@graph\":[{\"@type\":\"WebPage\",\"@id\":\"https:\\\/\\\/www.waikura-manuka.com\\\/p\\\/waikura-manuka-pastillen-265\\\/\",\"url\":\"https:\\\/\\\/www.waikura-manuka.com\\\/p\\\/waikura-manuka-pastillen-265\\\/\",\"name\":\"Waikura Manuka-Pastillen 265+ - Waikura Manuka\",\"isPartOf\":{\"@id\":\"https:\\\/\\\/www.waikura-manuka.com\\\/#website\"},\"primaryImageOfPage\":{\"@id\":\"https:\\\/\\\/www.waikura-manuka.com\\\/p\\\/waikura-manuka-pastillen-265\\\/#primaryimage\"},\"image\":{\"@id\":\"https:\\\/\\\/www.waikura-manuka.com\\\/p\\\/waikura-manuka-pastillen-265\\\/#primaryimage\"},\"thumbnailUrl\":\"https:\\\/\\\/www.waikura-manuka.com\\\/wp-content\\\/uploads\\\/2024\\\/07\\\/waikura-manuka_pastillen.jpg\",\"datePublished\":\"2022-04-04T07:46:19+00:00\",\"dateModified\":\"2026-04-27T12:26:49+00:00\",\"description\":\"Geniessen Sie unterwegs Waikura Manuka-Pastillen 265+ mit nat\u00fcrlichen Zutaten und Zitronengeschmack. Ideal als praktischer Begleiter f\u00fcr Manuka-Honig.\",\"breadcrumb\":{\"@id\":\"https:\\\/\\\/www.waikura-manuka.com\\\/p\\\/waikura-manuka-pastillen-265\\\/#breadcrumb\"},\"inLanguage\":\"fr-FR\",\"potentialAction\":[{\"@type\":\"ReadAction\",\"target\":[\"https:\\\/\\\/www.waikura-manuka.com\\\/p\\\/waikura-manuka-pastillen-265\\\/\"]}]},{\"@type\":\"ImageObject\",\"inLanguage\":\"fr-FR\",\"@id\":\"https:\\\/\\\/www.waikura-manuka.com\\\/p\\\/waikura-manuka-pastillen-265\\\/#primaryimage\",\"url\":\"https:\\\/\\\/www.waikura-manuka.com\\\/wp-content\\\/uploads\\\/2024\\\/07\\\/waikura-manuka_pastillen.jpg\",\"contentUrl\":\"https:\\\/\\\/www.waikura-manuka.com\\\/wp-content\\\/uploads\\\/2024\\\/07\\\/waikura-manuka_pastillen.jpg\",\"width\":1920,\"height\":1920,\"caption\":\"Waikura Manuka Pastillen Hauptbild\"},{\"@type\":\"BreadcrumbList\",\"@id\":\"https:\\\/\\\/www.waikura-manuka.com\\\/p\\\/waikura-manuka-pastillen-265\\\/#breadcrumb\",\"itemListElement\":[{\"@type\":\"ListItem\",\"position\":1,\"name\":\"Startseite\",\"item\":\"https:\\\/\\\/www.waikura-manuka.com\\\/\"},{\"@type\":\"ListItem\",\"position\":2,\"name\":\"Online Shop\",\"item\":\"https:\\\/\\\/www.waikura-manuka.com\\\/shop\\\/\"},{\"@type\":\"ListItem\",\"position\":3,\"name\":\"Waikura Manuka-Pastillen 265+\"}]},{\"@type\":\"WebSite\",\"@id\":\"https:\\\/\\\/www.waikura-manuka.com\\\/#website\",\"url\":\"https:\\\/\\\/www.waikura-manuka.com\\\/\",\"name\":\"Waikura Manuka\",\"description\":\"Manuka-Honig und Manuka-\u00d6l vom East Cape Neuseelands\",\"publisher\":{\"@id\":\"https:\\\/\\\/www.waikura-manuka.com\\\/#organization\"},\"potentialAction\":[{\"@type\":\"SearchAction\",\"target\":{\"@type\":\"EntryPoint\",\"urlTemplate\":\"https:\\\/\\\/www.waikura-manuka.com\\\/?s={search_term_string}\"},\"query-input\":{\"@type\":\"PropertyValueSpecification\",\"valueRequired\":true,\"valueName\":\"search_term_string\"}}],\"inLanguage\":\"fr-FR\"},{\"@type\":\"Organization\",\"@id\":\"https:\\\/\\\/www.waikura-manuka.com\\\/#organization\",\"name\":\"Waikura Manuka\",\"url\":\"https:\\\/\\\/www.waikura-manuka.com\\\/\",\"logo\":{\"@type\":\"ImageObject\",\"inLanguage\":\"fr-FR\",\"@id\":\"https:\\\/\\\/www.waikura-manuka.com\\\/#\\\/schema\\\/logo\\\/image\\\/\",\"url\":\"\",\"contentUrl\":\"\",\"caption\":\"Waikura Manuka\"},\"image\":{\"@id\":\"https:\\\/\\\/www.waikura-manuka.com\\\/#\\\/schema\\\/logo\\\/image\\\/\"}}]}<\/script>\n<!-- \/ Yoast SEO plugin. -->","yoast_head_json":{"title":"Pastilles Waikura Manuka - 265+ - Waikura Manuka","description":"Savourez Waikura Manuka-Palks 265+ avec des ingr\u00e9dients naturels et une saveur de citron \u00e0 emporter. Id\u00e9al comme compagnon pratique du miel de Manuka.","robots":{"index":"index","follow":"follow","max-snippet":"max-snippet:-1","max-image-preview":"max-image-preview:large","max-video-preview":"max-video-preview:-1"},"canonical":"https:\/\/www.waikura-manuka.com\/fr\/p\/pastilles-de-manuka-waikura-265\/","og_locale":"fr_FR","og_type":"article","og_title":"Waikura Manuka-Pastillen 265+ - Waikura Manuka","og_description":"Geniessen Sie unterwegs Waikura Manuka-Pastillen 265+ mit nat\u00fcrlichen Zutaten und Zitronengeschmack. Ideal als praktischer Begleiter f\u00fcr Manuka-Honig.","og_url":"https:\/\/www.waikura-manuka.com\/fr\/p\/pastilles-de-manuka-waikura-265\/","og_site_name":"Waikura Manuka","article_modified_time":"2026-04-27T12:26:49+00:00","og_image":[{"width":1920,"height":1920,"url":"https:\/\/www.waikura-manuka.com\/wp-content\/uploads\/2024\/07\/waikura-manuka_pastillen.jpg","type":"image\/jpeg"}],"twitter_card":"summary_large_image","twitter_misc":{"Dur\u00e9e de lecture estim\u00e9e":"2 minutes"},"schema":{"@context":"https:\/\/schema.org","@graph":[{"@type":"WebPage","@id":"https:\/\/www.waikura-manuka.com\/p\/waikura-manuka-pastillen-265\/","url":"https:\/\/www.waikura-manuka.com\/p\/waikura-manuka-pastillen-265\/","name":"Pastilles Waikura Manuka - 265+ - Waikura Manuka","isPartOf":{"@id":"https:\/\/www.waikura-manuka.com\/#website"},"primaryImageOfPage":{"@id":"https:\/\/www.waikura-manuka.com\/p\/waikura-manuka-pastillen-265\/#primaryimage"},"image":{"@id":"https:\/\/www.waikura-manuka.com\/p\/waikura-manuka-pastillen-265\/#primaryimage"},"thumbnailUrl":"https:\/\/www.waikura-manuka.com\/wp-content\/uploads\/2024\/07\/waikura-manuka_pastillen.jpg","datePublished":"2022-04-04T07:46:19+00:00","dateModified":"2026-04-27T12:26:49+00:00","description":"Savourez Waikura Manuka-Palks 265+ avec des ingr\u00e9dients naturels et une saveur de citron \u00e0 emporter. Id\u00e9al comme compagnon pratique du miel de Manuka.","breadcrumb":{"@id":"https:\/\/www.waikura-manuka.com\/p\/waikura-manuka-pastillen-265\/#breadcrumb"},"inLanguage":"fr-FR","potentialAction":[{"@type":"ReadAction","target":["https:\/\/www.waikura-manuka.com\/p\/waikura-manuka-pastillen-265\/"]}]},{"@type":"ImageObject","inLanguage":"fr-FR","@id":"https:\/\/www.waikura-manuka.com\/p\/waikura-manuka-pastillen-265\/#primaryimage","url":"https:\/\/www.waikura-manuka.com\/wp-content\/uploads\/2024\/07\/waikura-manuka_pastillen.jpg","contentUrl":"https:\/\/www.waikura-manuka.com\/wp-content\/uploads\/2024\/07\/waikura-manuka_pastillen.jpg","width":1920,"height":1920,"caption":"Waikura Manuka Pastillen Hauptbild"},{"@type":"BreadcrumbList","@id":"https:\/\/www.waikura-manuka.com\/p\/waikura-manuka-pastillen-265\/#breadcrumb","itemListElement":[{"@type":"ListItem","position":1,"name":"Startseite","item":"https:\/\/www.waikura-manuka.com\/"},{"@type":"ListItem","position":2,"name":"Online Shop","item":"https:\/\/www.waikura-manuka.com\/shop\/"},{"@type":"ListItem","position":3,"name":"Waikura Manuka-Pastillen 265+"}]},{"@type":"WebSite","@id":"https:\/\/www.waikura-manuka.com\/#website","url":"https:\/\/www.waikura-manuka.com\/","name":"Waikura Manuka","description":"Miel de Manuka-H et huile de Manuka- du Cap Est de Nouvelle-Z\u00e9lande","publisher":{"@id":"https:\/\/www.waikura-manuka.com\/#organization"},"potentialAction":[{"@type":"SearchAction","target":{"@type":"EntryPoint","urlTemplate":"https:\/\/www.waikura-manuka.com\/?s={search_term_string}"},"query-input":{"@type":"PropertyValueSpecification","valueRequired":true,"valueName":"search_term_string"}}],"inLanguage":"fr-FR"},{"@type":"Organization","@id":"https:\/\/www.waikura-manuka.com\/#organization","name":"Waikura Manuka","url":"https:\/\/www.waikura-manuka.com\/","logo":{"@type":"ImageObject","inLanguage":"fr-FR","@id":"https:\/\/www.waikura-manuka.com\/#\/schema\/logo\/image\/","url":"","contentUrl":"","caption":"Waikura Manuka"},"image":{"@id":"https:\/\/www.waikura-manuka.com\/#\/schema\/logo\/image\/"}}]}},"_links":{"self":[{"href":"https:\/\/www.waikura-manuka.com\/fr\/wp-json\/wp\/v2\/product\/1813","targetHints":{"allow":["GET"]}}],"collection":[{"href":"https:\/\/www.waikura-manuka.com\/fr\/wp-json\/wp\/v2\/product"}],"about":[{"href":"https:\/\/www.waikura-manuka.com\/fr\/wp-json\/wp\/v2\/types\/product"}],"version-history":[{"count":1,"href":"https:\/\/www.waikura-manuka.com\/fr\/wp-json\/wp\/v2\/product\/1813\/revisions"}],"predecessor-version":[{"id":7312,"href":"https:\/\/www.waikura-manuka.com\/fr\/wp-json\/wp\/v2\/product\/1813\/revisions\/7312"}],"wp:featuredmedia":[{"embeddable":true,"href":"https:\/\/www.waikura-manuka.com\/fr\/wp-json\/wp\/v2\/media\/4785"}],"wp:attachment":[{"href":"https:\/\/www.waikura-manuka.com\/fr\/wp-json\/wp\/v2\/media?parent=1813"}],"wp:term":[{"taxonomy":"product_brand","embeddable":true,"href":"https:\/\/www.waikura-manuka.com\/fr\/wp-json\/wp\/v2\/product_brand?post=1813"},{"taxonomy":"product_cat","embeddable":true,"href":"https:\/\/www.waikura-manuka.com\/fr\/wp-json\/wp\/v2\/product_cat?post=1813"},{"taxonomy":"product_tag","embeddable":true,"href":"https:\/\/www.waikura-manuka.com\/fr\/wp-json\/wp\/v2\/product_tag?post=1813"}],"curies":[{"name":"wp","href":"https:\/\/api.w.org\/{rel}","templated":true}]}}