{"id":1811,"date":"2022-04-04T08:41:53","date_gmt":"2022-04-04T07:41:53","guid":{"rendered":"https:\/\/nice.cloudconnection.ch\/manuka_webshop\/?post_type=product&#038;p=1811"},"modified":"2026-02-10T15:54:03","modified_gmt":"2026-02-10T14:54:03","slug":"miel-de-manuka-de-waikura-700","status":"publish","type":"product","link":"https:\/\/www.waikura-manuka.com\/fr\/p\/waikura-manuka-honig-700\/","title":{"rendered":"Miel de Manuka Waikura 1TP 10T 700+"},"content":{"rendered":"","protected":false},"excerpt":{"rendered":"<p>Le miel de Manuka Waikura 700+ est notre miel de Manuka le plus fort. Rare et donc particuli\u00e8rement pr\u00e9cieux, il impressionne par sa tr\u00e8s grande force tout en ayant un go\u00fbt agr\u00e9ablement sucr\u00e9. Le Manuka-Honey pour les clients particuli\u00e8rement exigeants.<\/p>","protected":false},"featured_media":4777,"template":"","meta":[],"product_brand":[],"product_cat":[49],"product_tag":[],"class_list":{"0":"post-1811","1":"product","2":"type-product","3":"status-publish","4":"has-post-thumbnail","6":"product_cat-honig","8":"first","9":"outofstock","10":"taxable","11":"shipping-taxable","12":"purchasable","13":"product-type-simple"},"yoast_head":"<!-- This site is optimized with the Yoast SEO plugin v27.3 - https:\/\/yoast.com\/product\/yoast-seo-wordpress\/ -->\n<title>Waikura Manuka-Honig 700+ - Waikura Manuka<\/title>\n<meta name=\"description\" content=\"Entdecken Sie unseren st\u00e4rksten Waikura Manuka-Honig 700+. Selten und besonders wertvoll, ideal f\u00fcr Kunden, die eine besonders hohe St\u00e4rkeklasse sch\u00e4tzen.\" \/>\n<meta name=\"robots\" content=\"index, follow, max-snippet:-1, max-image-preview:large, max-video-preview:-1\" \/>\n<link rel=\"canonical\" href=\"https:\/\/www.waikura-manuka.com\/fr\/p\/miel-de-manuka-de-waikura-700\/\" \/>\n<meta property=\"og:locale\" content=\"fr_FR\" \/>\n<meta property=\"og:type\" content=\"article\" \/>\n<meta property=\"og:title\" content=\"Waikura Manuka-Honig 700+ - Waikura Manuka\" \/>\n<meta property=\"og:description\" content=\"Entdecken Sie unseren st\u00e4rksten Waikura Manuka-Honig 700+. Selten und besonders wertvoll, ideal f\u00fcr Kunden, die eine besonders hohe St\u00e4rkeklasse sch\u00e4tzen.\" \/>\n<meta property=\"og:url\" content=\"https:\/\/www.waikura-manuka.com\/fr\/p\/miel-de-manuka-de-waikura-700\/\" \/>\n<meta property=\"og:site_name\" content=\"Waikura Manuka\" \/>\n<meta property=\"article:modified_time\" content=\"2026-02-10T14:54:03+00:00\" \/>\n<meta property=\"og:image\" content=\"https:\/\/www.waikura-manuka.com\/wp-content\/uploads\/2024\/07\/waikura-manuka-honig-mgo-700.jpg\" \/>\n\t<meta property=\"og:image:width\" content=\"1920\" \/>\n\t<meta property=\"og:image:height\" content=\"1920\" \/>\n\t<meta property=\"og:image:type\" content=\"image\/jpeg\" \/>\n<meta name=\"twitter:card\" content=\"summary_large_image\" \/>\n<meta name=\"twitter:label1\" content=\"Dur\u00e9e de lecture estim\u00e9e\" \/>\n\t<meta name=\"twitter:data1\" content=\"1 minute\" \/>\n<script type=\"application\/ld+json\" class=\"yoast-schema-graph\">{\"@context\":\"https:\\\/\\\/schema.org\",\"@graph\":[{\"@type\":\"WebPage\",\"@id\":\"https:\\\/\\\/www.waikura-manuka.com\\\/p\\\/waikura-manuka-honig-700\\\/\",\"url\":\"https:\\\/\\\/www.waikura-manuka.com\\\/p\\\/waikura-manuka-honig-700\\\/\",\"name\":\"Waikura Manuka-Honig 700+ - Waikura Manuka\",\"isPartOf\":{\"@id\":\"https:\\\/\\\/www.waikura-manuka.com\\\/#website\"},\"primaryImageOfPage\":{\"@id\":\"https:\\\/\\\/www.waikura-manuka.com\\\/p\\\/waikura-manuka-honig-700\\\/#primaryimage\"},\"image\":{\"@id\":\"https:\\\/\\\/www.waikura-manuka.com\\\/p\\\/waikura-manuka-honig-700\\\/#primaryimage\"},\"thumbnailUrl\":\"https:\\\/\\\/www.waikura-manuka.com\\\/wp-content\\\/uploads\\\/2024\\\/07\\\/waikura-manuka-honig-mgo-700.jpg\",\"datePublished\":\"2022-04-04T07:41:53+00:00\",\"dateModified\":\"2026-02-10T14:54:03+00:00\",\"description\":\"Entdecken Sie unseren st\u00e4rksten Waikura Manuka-Honig 700+. Selten und besonders wertvoll, ideal f\u00fcr Kunden, die eine besonders hohe St\u00e4rkeklasse sch\u00e4tzen.\",\"breadcrumb\":{\"@id\":\"https:\\\/\\\/www.waikura-manuka.com\\\/p\\\/waikura-manuka-honig-700\\\/#breadcrumb\"},\"inLanguage\":\"fr-FR\",\"potentialAction\":[{\"@type\":\"ReadAction\",\"target\":[\"https:\\\/\\\/www.waikura-manuka.com\\\/p\\\/waikura-manuka-honig-700\\\/\"]}]},{\"@type\":\"ImageObject\",\"inLanguage\":\"fr-FR\",\"@id\":\"https:\\\/\\\/www.waikura-manuka.com\\\/p\\\/waikura-manuka-honig-700\\\/#primaryimage\",\"url\":\"https:\\\/\\\/www.waikura-manuka.com\\\/wp-content\\\/uploads\\\/2024\\\/07\\\/waikura-manuka-honig-mgo-700.jpg\",\"contentUrl\":\"https:\\\/\\\/www.waikura-manuka.com\\\/wp-content\\\/uploads\\\/2024\\\/07\\\/waikura-manuka-honig-mgo-700.jpg\",\"width\":1920,\"height\":1920,\"caption\":\"Waikura Manuka Honig MGO 700+ 250g\"},{\"@type\":\"BreadcrumbList\",\"@id\":\"https:\\\/\\\/www.waikura-manuka.com\\\/p\\\/waikura-manuka-honig-700\\\/#breadcrumb\",\"itemListElement\":[{\"@type\":\"ListItem\",\"position\":1,\"name\":\"Startseite\",\"item\":\"https:\\\/\\\/www.waikura-manuka.com\\\/\"},{\"@type\":\"ListItem\",\"position\":2,\"name\":\"Online Shop\",\"item\":\"https:\\\/\\\/www.waikura-manuka.com\\\/shop\\\/\"},{\"@type\":\"ListItem\",\"position\":3,\"name\":\"Waikura Manuka-Honig 700+\"}]},{\"@type\":\"WebSite\",\"@id\":\"https:\\\/\\\/www.waikura-manuka.com\\\/#website\",\"url\":\"https:\\\/\\\/www.waikura-manuka.com\\\/\",\"name\":\"Waikura Manuka\",\"description\":\"Manuka-Honig und Manuka-\u00d6l vom East Cape Neuseelands\",\"publisher\":{\"@id\":\"https:\\\/\\\/www.waikura-manuka.com\\\/#organization\"},\"potentialAction\":[{\"@type\":\"SearchAction\",\"target\":{\"@type\":\"EntryPoint\",\"urlTemplate\":\"https:\\\/\\\/www.waikura-manuka.com\\\/?s={search_term_string}\"},\"query-input\":{\"@type\":\"PropertyValueSpecification\",\"valueRequired\":true,\"valueName\":\"search_term_string\"}}],\"inLanguage\":\"fr-FR\"},{\"@type\":\"Organization\",\"@id\":\"https:\\\/\\\/www.waikura-manuka.com\\\/#organization\",\"name\":\"Waikura Manuka\",\"url\":\"https:\\\/\\\/www.waikura-manuka.com\\\/\",\"logo\":{\"@type\":\"ImageObject\",\"inLanguage\":\"fr-FR\",\"@id\":\"https:\\\/\\\/www.waikura-manuka.com\\\/#\\\/schema\\\/logo\\\/image\\\/\",\"url\":\"\",\"contentUrl\":\"\",\"caption\":\"Waikura Manuka\"},\"image\":{\"@id\":\"https:\\\/\\\/www.waikura-manuka.com\\\/#\\\/schema\\\/logo\\\/image\\\/\"}}]}<\/script>\n<!-- \/ Yoast SEO plugin. -->","yoast_head_json":{"title":"Miel de Manuka de Waikura 700+ - Miel de Manuka de Waikura","description":"D\u00e9couvrez notre miel de Manuka Waikura le plus fort 700+. Rare et particuli\u00e8rement pr\u00e9cieux, id\u00e9al pour les clients qui appr\u00e9cient une classe de r\u00e9sistance particuli\u00e8rement \u00e9lev\u00e9e.","robots":{"index":"index","follow":"follow","max-snippet":"max-snippet:-1","max-image-preview":"max-image-preview:large","max-video-preview":"max-video-preview:-1"},"canonical":"https:\/\/www.waikura-manuka.com\/fr\/p\/miel-de-manuka-de-waikura-700\/","og_locale":"fr_FR","og_type":"article","og_title":"Waikura Manuka-Honig 700+ - Waikura Manuka","og_description":"Entdecken Sie unseren st\u00e4rksten Waikura Manuka-Honig 700+. Selten und besonders wertvoll, ideal f\u00fcr Kunden, die eine besonders hohe St\u00e4rkeklasse sch\u00e4tzen.","og_url":"https:\/\/www.waikura-manuka.com\/fr\/p\/miel-de-manuka-de-waikura-700\/","og_site_name":"Waikura Manuka","article_modified_time":"2026-02-10T14:54:03+00:00","og_image":[{"width":1920,"height":1920,"url":"https:\/\/www.waikura-manuka.com\/wp-content\/uploads\/2024\/07\/waikura-manuka-honig-mgo-700.jpg","type":"image\/jpeg"}],"twitter_card":"summary_large_image","twitter_misc":{"Dur\u00e9e de lecture estim\u00e9e":"1 minute"},"schema":{"@context":"https:\/\/schema.org","@graph":[{"@type":"WebPage","@id":"https:\/\/www.waikura-manuka.com\/p\/waikura-manuka-honig-700\/","url":"https:\/\/www.waikura-manuka.com\/p\/waikura-manuka-honig-700\/","name":"Miel de Manuka de Waikura 700+ - Miel de Manuka de Waikura","isPartOf":{"@id":"https:\/\/www.waikura-manuka.com\/#website"},"primaryImageOfPage":{"@id":"https:\/\/www.waikura-manuka.com\/p\/waikura-manuka-honig-700\/#primaryimage"},"image":{"@id":"https:\/\/www.waikura-manuka.com\/p\/waikura-manuka-honig-700\/#primaryimage"},"thumbnailUrl":"https:\/\/www.waikura-manuka.com\/wp-content\/uploads\/2024\/07\/waikura-manuka-honig-mgo-700.jpg","datePublished":"2022-04-04T07:41:53+00:00","dateModified":"2026-02-10T14:54:03+00:00","description":"D\u00e9couvrez notre miel de Manuka Waikura le plus fort 700+. Rare et particuli\u00e8rement pr\u00e9cieux, id\u00e9al pour les clients qui appr\u00e9cient une classe de r\u00e9sistance particuli\u00e8rement \u00e9lev\u00e9e.","breadcrumb":{"@id":"https:\/\/www.waikura-manuka.com\/p\/waikura-manuka-honig-700\/#breadcrumb"},"inLanguage":"fr-FR","potentialAction":[{"@type":"ReadAction","target":["https:\/\/www.waikura-manuka.com\/p\/waikura-manuka-honig-700\/"]}]},{"@type":"ImageObject","inLanguage":"fr-FR","@id":"https:\/\/www.waikura-manuka.com\/p\/waikura-manuka-honig-700\/#primaryimage","url":"https:\/\/www.waikura-manuka.com\/wp-content\/uploads\/2024\/07\/waikura-manuka-honig-mgo-700.jpg","contentUrl":"https:\/\/www.waikura-manuka.com\/wp-content\/uploads\/2024\/07\/waikura-manuka-honig-mgo-700.jpg","width":1920,"height":1920,"caption":"Waikura Manuka Honig MGO 700+ 250g"},{"@type":"BreadcrumbList","@id":"https:\/\/www.waikura-manuka.com\/p\/waikura-manuka-honig-700\/#breadcrumb","itemListElement":[{"@type":"ListItem","position":1,"name":"Startseite","item":"https:\/\/www.waikura-manuka.com\/"},{"@type":"ListItem","position":2,"name":"Online Shop","item":"https:\/\/www.waikura-manuka.com\/shop\/"},{"@type":"ListItem","position":3,"name":"Waikura Manuka-Honig 700+"}]},{"@type":"WebSite","@id":"https:\/\/www.waikura-manuka.com\/#website","url":"https:\/\/www.waikura-manuka.com\/","name":"Waikura Manuka","description":"Miel de Manuka-H et huile de Manuka- du Cap Est de Nouvelle-Z\u00e9lande","publisher":{"@id":"https:\/\/www.waikura-manuka.com\/#organization"},"potentialAction":[{"@type":"SearchAction","target":{"@type":"EntryPoint","urlTemplate":"https:\/\/www.waikura-manuka.com\/?s={search_term_string}"},"query-input":{"@type":"PropertyValueSpecification","valueRequired":true,"valueName":"search_term_string"}}],"inLanguage":"fr-FR"},{"@type":"Organization","@id":"https:\/\/www.waikura-manuka.com\/#organization","name":"Waikura Manuka","url":"https:\/\/www.waikura-manuka.com\/","logo":{"@type":"ImageObject","inLanguage":"fr-FR","@id":"https:\/\/www.waikura-manuka.com\/#\/schema\/logo\/image\/","url":"","contentUrl":"","caption":"Waikura Manuka"},"image":{"@id":"https:\/\/www.waikura-manuka.com\/#\/schema\/logo\/image\/"}}]}},"_links":{"self":[{"href":"https:\/\/www.waikura-manuka.com\/fr\/wp-json\/wp\/v2\/product\/1811","targetHints":{"allow":["GET"]}}],"collection":[{"href":"https:\/\/www.waikura-manuka.com\/fr\/wp-json\/wp\/v2\/product"}],"about":[{"href":"https:\/\/www.waikura-manuka.com\/fr\/wp-json\/wp\/v2\/types\/product"}],"version-history":[{"count":0,"href":"https:\/\/www.waikura-manuka.com\/fr\/wp-json\/wp\/v2\/product\/1811\/revisions"}],"wp:featuredmedia":[{"embeddable":true,"href":"https:\/\/www.waikura-manuka.com\/fr\/wp-json\/wp\/v2\/media\/4777"}],"wp:attachment":[{"href":"https:\/\/www.waikura-manuka.com\/fr\/wp-json\/wp\/v2\/media?parent=1811"}],"wp:term":[{"taxonomy":"product_brand","embeddable":true,"href":"https:\/\/www.waikura-manuka.com\/fr\/wp-json\/wp\/v2\/product_brand?post=1811"},{"taxonomy":"product_cat","embeddable":true,"href":"https:\/\/www.waikura-manuka.com\/fr\/wp-json\/wp\/v2\/product_cat?post=1811"},{"taxonomy":"product_tag","embeddable":true,"href":"https:\/\/www.waikura-manuka.com\/fr\/wp-json\/wp\/v2\/product_tag?post=1811"}],"curies":[{"name":"wp","href":"https:\/\/api.w.org\/{rel}","templated":true}]}}