{"id":1803,"date":"2022-04-03T11:49:36","date_gmt":"2022-04-03T10:49:36","guid":{"rendered":"https:\/\/nice.cloudconnection.ch\/manuka_webshop\/?post_type=product&#038;p=1803"},"modified":"2025-03-26T08:56:01","modified_gmt":"2025-03-26T07:56:01","slug":"miel-de-manuka-525","status":"publish","type":"product","link":"https:\/\/www.waikura-manuka.com\/fr\/p\/manuka-honig-525\/","title":{"rendered":"Miel de Manuka Waikura 1TP 10T 525+"},"content":{"rendered":"<div data-elementor-type=\"product-post\" data-elementor-id=\"1803\" class=\"elementor elementor-1803\" data-elementor-post-type=\"product\">\n\t\t\t\t\t\t<section class=\"elementor-section elementor-top-section elementor-element elementor-element-31253316 elementor-section-boxed elementor-section-height-default elementor-section-height-default\" data-id=\"31253316\" data-element_type=\"section\" data-e-type=\"section\">\n\t\t\t\t\t\t<div class=\"elementor-container elementor-column-gap-default\">\n\t\t\t\t\t<div class=\"elementor-column elementor-col-100 elementor-top-column elementor-element elementor-element-70c15c98\" data-id=\"70c15c98\" data-element_type=\"column\" data-e-type=\"column\">\n\t\t\t<div class=\"elementor-widget-wrap elementor-element-populated\">\n\t\t\t\t\t\t<div class=\"elementor-element elementor-element-1a82f7d7 elementor-widget elementor-widget-text-editor\" data-id=\"1a82f7d7\" data-element_type=\"widget\" data-e-type=\"widget\" data-widget_type=\"text-editor.default\">\n\t\t\t\t<div class=\"elementor-widget-container\">\n\t\t\t\t\t\t\t\t\t<p><strong>Miel de Manuka de classe de force 525+, une aide naturelle pour votre bien-\u00eatre<\/strong><\/p><p>Waikura <a href=\"https:\/\/www.waikura-manuka.com\/fr\/le-miel-de-manuka\/\" target=\"_blank\" rel=\"noopener\">Miel de Manuka<\/a>, avec une classe de r\u00e9sistance de 525+, est bien plus qu&#039;une simple gourmandise. En raison de sa forte concentration, il poss\u00e8de des propri\u00e9t\u00e9s particuli\u00e8res qui peuvent aider \u00e0 soutenir la sant\u00e9. Les remarquables effets antimicrobiens du miel de Manuka aident \u00e0 renforcer naturellement le syst\u00e8me immunitaire et \u00e0 favoriser le bien-\u00eatre g\u00e9n\u00e9ral.<\/p><p>Surtout pendant les saisons les plus froides, lorsque le risque de rhume augmente, le miel Manuka-H est un compagnon pr\u00e9cieux pour les soins de sant\u00e9 quotidiens. Une petite cuiller\u00e9e de miel de Manuka-H permet d&#039;apaiser les muqueuses irrit\u00e9es et d&#039;avoir un effet apaisant sur la gorge. Gr\u00e2ce \u00e0 sa composition sp\u00e9ciale, il cr\u00e9e une sensation agr\u00e9able dans la gorge et soutient le syst\u00e8me immunitaire sans recourir \u00e0 des additifs artificiels.<\/p><p><strong>Favoriser une digestion saine<\/strong><\/p><p>En plus de ses bienfaits pour la gorge, le miel de Manuka de Waikura peut \u00e9galement aider \u00e0 favoriser une digestion saine. Les propri\u00e9t\u00e9s antimicrobiennes naturelles favorisent l&#039;\u00e9quilibre de la flore gastrique et intestinale et aident \u00e0 harmoniser le syst\u00e8me digestif. Ce miel de haute qualit\u00e9 est id\u00e9al dans le cadre d&#039;un mode de vie conscient et convient particuli\u00e8rement aux personnes qui souhaitent soutenir leur digestion de mani\u00e8re naturelle. Une petite cuill\u00e8re le matin peut aider \u00e0 favoriser l&#039;\u00e9quilibre int\u00e9rieur et apaiser doucement l&#039;estomac.<\/p>\t\t\t\t\t\t\t\t<\/div>\n\t\t\t\t<\/div>\n\t\t\t\t<div class=\"elementor-element elementor-element-2f9c9ac elementor-widget elementor-widget-heading\" data-id=\"2f9c9ac\" data-element_type=\"widget\" data-e-type=\"widget\" data-widget_type=\"heading.default\">\n\t\t\t\t<div class=\"elementor-widget-container\">\n\t\t\t\t\t<h5 class=\"elementor-heading-title elementor-size-default\">Soutien au syst\u00e8me immunitaire<\/h5>\t\t\t\t<\/div>\n\t\t\t\t<\/div>\n\t\t\t\t<div class=\"elementor-element elementor-element-5748aca elementor-widget elementor-widget-text-editor\" data-id=\"5748aca\" data-element_type=\"widget\" data-e-type=\"widget\" data-widget_type=\"text-editor.default\">\n\t\t\t\t<div class=\"elementor-widget-container\">\n\t\t\t\t\t\t\t\t\t<p>La composition unique fait du miel de Manuka un compagnon pr\u00e9cieux pour renforcer le syst\u00e8me immunitaire. Pris r\u00e9guli\u00e8rement, il peut aider \u00e0 activer les d\u00e9fenses naturelles du corps et favoriser le bien-\u00eatre. Le miel de Manuka de Waikura est particuli\u00e8rement pur et provient de la vall\u00e9e de Waikura, un endroit connu pour sa qualit\u00e9 de miel de premi\u00e8re classe. Ici, vous pouvez en apprendre davantage sur les bienfaits polyvalents de ce miel exceptionnel et comment il peut devenir une partie int\u00e9grante de votre routine quotidienne de soins de sant\u00e9.<\/p><p>En savoir plus sur le <a href=\"https:\/\/www.waikura.co.nz\/natural-products-honey\/\" target=\"_blank\" rel=\"noopener\">Miel de la vall\u00e9e de Waikura.<\/a><\/p><p>Pour en savoir plus sur notre entreprise en Engadine : <a href=\"https:\/\/www.waikura-manuka.com\/fr\/a-propos-de-nous\/\" target=\"_blank\" rel=\"noopener\">\u00c0 propos de nous<\/a><\/p>\t\t\t\t\t\t\t\t<\/div>\n\t\t\t\t<\/div>\n\t\t\t\t\t<\/div>\n\t\t<\/div>\n\t\t\t\t\t<\/div>\n\t\t<\/section>\n\t\t\t\t<\/div>","protected":false},"excerpt":{"rendered":"<p>Le miel de Manuka Waikura 525+ est notre miel de Manuka le plus populaire. Il est intense et tr\u00e8s concentr\u00e9. Le miel de cette classe de force est beaucoup plus rare, ce qui en fait une sp\u00e9cialit\u00e9. Il impressionne par sa consistance cr\u00e9meuse et son go\u00fbt d\u00e9licieux et intens\u00e9ment \u00e9pic\u00e9. Notre 525+ est id\u00e9al lorsqu&#039;un miel de Manuka plus fort est souhait\u00e9.<\/p>","protected":false},"featured_media":6310,"template":"","meta":[],"product_brand":[],"product_cat":[49],"product_tag":[],"class_list":{"0":"post-1803","1":"product","2":"type-product","3":"status-publish","4":"has-post-thumbnail","6":"product_cat-honig","8":"first","9":"instock","10":"taxable","11":"shipping-taxable","12":"purchasable","13":"product-type-variable"},"yoast_head":"<!-- This site is optimized with the Yoast SEO plugin v27.4 - https:\/\/yoast.com\/product\/yoast-seo-wordpress\/ -->\n<title>Manuka-Honig 525+<\/title>\n<meta name=\"description\" content=\"Beliebtester Waikura Manuka-Honig der St\u00e4rkeklasse 525+. Intensiver Geschmack und hohe Konzentration f\u00fcr anspruchsvolle Geniesser.\" \/>\n<meta name=\"robots\" content=\"index, follow, max-snippet:-1, max-image-preview:large, max-video-preview:-1\" \/>\n<link rel=\"canonical\" href=\"https:\/\/www.waikura-manuka.com\/fr\/p\/miel-de-manuka-525\/\" \/>\n<meta property=\"og:locale\" content=\"fr_FR\" \/>\n<meta property=\"og:type\" content=\"article\" \/>\n<meta property=\"og:title\" content=\"Manuka-Honig 525+\" \/>\n<meta property=\"og:description\" content=\"Beliebtester Waikura Manuka-Honig der St\u00e4rkeklasse 525+. Intensiver Geschmack und hohe Konzentration f\u00fcr anspruchsvolle Geniesser.\" \/>\n<meta property=\"og:url\" content=\"https:\/\/www.waikura-manuka.com\/fr\/p\/miel-de-manuka-525\/\" \/>\n<meta property=\"og:site_name\" content=\"Waikura Manuka\" \/>\n<meta property=\"article:modified_time\" content=\"2025-03-26T07:56:01+00:00\" \/>\n<meta property=\"og:image\" content=\"https:\/\/www.waikura-manuka.com\/wp-content\/uploads\/2024\/10\/waikura-manuka-honig-525mgo.jpg\" \/>\n\t<meta property=\"og:image:width\" content=\"1920\" \/>\n\t<meta property=\"og:image:height\" content=\"1920\" \/>\n\t<meta property=\"og:image:type\" content=\"image\/jpeg\" \/>\n<meta name=\"twitter:card\" content=\"summary_large_image\" \/>\n<meta name=\"twitter:label1\" content=\"Dur\u00e9e de lecture estim\u00e9e\" \/>\n\t<meta name=\"twitter:data1\" content=\"2 minutes\" \/>\n<script type=\"application\/ld+json\" class=\"yoast-schema-graph\">{\"@context\":\"https:\\\/\\\/schema.org\",\"@graph\":[{\"@type\":\"WebPage\",\"@id\":\"https:\\\/\\\/www.waikura-manuka.com\\\/p\\\/manuka-honig-525\\\/\",\"url\":\"https:\\\/\\\/www.waikura-manuka.com\\\/p\\\/manuka-honig-525\\\/\",\"name\":\"Manuka-Honig 525+\",\"isPartOf\":{\"@id\":\"https:\\\/\\\/www.waikura-manuka.com\\\/#website\"},\"primaryImageOfPage\":{\"@id\":\"https:\\\/\\\/www.waikura-manuka.com\\\/p\\\/manuka-honig-525\\\/#primaryimage\"},\"image\":{\"@id\":\"https:\\\/\\\/www.waikura-manuka.com\\\/p\\\/manuka-honig-525\\\/#primaryimage\"},\"thumbnailUrl\":\"https:\\\/\\\/www.waikura-manuka.com\\\/wp-content\\\/uploads\\\/2024\\\/10\\\/waikura-manuka-honig-525mgo.jpg\",\"datePublished\":\"2022-04-03T10:49:36+00:00\",\"dateModified\":\"2025-03-26T07:56:01+00:00\",\"description\":\"Beliebtester Waikura Manuka-Honig der St\u00e4rkeklasse 525+. Intensiver Geschmack und hohe Konzentration f\u00fcr anspruchsvolle Geniesser.\",\"breadcrumb\":{\"@id\":\"https:\\\/\\\/www.waikura-manuka.com\\\/p\\\/manuka-honig-525\\\/#breadcrumb\"},\"inLanguage\":\"fr-FR\",\"potentialAction\":[{\"@type\":\"ReadAction\",\"target\":[\"https:\\\/\\\/www.waikura-manuka.com\\\/p\\\/manuka-honig-525\\\/\"]}]},{\"@type\":\"ImageObject\",\"inLanguage\":\"fr-FR\",\"@id\":\"https:\\\/\\\/www.waikura-manuka.com\\\/p\\\/manuka-honig-525\\\/#primaryimage\",\"url\":\"https:\\\/\\\/www.waikura-manuka.com\\\/wp-content\\\/uploads\\\/2024\\\/10\\\/waikura-manuka-honig-525mgo.jpg\",\"contentUrl\":\"https:\\\/\\\/www.waikura-manuka.com\\\/wp-content\\\/uploads\\\/2024\\\/10\\\/waikura-manuka-honig-525mgo.jpg\",\"width\":1920,\"height\":1920,\"caption\":\"Waikura Manuka Honig MGO 525+ 250g und 500g\"},{\"@type\":\"BreadcrumbList\",\"@id\":\"https:\\\/\\\/www.waikura-manuka.com\\\/p\\\/manuka-honig-525\\\/#breadcrumb\",\"itemListElement\":[{\"@type\":\"ListItem\",\"position\":1,\"name\":\"Startseite\",\"item\":\"https:\\\/\\\/www.waikura-manuka.com\\\/\"},{\"@type\":\"ListItem\",\"position\":2,\"name\":\"Online Shop\",\"item\":\"https:\\\/\\\/www.waikura-manuka.com\\\/shop\\\/\"},{\"@type\":\"ListItem\",\"position\":3,\"name\":\"Waikura Manuka-Honig 525+\"}]},{\"@type\":\"WebSite\",\"@id\":\"https:\\\/\\\/www.waikura-manuka.com\\\/#website\",\"url\":\"https:\\\/\\\/www.waikura-manuka.com\\\/\",\"name\":\"Waikura Manuka\",\"description\":\"Manuka-Honig und Manuka-\u00d6l vom East Cape Neuseelands\",\"publisher\":{\"@id\":\"https:\\\/\\\/www.waikura-manuka.com\\\/#organization\"},\"potentialAction\":[{\"@type\":\"SearchAction\",\"target\":{\"@type\":\"EntryPoint\",\"urlTemplate\":\"https:\\\/\\\/www.waikura-manuka.com\\\/?s={search_term_string}\"},\"query-input\":{\"@type\":\"PropertyValueSpecification\",\"valueRequired\":true,\"valueName\":\"search_term_string\"}}],\"inLanguage\":\"fr-FR\"},{\"@type\":\"Organization\",\"@id\":\"https:\\\/\\\/www.waikura-manuka.com\\\/#organization\",\"name\":\"Waikura Manuka\",\"url\":\"https:\\\/\\\/www.waikura-manuka.com\\\/\",\"logo\":{\"@type\":\"ImageObject\",\"inLanguage\":\"fr-FR\",\"@id\":\"https:\\\/\\\/www.waikura-manuka.com\\\/#\\\/schema\\\/logo\\\/image\\\/\",\"url\":\"\",\"contentUrl\":\"\",\"caption\":\"Waikura Manuka\"},\"image\":{\"@id\":\"https:\\\/\\\/www.waikura-manuka.com\\\/#\\\/schema\\\/logo\\\/image\\\/\"}}]}<\/script>\n<!-- \/ Yoast SEO plugin. -->","yoast_head_json":{"title":"Miel de Manuka -Honig 525+","description":"Le miel de Manuka Waikura le plus populaire - 525+ force. Go\u00fbt intense et haute concentration pour les connaisseurs exigeants.","robots":{"index":"index","follow":"follow","max-snippet":"max-snippet:-1","max-image-preview":"max-image-preview:large","max-video-preview":"max-video-preview:-1"},"canonical":"https:\/\/www.waikura-manuka.com\/fr\/p\/miel-de-manuka-525\/","og_locale":"fr_FR","og_type":"article","og_title":"Manuka-Honig 525+","og_description":"Beliebtester Waikura Manuka-Honig der St\u00e4rkeklasse 525+. Intensiver Geschmack und hohe Konzentration f\u00fcr anspruchsvolle Geniesser.","og_url":"https:\/\/www.waikura-manuka.com\/fr\/p\/miel-de-manuka-525\/","og_site_name":"Waikura Manuka","article_modified_time":"2025-03-26T07:56:01+00:00","og_image":[{"width":1920,"height":1920,"url":"https:\/\/www.waikura-manuka.com\/wp-content\/uploads\/2024\/10\/waikura-manuka-honig-525mgo.jpg","type":"image\/jpeg"}],"twitter_card":"summary_large_image","twitter_misc":{"Dur\u00e9e de lecture estim\u00e9e":"2 minutes"},"schema":{"@context":"https:\/\/schema.org","@graph":[{"@type":"WebPage","@id":"https:\/\/www.waikura-manuka.com\/p\/manuka-honig-525\/","url":"https:\/\/www.waikura-manuka.com\/p\/manuka-honig-525\/","name":"Miel de Manuka -Honig 525+","isPartOf":{"@id":"https:\/\/www.waikura-manuka.com\/#website"},"primaryImageOfPage":{"@id":"https:\/\/www.waikura-manuka.com\/p\/manuka-honig-525\/#primaryimage"},"image":{"@id":"https:\/\/www.waikura-manuka.com\/p\/manuka-honig-525\/#primaryimage"},"thumbnailUrl":"https:\/\/www.waikura-manuka.com\/wp-content\/uploads\/2024\/10\/waikura-manuka-honig-525mgo.jpg","datePublished":"2022-04-03T10:49:36+00:00","dateModified":"2025-03-26T07:56:01+00:00","description":"Le miel de Manuka Waikura le plus populaire - 525+ force. Go\u00fbt intense et haute concentration pour les connaisseurs exigeants.","breadcrumb":{"@id":"https:\/\/www.waikura-manuka.com\/p\/manuka-honig-525\/#breadcrumb"},"inLanguage":"fr-FR","potentialAction":[{"@type":"ReadAction","target":["https:\/\/www.waikura-manuka.com\/p\/manuka-honig-525\/"]}]},{"@type":"ImageObject","inLanguage":"fr-FR","@id":"https:\/\/www.waikura-manuka.com\/p\/manuka-honig-525\/#primaryimage","url":"https:\/\/www.waikura-manuka.com\/wp-content\/uploads\/2024\/10\/waikura-manuka-honig-525mgo.jpg","contentUrl":"https:\/\/www.waikura-manuka.com\/wp-content\/uploads\/2024\/10\/waikura-manuka-honig-525mgo.jpg","width":1920,"height":1920,"caption":"Waikura Manuka Honig MGO 525+ 250g und 500g"},{"@type":"BreadcrumbList","@id":"https:\/\/www.waikura-manuka.com\/p\/manuka-honig-525\/#breadcrumb","itemListElement":[{"@type":"ListItem","position":1,"name":"Startseite","item":"https:\/\/www.waikura-manuka.com\/"},{"@type":"ListItem","position":2,"name":"Online Shop","item":"https:\/\/www.waikura-manuka.com\/shop\/"},{"@type":"ListItem","position":3,"name":"Waikura Manuka-Honig 525+"}]},{"@type":"WebSite","@id":"https:\/\/www.waikura-manuka.com\/#website","url":"https:\/\/www.waikura-manuka.com\/","name":"Waikura Manuka","description":"Miel de Manuka-H et huile de Manuka- du Cap Est de Nouvelle-Z\u00e9lande","publisher":{"@id":"https:\/\/www.waikura-manuka.com\/#organization"},"potentialAction":[{"@type":"SearchAction","target":{"@type":"EntryPoint","urlTemplate":"https:\/\/www.waikura-manuka.com\/?s={search_term_string}"},"query-input":{"@type":"PropertyValueSpecification","valueRequired":true,"valueName":"search_term_string"}}],"inLanguage":"fr-FR"},{"@type":"Organization","@id":"https:\/\/www.waikura-manuka.com\/#organization","name":"Waikura Manuka","url":"https:\/\/www.waikura-manuka.com\/","logo":{"@type":"ImageObject","inLanguage":"fr-FR","@id":"https:\/\/www.waikura-manuka.com\/#\/schema\/logo\/image\/","url":"","contentUrl":"","caption":"Waikura Manuka"},"image":{"@id":"https:\/\/www.waikura-manuka.com\/#\/schema\/logo\/image\/"}}]}},"_links":{"self":[{"href":"https:\/\/www.waikura-manuka.com\/fr\/wp-json\/wp\/v2\/product\/1803","targetHints":{"allow":["GET"]}}],"collection":[{"href":"https:\/\/www.waikura-manuka.com\/fr\/wp-json\/wp\/v2\/product"}],"about":[{"href":"https:\/\/www.waikura-manuka.com\/fr\/wp-json\/wp\/v2\/types\/product"}],"version-history":[{"count":0,"href":"https:\/\/www.waikura-manuka.com\/fr\/wp-json\/wp\/v2\/product\/1803\/revisions"}],"wp:featuredmedia":[{"embeddable":true,"href":"https:\/\/www.waikura-manuka.com\/fr\/wp-json\/wp\/v2\/media\/6310"}],"wp:attachment":[{"href":"https:\/\/www.waikura-manuka.com\/fr\/wp-json\/wp\/v2\/media?parent=1803"}],"wp:term":[{"taxonomy":"product_brand","embeddable":true,"href":"https:\/\/www.waikura-manuka.com\/fr\/wp-json\/wp\/v2\/product_brand?post=1803"},{"taxonomy":"product_cat","embeddable":true,"href":"https:\/\/www.waikura-manuka.com\/fr\/wp-json\/wp\/v2\/product_cat?post=1803"},{"taxonomy":"product_tag","embeddable":true,"href":"https:\/\/www.waikura-manuka.com\/fr\/wp-json\/wp\/v2\/product_tag?post=1803"}],"curies":[{"name":"wp","href":"https:\/\/api.w.org\/{rel}","templated":true}]}}