{"id":1793,"date":"2022-04-03T11:16:45","date_gmt":"2022-04-03T10:16:45","guid":{"rendered":"https:\/\/nice.cloudconnection.ch\/manuka_webshop\/?post_type=product&#038;p=1793"},"modified":"2025-03-25T14:28:12","modified_gmt":"2025-03-25T13:28:12","slug":"miel-de-manuka-de-waikura-265","status":"publish","type":"product","link":"https:\/\/www.waikura-manuka.com\/fr\/p\/waikura-manuka-honig-265\/","title":{"rendered":"Miel de Manuka Waikura 1TP 10T 265+"},"content":{"rendered":"<p><strong>Miel de Manuka 265+ : Un compagnon naturel au quotidien pour votre bien-\u00eatre<\/strong><\/p>\n<p>Le miel Waikura Manuka 1TP 10T avec une force de 265+ offre la meilleure qualit\u00e9 \u00e0 un prix attractif. Cela le rend particuli\u00e8rement populaire aupr\u00e8s de ceux qui souhaitent d\u00e9couvrir les bienfaits du miel de Manuka de mani\u00e8re accessible. Avec sa force moyenne, ce miel favorise le bien-\u00eatre et poss\u00e8de des propri\u00e9t\u00e9s antimicrobiennes. De plus, sa consistance cr\u00e9meuse et onctueuse et son go\u00fbt agr\u00e9ablement \u00e9pic\u00e9 le rendent id\u00e9al pour une utilisation quotidienne.<\/p>\n<p>Surtout pendant les mois les plus froids, lorsque le syst\u00e8me immunitaire a besoin d&#039;un soutien suppl\u00e9mentaire, une cuill\u00e8re \u00e0 caf\u00e9 par jour peut aider \u00e0 renforcer le syst\u00e8me immunitaire. Waikura Manuka-HHoney favorise une sensation de bien-\u00eatre et peut aider \u00e0 maintenir un bien-\u00eatre g\u00e9n\u00e9ral. C&#039;est un compl\u00e9ment b\u00e9n\u00e9fique au quotidien, notamment en cas de rhume ou de mal de gorge.<\/p>\n<p><strong>Une contribution \u00e0 la digestion et \u00e0 l&#039;\u00e9quilibre interne<\/strong><\/p>\n<p>Le miel Waikura Manuka-H peut \u00e9galement soutenir le syst\u00e8me digestif et contribuer \u00e0 l&#039;\u00e9quilibre de l&#039;estomac- et de la flore intestinale. Gr\u00e2ce \u00e0 ses propri\u00e9t\u00e9s naturelles, il a un effet calmant et harmonisant sur la digestion. C&#039;est pourquoi il est id\u00e9al pour les personnes qui accordent de l&#039;importance \u00e0 une alimentation \u00e9quilibr\u00e9e et \u00e0 une bonne sensation intestinale. Une cuiller\u00e9e le matin ou le soir peut renforcer en douceur votre bien-\u00eatre int\u00e9rieur.<\/p>\n<p><strong>Naturel, pur et polyvalent<\/strong><\/p>\n<p>Ce miel sp\u00e9cial provient de la vall\u00e9e de Waikura, une r\u00e9gion connue pour son miel de Manuka de haute qualit\u00e9. Ici, il est r\u00e9colt\u00e9 selon les normes de qualit\u00e9 les plus \u00e9lev\u00e9es. Le miel de Manuka Waikura 265+ est id\u00e9al pour tous ceux qui souhaitent b\u00e9n\u00e9ficier des avantages naturels du miel de Manuka, qu&#039;il soit pur, comme ingr\u00e9dient dans des boissons ou comme compl\u00e9ment sain \u00e0 leur alimentation quotidienne.<\/p>\n<p>En savoir plus sur <a href=\"https:\/\/www.waikura.co.nz\/farming-about-us\/\" target=\"_blank\" rel=\"noopener\">nos fermes dans la vall\u00e9e de Waikura.<\/a><strong><br \/>\n<\/strong><\/p>","protected":false},"excerpt":{"rendered":"<p>Waikura Manuka Honey 265+ est notre miel de Manuka de force moyenne. Il peut \u00eatre r\u00e9colt\u00e9 en quantit\u00e9 suffisante et offre ainsi la meilleure qualit\u00e9 \u00e0 un prix attractif. Il se caract\u00e9rise par sa consistance cr\u00e9meuse et son go\u00fbt d\u00e9licieusement \u00e9pic\u00e9.<\/p>","protected":false},"featured_media":4763,"template":"","meta":[],"product_brand":[],"product_cat":[49],"product_tag":[],"class_list":{"0":"post-1793","1":"product","2":"type-product","3":"status-publish","4":"has-post-thumbnail","6":"product_cat-honig","8":"first","9":"instock","10":"taxable","11":"shipping-taxable","12":"purchasable","13":"product-type-variable"},"yoast_head":"<!-- This site is optimized with the Yoast SEO plugin v27.4 - https:\/\/yoast.com\/product\/yoast-seo-wordpress\/ -->\n<title>Waikura Manuka-Honig 265+ - Waikura Manuka<\/title>\n<meta name=\"description\" content=\"Entdecken Sie unseren Waikura Manuka-Honig 265+. Cremig-s\u00e4mige Konsistenz und wohlschmeckend w\u00fcrziger Geschmack zu einem attraktiven Preis.\" \/>\n<meta name=\"robots\" content=\"index, follow, max-snippet:-1, max-image-preview:large, max-video-preview:-1\" \/>\n<link rel=\"canonical\" href=\"https:\/\/www.waikura-manuka.com\/fr\/p\/miel-de-manuka-de-waikura-265\/\" \/>\n<meta property=\"og:locale\" content=\"fr_FR\" \/>\n<meta property=\"og:type\" content=\"article\" \/>\n<meta property=\"og:title\" content=\"Waikura Manuka-Honig 265+ - Waikura Manuka\" \/>\n<meta property=\"og:description\" content=\"Entdecken Sie unseren Waikura Manuka-Honig 265+. Cremig-s\u00e4mige Konsistenz und wohlschmeckend w\u00fcrziger Geschmack zu einem attraktiven Preis.\" \/>\n<meta property=\"og:url\" content=\"https:\/\/www.waikura-manuka.com\/fr\/p\/miel-de-manuka-de-waikura-265\/\" \/>\n<meta property=\"og:site_name\" content=\"Waikura Manuka\" \/>\n<meta property=\"article:modified_time\" content=\"2025-03-25T13:28:12+00:00\" \/>\n<meta property=\"og:image\" content=\"https:\/\/www.waikura-manuka.com\/wp-content\/uploads\/2024\/07\/waikura-manuka-honig-265mgo.jpg\" \/>\n\t<meta property=\"og:image:width\" content=\"1920\" \/>\n\t<meta property=\"og:image:height\" content=\"1920\" \/>\n\t<meta property=\"og:image:type\" content=\"image\/jpeg\" \/>\n<meta name=\"twitter:card\" content=\"summary_large_image\" \/>\n<meta name=\"twitter:label1\" content=\"Dur\u00e9e de lecture estim\u00e9e\" \/>\n\t<meta name=\"twitter:data1\" content=\"2 minutes\" \/>\n<script type=\"application\/ld+json\" class=\"yoast-schema-graph\">{\"@context\":\"https:\\\/\\\/schema.org\",\"@graph\":[{\"@type\":\"WebPage\",\"@id\":\"https:\\\/\\\/www.waikura-manuka.com\\\/p\\\/waikura-manuka-honig-265\\\/\",\"url\":\"https:\\\/\\\/www.waikura-manuka.com\\\/p\\\/waikura-manuka-honig-265\\\/\",\"name\":\"Waikura Manuka-Honig 265+ - Waikura Manuka\",\"isPartOf\":{\"@id\":\"https:\\\/\\\/www.waikura-manuka.com\\\/#website\"},\"primaryImageOfPage\":{\"@id\":\"https:\\\/\\\/www.waikura-manuka.com\\\/p\\\/waikura-manuka-honig-265\\\/#primaryimage\"},\"image\":{\"@id\":\"https:\\\/\\\/www.waikura-manuka.com\\\/p\\\/waikura-manuka-honig-265\\\/#primaryimage\"},\"thumbnailUrl\":\"https:\\\/\\\/www.waikura-manuka.com\\\/wp-content\\\/uploads\\\/2024\\\/07\\\/waikura-manuka-honig-265mgo.jpg\",\"datePublished\":\"2022-04-03T10:16:45+00:00\",\"dateModified\":\"2025-03-25T13:28:12+00:00\",\"description\":\"Entdecken Sie unseren Waikura Manuka-Honig 265+. Cremig-s\u00e4mige Konsistenz und wohlschmeckend w\u00fcrziger Geschmack zu einem attraktiven Preis.\",\"breadcrumb\":{\"@id\":\"https:\\\/\\\/www.waikura-manuka.com\\\/p\\\/waikura-manuka-honig-265\\\/#breadcrumb\"},\"inLanguage\":\"fr-FR\",\"potentialAction\":[{\"@type\":\"ReadAction\",\"target\":[\"https:\\\/\\\/www.waikura-manuka.com\\\/p\\\/waikura-manuka-honig-265\\\/\"]}]},{\"@type\":\"ImageObject\",\"inLanguage\":\"fr-FR\",\"@id\":\"https:\\\/\\\/www.waikura-manuka.com\\\/p\\\/waikura-manuka-honig-265\\\/#primaryimage\",\"url\":\"https:\\\/\\\/www.waikura-manuka.com\\\/wp-content\\\/uploads\\\/2024\\\/07\\\/waikura-manuka-honig-265mgo.jpg\",\"contentUrl\":\"https:\\\/\\\/www.waikura-manuka.com\\\/wp-content\\\/uploads\\\/2024\\\/07\\\/waikura-manuka-honig-265mgo.jpg\",\"width\":1920,\"height\":1920,\"caption\":\"Waikura Manuka Honig MGO 265+ 250g und 500g\"},{\"@type\":\"BreadcrumbList\",\"@id\":\"https:\\\/\\\/www.waikura-manuka.com\\\/p\\\/waikura-manuka-honig-265\\\/#breadcrumb\",\"itemListElement\":[{\"@type\":\"ListItem\",\"position\":1,\"name\":\"Startseite\",\"item\":\"https:\\\/\\\/www.waikura-manuka.com\\\/\"},{\"@type\":\"ListItem\",\"position\":2,\"name\":\"Online Shop\",\"item\":\"https:\\\/\\\/www.waikura-manuka.com\\\/shop\\\/\"},{\"@type\":\"ListItem\",\"position\":3,\"name\":\"Waikura Manuka-Honig 265+\"}]},{\"@type\":\"WebSite\",\"@id\":\"https:\\\/\\\/www.waikura-manuka.com\\\/#website\",\"url\":\"https:\\\/\\\/www.waikura-manuka.com\\\/\",\"name\":\"Waikura Manuka\",\"description\":\"Manuka-Honig und Manuka-\u00d6l vom East Cape Neuseelands\",\"publisher\":{\"@id\":\"https:\\\/\\\/www.waikura-manuka.com\\\/#organization\"},\"potentialAction\":[{\"@type\":\"SearchAction\",\"target\":{\"@type\":\"EntryPoint\",\"urlTemplate\":\"https:\\\/\\\/www.waikura-manuka.com\\\/?s={search_term_string}\"},\"query-input\":{\"@type\":\"PropertyValueSpecification\",\"valueRequired\":true,\"valueName\":\"search_term_string\"}}],\"inLanguage\":\"fr-FR\"},{\"@type\":\"Organization\",\"@id\":\"https:\\\/\\\/www.waikura-manuka.com\\\/#organization\",\"name\":\"Waikura Manuka\",\"url\":\"https:\\\/\\\/www.waikura-manuka.com\\\/\",\"logo\":{\"@type\":\"ImageObject\",\"inLanguage\":\"fr-FR\",\"@id\":\"https:\\\/\\\/www.waikura-manuka.com\\\/#\\\/schema\\\/logo\\\/image\\\/\",\"url\":\"\",\"contentUrl\":\"\",\"caption\":\"Waikura Manuka\"},\"image\":{\"@id\":\"https:\\\/\\\/www.waikura-manuka.com\\\/#\\\/schema\\\/logo\\\/image\\\/\"}}]}<\/script>\n<!-- \/ Yoast SEO plugin. -->","yoast_head_json":{"title":"Waikura Manuka - Miel 265+ - Waikura Manuka","description":"D\u00e9couvrez notre Miel de Manuka Waikura - 265+. Cr\u00e9meux-Consistance cr\u00e9meuse et go\u00fbt d\u00e9licieusement \u00e9pic\u00e9 \u00e0 un prix attractif.","robots":{"index":"index","follow":"follow","max-snippet":"max-snippet:-1","max-image-preview":"max-image-preview:large","max-video-preview":"max-video-preview:-1"},"canonical":"https:\/\/www.waikura-manuka.com\/fr\/p\/miel-de-manuka-de-waikura-265\/","og_locale":"fr_FR","og_type":"article","og_title":"Waikura Manuka-Honig 265+ - Waikura Manuka","og_description":"Entdecken Sie unseren Waikura Manuka-Honig 265+. Cremig-s\u00e4mige Konsistenz und wohlschmeckend w\u00fcrziger Geschmack zu einem attraktiven Preis.","og_url":"https:\/\/www.waikura-manuka.com\/fr\/p\/miel-de-manuka-de-waikura-265\/","og_site_name":"Waikura Manuka","article_modified_time":"2025-03-25T13:28:12+00:00","og_image":[{"width":1920,"height":1920,"url":"https:\/\/www.waikura-manuka.com\/wp-content\/uploads\/2024\/07\/waikura-manuka-honig-265mgo.jpg","type":"image\/jpeg"}],"twitter_card":"summary_large_image","twitter_misc":{"Dur\u00e9e de lecture estim\u00e9e":"2 minutes"},"schema":{"@context":"https:\/\/schema.org","@graph":[{"@type":"WebPage","@id":"https:\/\/www.waikura-manuka.com\/p\/waikura-manuka-honig-265\/","url":"https:\/\/www.waikura-manuka.com\/p\/waikura-manuka-honig-265\/","name":"Waikura Manuka - Miel 265+ - Waikura Manuka","isPartOf":{"@id":"https:\/\/www.waikura-manuka.com\/#website"},"primaryImageOfPage":{"@id":"https:\/\/www.waikura-manuka.com\/p\/waikura-manuka-honig-265\/#primaryimage"},"image":{"@id":"https:\/\/www.waikura-manuka.com\/p\/waikura-manuka-honig-265\/#primaryimage"},"thumbnailUrl":"https:\/\/www.waikura-manuka.com\/wp-content\/uploads\/2024\/07\/waikura-manuka-honig-265mgo.jpg","datePublished":"2022-04-03T10:16:45+00:00","dateModified":"2025-03-25T13:28:12+00:00","description":"D\u00e9couvrez notre Miel de Manuka Waikura - 265+. Cr\u00e9meux-Consistance cr\u00e9meuse et go\u00fbt d\u00e9licieusement \u00e9pic\u00e9 \u00e0 un prix attractif.","breadcrumb":{"@id":"https:\/\/www.waikura-manuka.com\/p\/waikura-manuka-honig-265\/#breadcrumb"},"inLanguage":"fr-FR","potentialAction":[{"@type":"ReadAction","target":["https:\/\/www.waikura-manuka.com\/p\/waikura-manuka-honig-265\/"]}]},{"@type":"ImageObject","inLanguage":"fr-FR","@id":"https:\/\/www.waikura-manuka.com\/p\/waikura-manuka-honig-265\/#primaryimage","url":"https:\/\/www.waikura-manuka.com\/wp-content\/uploads\/2024\/07\/waikura-manuka-honig-265mgo.jpg","contentUrl":"https:\/\/www.waikura-manuka.com\/wp-content\/uploads\/2024\/07\/waikura-manuka-honig-265mgo.jpg","width":1920,"height":1920,"caption":"Waikura Manuka Honig MGO 265+ 250g und 500g"},{"@type":"BreadcrumbList","@id":"https:\/\/www.waikura-manuka.com\/p\/waikura-manuka-honig-265\/#breadcrumb","itemListElement":[{"@type":"ListItem","position":1,"name":"Startseite","item":"https:\/\/www.waikura-manuka.com\/"},{"@type":"ListItem","position":2,"name":"Online Shop","item":"https:\/\/www.waikura-manuka.com\/shop\/"},{"@type":"ListItem","position":3,"name":"Waikura Manuka-Honig 265+"}]},{"@type":"WebSite","@id":"https:\/\/www.waikura-manuka.com\/#website","url":"https:\/\/www.waikura-manuka.com\/","name":"Waikura Manuka","description":"Miel de Manuka-H et huile de Manuka- du Cap Est de Nouvelle-Z\u00e9lande","publisher":{"@id":"https:\/\/www.waikura-manuka.com\/#organization"},"potentialAction":[{"@type":"SearchAction","target":{"@type":"EntryPoint","urlTemplate":"https:\/\/www.waikura-manuka.com\/?s={search_term_string}"},"query-input":{"@type":"PropertyValueSpecification","valueRequired":true,"valueName":"search_term_string"}}],"inLanguage":"fr-FR"},{"@type":"Organization","@id":"https:\/\/www.waikura-manuka.com\/#organization","name":"Waikura Manuka","url":"https:\/\/www.waikura-manuka.com\/","logo":{"@type":"ImageObject","inLanguage":"fr-FR","@id":"https:\/\/www.waikura-manuka.com\/#\/schema\/logo\/image\/","url":"","contentUrl":"","caption":"Waikura Manuka"},"image":{"@id":"https:\/\/www.waikura-manuka.com\/#\/schema\/logo\/image\/"}}]}},"_links":{"self":[{"href":"https:\/\/www.waikura-manuka.com\/fr\/wp-json\/wp\/v2\/product\/1793","targetHints":{"allow":["GET"]}}],"collection":[{"href":"https:\/\/www.waikura-manuka.com\/fr\/wp-json\/wp\/v2\/product"}],"about":[{"href":"https:\/\/www.waikura-manuka.com\/fr\/wp-json\/wp\/v2\/types\/product"}],"version-history":[{"count":0,"href":"https:\/\/www.waikura-manuka.com\/fr\/wp-json\/wp\/v2\/product\/1793\/revisions"}],"wp:featuredmedia":[{"embeddable":true,"href":"https:\/\/www.waikura-manuka.com\/fr\/wp-json\/wp\/v2\/media\/4763"}],"wp:attachment":[{"href":"https:\/\/www.waikura-manuka.com\/fr\/wp-json\/wp\/v2\/media?parent=1793"}],"wp:term":[{"taxonomy":"product_brand","embeddable":true,"href":"https:\/\/www.waikura-manuka.com\/fr\/wp-json\/wp\/v2\/product_brand?post=1793"},{"taxonomy":"product_cat","embeddable":true,"href":"https:\/\/www.waikura-manuka.com\/fr\/wp-json\/wp\/v2\/product_cat?post=1793"},{"taxonomy":"product_tag","embeddable":true,"href":"https:\/\/www.waikura-manuka.com\/fr\/wp-json\/wp\/v2\/product_tag?post=1793"}],"curies":[{"name":"wp","href":"https:\/\/api.w.org\/{rel}","templated":true}]}}