{"id":1554,"date":"2022-03-03T14:54:27","date_gmt":"2022-03-03T13:54:27","guid":{"rendered":"https:\/\/nice.cloudconnection.ch\/manuka_webshop\/?post_type=product&#038;p=1554"},"modified":"2025-03-25T14:45:18","modified_gmt":"2025-03-25T13:45:18","slug":"miel-de-manuka-de-waikura-140","status":"publish","type":"product","link":"https:\/\/www.waikura-manuka.com\/fr\/p\/waikura-manuka-honig-140\/","title":{"rendered":"Miel de Manuka de Waikura 140 g"},"content":{"rendered":"<p><strong>Miel de Manuka 140+ : Un compagnon naturel au quotidien et id\u00e9al pour essayer le miel de Manuka pour la premi\u00e8re fois<\/strong><\/p>\n<p style=\"font-weight: 400;\">Le miel de Manuka Waikura 140+ Strength est notre miel de Manuka le plus faible. Il impressionne par sa consistance cr\u00e9meuse et son go\u00fbt d\u00e9licieusement \u00e9pic\u00e9.<\/p>\n<p style=\"font-weight: 400;\">Id\u00e9al pour conna\u00eetre et se familiariser avec les utilisations du miel de Manuka.<\/p>","protected":false},"excerpt":{"rendered":"<p>Le miel de Manuka de Waikura avec une force de 140+ est notre miel de Manuka avec la classe de force la plus basse. Il impressionne par sa consistance cr\u00e9meuse et son go\u00fbt d\u00e9licieusement \u00e9pic\u00e9. Id\u00e9al pour conna\u00eetre et se familiariser avec les utilisations du miel de Manuka.<\/p>","protected":false},"featured_media":4776,"template":"","meta":[],"product_brand":[],"product_cat":[49],"product_tag":[],"class_list":{"0":"post-1554","1":"product","2":"type-product","3":"status-publish","4":"has-post-thumbnail","6":"product_cat-honig","8":"first","9":"instock","10":"taxable","11":"shipping-taxable","12":"purchasable","13":"product-type-variable"},"yoast_head":"<!-- This site is optimized with the Yoast SEO plugin v27.4 - https:\/\/yoast.com\/product\/yoast-seo-wordpress\/ -->\n<title>Waikura Manuka-Honig 140+ - Waikura Manuka<\/title>\n<meta name=\"description\" content=\"Entdecken Sie unseren Waikura Manuka-Honig 140+. Cremig-s\u00e4mige Konsistenz und wohlschmeckend w\u00fcrziger Geschmack. Ideal zum Kennenlernen.\" \/>\n<meta name=\"robots\" content=\"index, follow, max-snippet:-1, max-image-preview:large, max-video-preview:-1\" \/>\n<link rel=\"canonical\" href=\"https:\/\/www.waikura-manuka.com\/fr\/p\/miel-de-manuka-de-waikura-140\/\" \/>\n<meta property=\"og:locale\" content=\"fr_FR\" \/>\n<meta property=\"og:type\" content=\"article\" \/>\n<meta property=\"og:title\" content=\"Waikura Manuka-Honig 140+ - Waikura Manuka\" \/>\n<meta property=\"og:description\" content=\"Entdecken Sie unseren Waikura Manuka-Honig 140+. Cremig-s\u00e4mige Konsistenz und wohlschmeckend w\u00fcrziger Geschmack. Ideal zum Kennenlernen.\" \/>\n<meta property=\"og:url\" content=\"https:\/\/www.waikura-manuka.com\/fr\/p\/miel-de-manuka-de-waikura-140\/\" \/>\n<meta property=\"og:site_name\" content=\"Waikura Manuka\" \/>\n<meta property=\"article:modified_time\" content=\"2025-03-25T13:45:18+00:00\" \/>\n<meta property=\"og:image\" content=\"https:\/\/www.waikura-manuka.com\/wp-content\/uploads\/2024\/07\/waikura-manuka-honig-140mgo-1.jpg\" \/>\n\t<meta property=\"og:image:width\" content=\"1920\" \/>\n\t<meta property=\"og:image:height\" content=\"1920\" \/>\n\t<meta property=\"og:image:type\" content=\"image\/jpeg\" \/>\n<meta name=\"twitter:card\" content=\"summary_large_image\" \/>\n<meta name=\"twitter:label1\" content=\"Dur\u00e9e de lecture estim\u00e9e\" \/>\n\t<meta name=\"twitter:data1\" content=\"1 minute\" \/>\n<script type=\"application\/ld+json\" class=\"yoast-schema-graph\">{\"@context\":\"https:\\\/\\\/schema.org\",\"@graph\":[{\"@type\":\"WebPage\",\"@id\":\"https:\\\/\\\/www.waikura-manuka.com\\\/p\\\/waikura-manuka-honig-140\\\/\",\"url\":\"https:\\\/\\\/www.waikura-manuka.com\\\/p\\\/waikura-manuka-honig-140\\\/\",\"name\":\"Waikura Manuka-Honig 140+ - Waikura Manuka\",\"isPartOf\":{\"@id\":\"https:\\\/\\\/www.waikura-manuka.com\\\/#website\"},\"primaryImageOfPage\":{\"@id\":\"https:\\\/\\\/www.waikura-manuka.com\\\/p\\\/waikura-manuka-honig-140\\\/#primaryimage\"},\"image\":{\"@id\":\"https:\\\/\\\/www.waikura-manuka.com\\\/p\\\/waikura-manuka-honig-140\\\/#primaryimage\"},\"thumbnailUrl\":\"https:\\\/\\\/www.waikura-manuka.com\\\/wp-content\\\/uploads\\\/2024\\\/07\\\/waikura-manuka-honig-140mgo-1.jpg\",\"datePublished\":\"2022-03-03T13:54:27+00:00\",\"dateModified\":\"2025-03-25T13:45:18+00:00\",\"description\":\"Entdecken Sie unseren Waikura Manuka-Honig 140+. Cremig-s\u00e4mige Konsistenz und wohlschmeckend w\u00fcrziger Geschmack. Ideal zum Kennenlernen.\",\"breadcrumb\":{\"@id\":\"https:\\\/\\\/www.waikura-manuka.com\\\/p\\\/waikura-manuka-honig-140\\\/#breadcrumb\"},\"inLanguage\":\"fr-FR\",\"potentialAction\":[{\"@type\":\"ReadAction\",\"target\":[\"https:\\\/\\\/www.waikura-manuka.com\\\/p\\\/waikura-manuka-honig-140\\\/\"]}]},{\"@type\":\"ImageObject\",\"inLanguage\":\"fr-FR\",\"@id\":\"https:\\\/\\\/www.waikura-manuka.com\\\/p\\\/waikura-manuka-honig-140\\\/#primaryimage\",\"url\":\"https:\\\/\\\/www.waikura-manuka.com\\\/wp-content\\\/uploads\\\/2024\\\/07\\\/waikura-manuka-honig-140mgo-1.jpg\",\"contentUrl\":\"https:\\\/\\\/www.waikura-manuka.com\\\/wp-content\\\/uploads\\\/2024\\\/07\\\/waikura-manuka-honig-140mgo-1.jpg\",\"width\":1920,\"height\":1920,\"caption\":\"Waikura Manuka Honig MGO 140+ 250g und 500g\"},{\"@type\":\"BreadcrumbList\",\"@id\":\"https:\\\/\\\/www.waikura-manuka.com\\\/p\\\/waikura-manuka-honig-140\\\/#breadcrumb\",\"itemListElement\":[{\"@type\":\"ListItem\",\"position\":1,\"name\":\"Startseite\",\"item\":\"https:\\\/\\\/www.waikura-manuka.com\\\/\"},{\"@type\":\"ListItem\",\"position\":2,\"name\":\"Online Shop\",\"item\":\"https:\\\/\\\/www.waikura-manuka.com\\\/shop\\\/\"},{\"@type\":\"ListItem\",\"position\":3,\"name\":\"Waikura Manuka-Honig 140+\"}]},{\"@type\":\"WebSite\",\"@id\":\"https:\\\/\\\/www.waikura-manuka.com\\\/#website\",\"url\":\"https:\\\/\\\/www.waikura-manuka.com\\\/\",\"name\":\"Waikura Manuka\",\"description\":\"Manuka-Honig und Manuka-\u00d6l vom East Cape Neuseelands\",\"publisher\":{\"@id\":\"https:\\\/\\\/www.waikura-manuka.com\\\/#organization\"},\"potentialAction\":[{\"@type\":\"SearchAction\",\"target\":{\"@type\":\"EntryPoint\",\"urlTemplate\":\"https:\\\/\\\/www.waikura-manuka.com\\\/?s={search_term_string}\"},\"query-input\":{\"@type\":\"PropertyValueSpecification\",\"valueRequired\":true,\"valueName\":\"search_term_string\"}}],\"inLanguage\":\"fr-FR\"},{\"@type\":\"Organization\",\"@id\":\"https:\\\/\\\/www.waikura-manuka.com\\\/#organization\",\"name\":\"Waikura Manuka\",\"url\":\"https:\\\/\\\/www.waikura-manuka.com\\\/\",\"logo\":{\"@type\":\"ImageObject\",\"inLanguage\":\"fr-FR\",\"@id\":\"https:\\\/\\\/www.waikura-manuka.com\\\/#\\\/schema\\\/logo\\\/image\\\/\",\"url\":\"\",\"contentUrl\":\"\",\"caption\":\"Waikura Manuka\"},\"image\":{\"@id\":\"https:\\\/\\\/www.waikura-manuka.com\\\/#\\\/schema\\\/logo\\\/image\\\/\"}}]}<\/script>\n<!-- \/ Yoast SEO plugin. -->","yoast_head_json":{"title":"Miel de Manuka de Waikura 140+ - Miel de Manuka de Waikura","description":"D\u00e9couvrez notre Waikura Manuka 1TP 10T Honey 140+. Cr\u00e9meux-Consistance cr\u00e9meuse et go\u00fbt d\u00e9licieusement \u00e9pic\u00e9. Id\u00e9al pour faire connaissance.","robots":{"index":"index","follow":"follow","max-snippet":"max-snippet:-1","max-image-preview":"max-image-preview:large","max-video-preview":"max-video-preview:-1"},"canonical":"https:\/\/www.waikura-manuka.com\/fr\/p\/miel-de-manuka-de-waikura-140\/","og_locale":"fr_FR","og_type":"article","og_title":"Waikura Manuka-Honig 140+ - Waikura Manuka","og_description":"Entdecken Sie unseren Waikura Manuka-Honig 140+. Cremig-s\u00e4mige Konsistenz und wohlschmeckend w\u00fcrziger Geschmack. Ideal zum Kennenlernen.","og_url":"https:\/\/www.waikura-manuka.com\/fr\/p\/miel-de-manuka-de-waikura-140\/","og_site_name":"Waikura Manuka","article_modified_time":"2025-03-25T13:45:18+00:00","og_image":[{"width":1920,"height":1920,"url":"https:\/\/www.waikura-manuka.com\/wp-content\/uploads\/2024\/07\/waikura-manuka-honig-140mgo-1.jpg","type":"image\/jpeg"}],"twitter_card":"summary_large_image","twitter_misc":{"Dur\u00e9e de lecture estim\u00e9e":"1 minute"},"schema":{"@context":"https:\/\/schema.org","@graph":[{"@type":"WebPage","@id":"https:\/\/www.waikura-manuka.com\/p\/waikura-manuka-honig-140\/","url":"https:\/\/www.waikura-manuka.com\/p\/waikura-manuka-honig-140\/","name":"Miel de Manuka de Waikura 140+ - Miel de Manuka de Waikura","isPartOf":{"@id":"https:\/\/www.waikura-manuka.com\/#website"},"primaryImageOfPage":{"@id":"https:\/\/www.waikura-manuka.com\/p\/waikura-manuka-honig-140\/#primaryimage"},"image":{"@id":"https:\/\/www.waikura-manuka.com\/p\/waikura-manuka-honig-140\/#primaryimage"},"thumbnailUrl":"https:\/\/www.waikura-manuka.com\/wp-content\/uploads\/2024\/07\/waikura-manuka-honig-140mgo-1.jpg","datePublished":"2022-03-03T13:54:27+00:00","dateModified":"2025-03-25T13:45:18+00:00","description":"D\u00e9couvrez notre Waikura Manuka 1TP 10T Honey 140+. Cr\u00e9meux-Consistance cr\u00e9meuse et go\u00fbt d\u00e9licieusement \u00e9pic\u00e9. Id\u00e9al pour faire connaissance.","breadcrumb":{"@id":"https:\/\/www.waikura-manuka.com\/p\/waikura-manuka-honig-140\/#breadcrumb"},"inLanguage":"fr-FR","potentialAction":[{"@type":"ReadAction","target":["https:\/\/www.waikura-manuka.com\/p\/waikura-manuka-honig-140\/"]}]},{"@type":"ImageObject","inLanguage":"fr-FR","@id":"https:\/\/www.waikura-manuka.com\/p\/waikura-manuka-honig-140\/#primaryimage","url":"https:\/\/www.waikura-manuka.com\/wp-content\/uploads\/2024\/07\/waikura-manuka-honig-140mgo-1.jpg","contentUrl":"https:\/\/www.waikura-manuka.com\/wp-content\/uploads\/2024\/07\/waikura-manuka-honig-140mgo-1.jpg","width":1920,"height":1920,"caption":"Waikura Manuka Honig MGO 140+ 250g und 500g"},{"@type":"BreadcrumbList","@id":"https:\/\/www.waikura-manuka.com\/p\/waikura-manuka-honig-140\/#breadcrumb","itemListElement":[{"@type":"ListItem","position":1,"name":"Startseite","item":"https:\/\/www.waikura-manuka.com\/"},{"@type":"ListItem","position":2,"name":"Online Shop","item":"https:\/\/www.waikura-manuka.com\/shop\/"},{"@type":"ListItem","position":3,"name":"Waikura Manuka-Honig 140+"}]},{"@type":"WebSite","@id":"https:\/\/www.waikura-manuka.com\/#website","url":"https:\/\/www.waikura-manuka.com\/","name":"Waikura Manuka","description":"Miel de Manuka-H et huile de Manuka- du Cap Est de Nouvelle-Z\u00e9lande","publisher":{"@id":"https:\/\/www.waikura-manuka.com\/#organization"},"potentialAction":[{"@type":"SearchAction","target":{"@type":"EntryPoint","urlTemplate":"https:\/\/www.waikura-manuka.com\/?s={search_term_string}"},"query-input":{"@type":"PropertyValueSpecification","valueRequired":true,"valueName":"search_term_string"}}],"inLanguage":"fr-FR"},{"@type":"Organization","@id":"https:\/\/www.waikura-manuka.com\/#organization","name":"Waikura Manuka","url":"https:\/\/www.waikura-manuka.com\/","logo":{"@type":"ImageObject","inLanguage":"fr-FR","@id":"https:\/\/www.waikura-manuka.com\/#\/schema\/logo\/image\/","url":"","contentUrl":"","caption":"Waikura Manuka"},"image":{"@id":"https:\/\/www.waikura-manuka.com\/#\/schema\/logo\/image\/"}}]}},"_links":{"self":[{"href":"https:\/\/www.waikura-manuka.com\/fr\/wp-json\/wp\/v2\/product\/1554","targetHints":{"allow":["GET"]}}],"collection":[{"href":"https:\/\/www.waikura-manuka.com\/fr\/wp-json\/wp\/v2\/product"}],"about":[{"href":"https:\/\/www.waikura-manuka.com\/fr\/wp-json\/wp\/v2\/types\/product"}],"version-history":[{"count":0,"href":"https:\/\/www.waikura-manuka.com\/fr\/wp-json\/wp\/v2\/product\/1554\/revisions"}],"wp:featuredmedia":[{"embeddable":true,"href":"https:\/\/www.waikura-manuka.com\/fr\/wp-json\/wp\/v2\/media\/4776"}],"wp:attachment":[{"href":"https:\/\/www.waikura-manuka.com\/fr\/wp-json\/wp\/v2\/media?parent=1554"}],"wp:term":[{"taxonomy":"product_brand","embeddable":true,"href":"https:\/\/www.waikura-manuka.com\/fr\/wp-json\/wp\/v2\/product_brand?post=1554"},{"taxonomy":"product_cat","embeddable":true,"href":"https:\/\/www.waikura-manuka.com\/fr\/wp-json\/wp\/v2\/product_cat?post=1554"},{"taxonomy":"product_tag","embeddable":true,"href":"https:\/\/www.waikura-manuka.com\/fr\/wp-json\/wp\/v2\/product_tag?post=1554"}],"curies":[{"name":"wp","href":"https:\/\/api.w.org\/{rel}","templated":true}]}}