{"id":866,"date":"2020-03-10T15:23:06","date_gmt":"2020-03-10T14:23:06","guid":{"rendered":"https:\/\/www.waikura-manuka.com\/?page_id=866"},"modified":"2024-07-03T15:59:08","modified_gmt":"2024-07-03T13:59:08","slug":"huile-de-manuka","status":"publish","type":"page","link":"https:\/\/www.waikura-manuka.com\/fr\/manuka-oel\/","title":{"rendered":"Huile de Manuka"},"content":{"rendered":"\t\t<div data-elementor-type=\"wp-post\" data-elementor-id=\"866\" class=\"elementor elementor-866\" data-elementor-post-type=\"page\">\n\t\t\t\t\t\t<section class=\"elementor-section elementor-top-section elementor-element elementor-element-b4c0f98 elementor-section-full_width elementor-section-height-default elementor-section-height-default\" data-id=\"b4c0f98\" data-element_type=\"section\" data-e-type=\"section\" data-settings=\"{&quot;background_background&quot;:&quot;classic&quot;,&quot;motion_fx_motion_fx_scrolling&quot;:&quot;yes&quot;,&quot;motion_fx_devices&quot;:[&quot;desktop&quot;,&quot;tablet&quot;,&quot;mobile&quot;]}\">\n\t\t\t\t\t\t<div class=\"elementor-container elementor-column-gap-no\">\n\t\t\t\t\t<div class=\"elementor-column elementor-col-100 elementor-top-column elementor-element elementor-element-925f28f\" data-id=\"925f28f\" data-element_type=\"column\" data-e-type=\"column\">\n\t\t\t<div class=\"elementor-widget-wrap elementor-element-populated\">\n\t\t\t\t\t\t<div class=\"elementor-element elementor-element-815d8d4 elementor--h-position-center elementor--v-position-middle elementor-arrows-position-inside elementor-pagination-position-inside elementor-widget elementor-widget-slides\" data-id=\"815d8d4\" data-element_type=\"widget\" data-e-type=\"widget\" data-settings=\"{&quot;transition_speed&quot;:800,&quot;navigation&quot;:&quot;both&quot;,&quot;autoplay&quot;:&quot;yes&quot;,&quot;autoplay_speed&quot;:5000,&quot;infinite&quot;:&quot;yes&quot;,&quot;transition&quot;:&quot;slide&quot;}\" data-widget_type=\"slides.default\">\n\t\t\t\t<div class=\"elementor-widget-container\">\n\t\t\t\t\t\t\t\t\t<div class=\"elementor-swiper\">\n\t\t\t\t\t<div class=\"elementor-slides-wrapper elementor-main-swiper swiper\" role=\"region\" aria-roledescription=\"carousel\" aria-label=\"Diapositives\" dir=\"ltr\" data-animation=\"fadeInUp\">\n\t\t\t\t<div class=\"swiper-wrapper elementor-slides\">\n\t\t\t\t\t\t\t\t\t\t<div class=\"elementor-repeater-item-37a99f8 swiper-slide\" role=\"group\" aria-roledescription=\"slide\"><div class=\"swiper-slide-bg\" role=\"img\" aria-label=\"Manka_Oel_Mood_1920x1280\"><\/div><div class=\"swiper-slide-inner\" ><div class=\"swiper-slide-contents\"><\/div><\/div><\/div><div class=\"elementor-repeater-item-0c61d97 swiper-slide\" role=\"group\" aria-roledescription=\"slide\"><div class=\"swiper-slide-bg\" role=\"img\" aria-label=\"Ernte_1920x1280\"><\/div><div class=\"swiper-slide-inner\" ><div class=\"swiper-slide-contents\"><\/div><\/div><\/div><div class=\"elementor-repeater-item-1184d8f swiper-slide\" role=\"group\" aria-roledescription=\"slide\"><div class=\"swiper-slide-bg\" role=\"img\" aria-label=\"Distillerie_1920x1280\"><\/div><div class=\"swiper-slide-inner\" ><div class=\"swiper-slide-contents\"><\/div><\/div><\/div>\t\t\t\t<\/div>\n\t\t\t\t\t\t\t\t\t\t\t\t\t\t\t<div class=\"elementor-swiper-button elementor-swiper-button-prev\" role=\"button\" tabindex=\"0\" aria-label=\"Diapositive pr\u00e9c\u00e9dente\">\n\t\t\t\t\t\t\t<svg aria-hidden=\"true\" class=\"e-font-icon-svg e-eicon-chevron-left\" viewBox=\"0 0 1000 1000\" xmlns=\"http:\/\/www.w3.org\/2000\/svg\"><path d=\"M646 125C629 125 613 133 604 142L308 442C296 454 292 471 292 487 292 504 296 521 308 533L604 854C617 867 629 875 646 875 663 875 679 871 692 858 704 846 713 829 713 812 713 796 708 779 692 767L438 487 692 225C700 217 708 204 708 187 708 171 704 154 692 142 675 129 663 125 646 125Z\"><\/path><\/svg>\t\t\t\t\t\t<\/div>\n\t\t\t\t\t\t<div class=\"elementor-swiper-button elementor-swiper-button-next\" role=\"button\" tabindex=\"0\" aria-label=\"Diapositive suivante\">\n\t\t\t\t\t\t\t<svg aria-hidden=\"true\" class=\"e-font-icon-svg e-eicon-chevron-right\" viewBox=\"0 0 1000 1000\" xmlns=\"http:\/\/www.w3.org\/2000\/svg\"><path d=\"M696 533C708 521 713 504 713 487 713 471 708 454 696 446L400 146C388 133 375 125 354 125 338 125 325 129 313 142 300 154 292 171 292 187 292 204 296 221 308 233L563 492 304 771C292 783 288 800 288 817 288 833 296 850 308 863 321 871 338 875 354 875 371 875 388 867 400 854L696 533Z\"><\/path><\/svg>\t\t\t\t\t\t<\/div>\n\t\t\t\t\t\t\t\t\t\t\t\t\t\t\t\t<div class=\"swiper-pagination\"><\/div>\n\t\t\t\t\t\t\t\t\t\t\t\t<\/div>\n\t\t\t\t<\/div>\n\t\t\t\t\t\t\t\t<\/div>\n\t\t\t\t<\/div>\n\t\t\t\t\t<\/div>\n\t\t<\/div>\n\t\t\t\t\t<\/div>\n\t\t<\/section>\n\t\t\t\t<section class=\"elementor-section elementor-top-section elementor-element elementor-element-0b010c1 elementor-section-boxed elementor-section-height-default elementor-section-height-default\" data-id=\"0b010c1\" data-element_type=\"section\" data-e-type=\"section\" data-settings=\"{&quot;background_background&quot;:&quot;classic&quot;}\">\n\t\t\t\t\t\t<div class=\"elementor-container elementor-column-gap-no\">\n\t\t\t\t\t<div class=\"elementor-column elementor-col-100 elementor-top-column elementor-element elementor-element-cb8b6a3\" data-id=\"cb8b6a3\" data-element_type=\"column\" data-e-type=\"column\">\n\t\t\t<div class=\"elementor-widget-wrap elementor-element-populated\">\n\t\t\t\t\t\t<div class=\"elementor-element elementor-element-55983b2 elementor-widget elementor-widget-heading\" data-id=\"55983b2\" data-element_type=\"widget\" data-e-type=\"widget\" data-widget_type=\"heading.default\">\n\t\t\t\t<div class=\"elementor-widget-container\">\n\t\t\t\t\t<h1 class=\"elementor-heading-title elementor-size-default\">Manuka-\u00d6l aus dem Waikura Valley<\/h1>\t\t\t\t<\/div>\n\t\t\t\t<\/div>\n\t\t\t\t<div class=\"elementor-element elementor-element-199b710 elementor-widget elementor-widget-heading\" data-id=\"199b710\" data-element_type=\"widget\" data-e-type=\"widget\" data-widget_type=\"heading.default\">\n\t\t\t\t<div class=\"elementor-widget-container\">\n\t\t\t\t\t<h5 class=\"elementor-heading-title elementor-size-default\">Starke nat\u00fcrliche antibakterielle Wirkung <\/h5>\t\t\t\t<\/div>\n\t\t\t\t<\/div>\n\t\t\t\t\t<\/div>\n\t\t<\/div>\n\t\t\t\t\t<\/div>\n\t\t<\/section>\n\t\t\t\t<section class=\"elementor-section elementor-top-section elementor-element elementor-element-a555612 elementor-section-boxed elementor-section-height-default elementor-section-height-default\" data-id=\"a555612\" data-element_type=\"section\" data-e-type=\"section\">\n\t\t\t\t\t\t<div class=\"elementor-container elementor-column-gap-no\">\n\t\t\t\t\t<div class=\"elementor-column elementor-col-100 elementor-top-column elementor-element elementor-element-493c3f8\" data-id=\"493c3f8\" data-element_type=\"column\" data-e-type=\"column\">\n\t\t\t<div class=\"elementor-widget-wrap elementor-element-populated\">\n\t\t\t\t\t\t<div class=\"elementor-element elementor-element-c2df9e5 elementor-widget elementor-widget-text-editor\" data-id=\"c2df9e5\" data-element_type=\"widget\" data-e-type=\"widget\" data-widget_type=\"text-editor.default\">\n\t\t\t\t<div class=\"elementor-widget-container\">\n\t\t\t\t\t\t\t\t\t<p>Durch die steigende Popularit\u00e4t des Manuka-Honigs gewinnt auch das Manuka-\u00d6l immer mehr an Beliebtheit. Unser naturreines, \u00e4therisches \u00d6l wird aus den Bl\u00e4ttern und Zweigen der S\u00fcdseemyrthe gewonnen. Inhaltsstoffe, die der Pflanze als nat\u00fcrlichen Schutz dienen, k\u00f6nnen so extrahiert und genutzt werden.<\/p>\t\t\t\t\t\t\t\t<\/div>\n\t\t\t\t<\/div>\n\t\t\t\t\t<\/div>\n\t\t<\/div>\n\t\t\t\t\t<\/div>\n\t\t<\/section>\n\t\t\t\t<section class=\"elementor-section elementor-top-section elementor-element elementor-element-e4cac46 elementor-reverse-mobile elementor-section-boxed elementor-section-height-default elementor-section-height-default\" data-id=\"e4cac46\" data-element_type=\"section\" data-e-type=\"section\" data-settings=\"{&quot;background_background&quot;:&quot;classic&quot;}\">\n\t\t\t\t\t\t<div class=\"elementor-container elementor-column-gap-no\">\n\t\t\t\t\t<div class=\"elementor-column elementor-col-50 elementor-top-column elementor-element elementor-element-636b2a9\" data-id=\"636b2a9\" data-element_type=\"column\" data-e-type=\"column\" data-settings=\"{&quot;background_background&quot;:&quot;classic&quot;}\">\n\t\t\t<div class=\"elementor-widget-wrap elementor-element-populated\">\n\t\t\t\t\t\t<div class=\"elementor-element elementor-element-ac52f65 elementor-widget elementor-widget-spacer\" data-id=\"ac52f65\" data-element_type=\"widget\" data-e-type=\"widget\" data-widget_type=\"spacer.default\">\n\t\t\t\t<div class=\"elementor-widget-container\">\n\t\t\t\t\t\t\t<div class=\"elementor-spacer\">\n\t\t\t<div class=\"elementor-spacer-inner\"><\/div>\n\t\t<\/div>\n\t\t\t\t\t\t<\/div>\n\t\t\t\t<\/div>\n\t\t\t\t\t<\/div>\n\t\t<\/div>\n\t\t\t\t<div class=\"elementor-column elementor-col-50 elementor-top-column elementor-element elementor-element-5c2ebb2\" data-id=\"5c2ebb2\" data-element_type=\"column\" data-e-type=\"column\">\n\t\t\t<div class=\"elementor-widget-wrap elementor-element-populated\">\n\t\t\t\t\t\t<div class=\"elementor-element elementor-element-6b902f3 elementor-widget elementor-widget-heading\" data-id=\"6b902f3\" data-element_type=\"widget\" data-e-type=\"widget\" data-widget_type=\"heading.default\">\n\t\t\t\t<div class=\"elementor-widget-container\">\n\t\t\t\t\t<h3 class=\"elementor-heading-title elementor-size-default\">Anwendung<\/h3>\t\t\t\t<\/div>\n\t\t\t\t<\/div>\n\t\t\t\t<div class=\"elementor-element elementor-element-610749f elementor-widget elementor-widget-text-editor\" data-id=\"610749f\" data-element_type=\"widget\" data-e-type=\"widget\" data-widget_type=\"text-editor.default\">\n\t\t\t\t<div class=\"elementor-widget-container\">\n\t\t\t\t\t\t\t\t\t<p>Manuka-\u00d6l gewinnt weltweit an Beliebtheit zur Anwendung in der Aromatherapie, bei Hautproblemen, Allergien und Entz\u00fcndungen.<\/p><p>In reiner Form wird Manuka-\u00d6l vor allem als Duftstoff genutzt.\u00a0Gel\u00f6st in mildem Pflanzen\u00f6l (zB. Mandel\u00f6l) wird Manuka-\u00d6l f\u00fcr die\u00a0externe k\u00f6rperliche Anwendung verwendet.\u00a0Hierbei werden insbesondere die starken antibakteriellen Eigenschaften genutzt.<\/p><p>Der Anteil des antibakteriellen Wirkstoffes\u00a0<a href=\"http:\/\/www.mbtk.org.nz\/\" target=\"_blank\" rel=\"noopener\">Beta-Triketone<\/a>\u00a0ist in unserem Manuka-\u00d6l besonders hoch. Dies macht es ideal f\u00fcr alle m\u00f6glichen Anwendungen.<\/p>\t\t\t\t\t\t\t\t<\/div>\n\t\t\t\t<\/div>\n\t\t\t\t<div class=\"elementor-element elementor-element-15ef8d8 elementor-widget elementor-widget-button\" data-id=\"15ef8d8\" data-element_type=\"widget\" data-e-type=\"widget\" data-widget_type=\"button.default\">\n\t\t\t\t<div class=\"elementor-widget-container\">\n\t\t\t\t\t\t\t\t\t<div class=\"elementor-button-wrapper\">\n\t\t\t\t\t<a class=\"elementor-button elementor-button-link elementor-size-sm\" href=\"https:\/\/www.waikura-manuka.com\/product\/waikura-manuka-oel-btk-20\/\">\n\t\t\t\t\t\t<span class=\"elementor-button-content-wrapper\">\n\t\t\t\t\t\t\t\t\t<span class=\"elementor-button-text\">Online bestellen<\/span>\n\t\t\t\t\t<\/span>\n\t\t\t\t\t<\/a>\n\t\t\t\t<\/div>\n\t\t\t\t\t\t\t\t<\/div>\n\t\t\t\t<\/div>\n\t\t\t\t\t<\/div>\n\t\t<\/div>\n\t\t\t\t\t<\/div>\n\t\t<\/section>\n\t\t\t\t<section class=\"elementor-section elementor-top-section elementor-element elementor-element-f209ecd elementor-reverse-mobile elementor-section-boxed elementor-section-height-default elementor-section-height-default\" data-id=\"f209ecd\" data-element_type=\"section\" data-e-type=\"section\" data-settings=\"{&quot;background_background&quot;:&quot;classic&quot;}\">\n\t\t\t\t\t\t<div class=\"elementor-container elementor-column-gap-no\">\n\t\t\t\t\t<div class=\"elementor-column elementor-col-50 elementor-top-column elementor-element elementor-element-46e015b\" data-id=\"46e015b\" data-element_type=\"column\" data-e-type=\"column\">\n\t\t\t<div class=\"elementor-widget-wrap elementor-element-populated\">\n\t\t\t\t\t\t<div class=\"elementor-element elementor-element-17c9bc2 elementor-widget elementor-widget-image\" data-id=\"17c9bc2\" data-element_type=\"widget\" data-e-type=\"widget\" data-widget_type=\"image.default\">\n\t\t\t\t<div class=\"elementor-widget-container\">\n\t\t\t\t\t\t\t\t\t\t\t\t\t\t\t<img fetchpriority=\"high\" decoding=\"async\" width=\"1280\" height=\"1280\" src=\"https:\/\/www.waikura-manuka.com\/wp-content\/uploads\/2021\/06\/wasserdampfdestillation_schematisch.jpg\" class=\"attachment-full size-full wp-image-1360\" alt=\"\" srcset=\"https:\/\/www.waikura-manuka.com\/wp-content\/uploads\/2021\/06\/wasserdampfdestillation_schematisch.jpg 1280w, https:\/\/www.waikura-manuka.com\/wp-content\/uploads\/2021\/06\/wasserdampfdestillation_schematisch-800x800.jpg 800w, https:\/\/www.waikura-manuka.com\/wp-content\/uploads\/2021\/06\/wasserdampfdestillation_schematisch-300x300.jpg 300w, https:\/\/www.waikura-manuka.com\/wp-content\/uploads\/2021\/06\/wasserdampfdestillation_schematisch-1000x1000.jpg 1000w, https:\/\/www.waikura-manuka.com\/wp-content\/uploads\/2021\/06\/wasserdampfdestillation_schematisch-1024x1024.jpg 1024w, https:\/\/www.waikura-manuka.com\/wp-content\/uploads\/2021\/06\/wasserdampfdestillation_schematisch-150x150.jpg 150w, https:\/\/www.waikura-manuka.com\/wp-content\/uploads\/2021\/06\/wasserdampfdestillation_schematisch-768x768.jpg 768w, https:\/\/www.waikura-manuka.com\/wp-content\/uploads\/2021\/06\/wasserdampfdestillation_schematisch-12x12.jpg 12w, https:\/\/www.waikura-manuka.com\/wp-content\/uploads\/2021\/06\/wasserdampfdestillation_schematisch-1080x1080.jpg 1080w, https:\/\/www.waikura-manuka.com\/wp-content\/uploads\/2021\/06\/wasserdampfdestillation_schematisch-700x700.jpg 700w, https:\/\/www.waikura-manuka.com\/wp-content\/uploads\/2021\/06\/wasserdampfdestillation_schematisch-400x400.jpg 400w\" sizes=\"(max-width: 1280px) 100vw, 1280px\" \/>\t\t\t\t\t\t\t\t\t\t\t\t\t\t\t<\/div>\n\t\t\t\t<\/div>\n\t\t\t\t\t<\/div>\n\t\t<\/div>\n\t\t\t\t<div class=\"elementor-column elementor-col-50 elementor-top-column elementor-element elementor-element-8f69b41\" data-id=\"8f69b41\" data-element_type=\"column\" data-e-type=\"column\">\n\t\t\t<div class=\"elementor-widget-wrap elementor-element-populated\">\n\t\t\t\t\t\t<div class=\"elementor-element elementor-element-24e2e7c elementor-widget elementor-widget-heading\" data-id=\"24e2e7c\" data-element_type=\"widget\" data-e-type=\"widget\" data-widget_type=\"heading.default\">\n\t\t\t\t<div class=\"elementor-widget-container\">\n\t\t\t\t\t<h3 class=\"elementor-heading-title elementor-size-default\">Gewinnung<\/h3>\t\t\t\t<\/div>\n\t\t\t\t<\/div>\n\t\t\t\t<div class=\"elementor-element elementor-element-0f51021 elementor-widget elementor-widget-text-editor\" data-id=\"0f51021\" data-element_type=\"widget\" data-e-type=\"widget\" data-widget_type=\"text-editor.default\">\n\t\t\t\t<div class=\"elementor-widget-container\">\n\t\t\t\t\t\t\t\t\t<p>Unser Manuka-\u00d6l und Kanuka-\u00d6l wird mittels schonender Wasserdampfdestillation aus den Bl\u00e4ttern und Zweigen extrahiert. Die Destillation wird unmittelbar nach der Ernte im Waikura Valley durchgef\u00fchrt. So k\u00f6nnen wir garantieren, dass die leicht fl\u00fcchtigen Inhaltsstoffe nicht entweichen und unser \u00d6l den h\u00f6chsten Qualit\u00e4tsanspr\u00fcchen gerecht wird. Abgef\u00fcllt wird das \u00d6l in pharmazeutisches Braunglas, welches einen optimalen Schutz gew\u00e4hrleistet.<\/p>\t\t\t\t\t\t\t\t<\/div>\n\t\t\t\t<\/div>\n\t\t\t\t\t<\/div>\n\t\t<\/div>\n\t\t\t\t\t<\/div>\n\t\t<\/section>\n\t\t\t\t<\/div>\n\t\t","protected":false},"excerpt":{"rendered":"<p>Previous slide Next slide Manuka-\u00d6l aus dem Waikura Valley Starke nat\u00fcrliche antibakterielle Wirkung Durch die steigende Popularit\u00e4t des Manuka-Honigs gewinnt auch das Manuka-\u00d6l immer mehr an Beliebtheit. Unser naturreines, \u00e4therisches \u00d6l wird aus den Bl\u00e4ttern und Zweigen der S\u00fcdseemyrthe gewonnen. Inhaltsstoffe, die der Pflanze als nat\u00fcrlichen Schutz dienen, k\u00f6nnen so extrahiert und genutzt werden. Anwendung [&hellip;]<\/p>\n","protected":false},"author":3,"featured_media":0,"parent":0,"menu_order":0,"comment_status":"closed","ping_status":"closed","template":"","meta":{"footnotes":""},"class_list":["post-866","page","type-page","status-publish","hentry"],"yoast_head":"<!-- This site is optimized with the Yoast SEO plugin v27.4 - https:\/\/yoast.com\/product\/yoast-seo-wordpress\/ -->\n<title>Manuka-\u00d6l - Waikura Manuka<\/title>\n<meta name=\"robots\" content=\"index, follow, max-snippet:-1, max-image-preview:large, max-video-preview:-1\" \/>\n<link rel=\"canonical\" href=\"https:\/\/www.waikura-manuka.com\/fr\/huile-de-manuka\/\" \/>\n<meta property=\"og:locale\" content=\"fr_FR\" \/>\n<meta property=\"og:type\" content=\"article\" \/>\n<meta property=\"og:title\" content=\"Manuka-\u00d6l - Waikura Manuka\" \/>\n<meta property=\"og:description\" content=\"Previous slide Next slide Manuka-\u00d6l aus dem Waikura Valley Starke nat\u00fcrliche antibakterielle Wirkung Durch die steigende Popularit\u00e4t des Manuka-Honigs gewinnt auch das Manuka-\u00d6l immer mehr an Beliebtheit. Unser naturreines, \u00e4therisches \u00d6l wird aus den Bl\u00e4ttern und Zweigen der S\u00fcdseemyrthe gewonnen. Inhaltsstoffe, die der Pflanze als nat\u00fcrlichen Schutz dienen, k\u00f6nnen so extrahiert und genutzt werden. Anwendung [&hellip;]\" \/>\n<meta property=\"og:url\" content=\"https:\/\/www.waikura-manuka.com\/fr\/huile-de-manuka\/\" \/>\n<meta property=\"og:site_name\" content=\"Waikura Manuka\" \/>\n<meta property=\"article:modified_time\" content=\"2024-07-03T13:59:08+00:00\" \/>\n<meta property=\"og:image\" content=\"https:\/\/www.waikura-manuka.com\/wp-content\/uploads\/2021\/06\/wasserdampfdestillation_schematisch.jpg\" \/>\n<meta name=\"twitter:card\" content=\"summary_large_image\" \/>\n<meta name=\"twitter:label1\" content=\"Dur\u00e9e de lecture estim\u00e9e\" \/>\n\t<meta name=\"twitter:data1\" content=\"2 minutes\" \/>\n<script type=\"application\/ld+json\" class=\"yoast-schema-graph\">{\"@context\":\"https:\\\/\\\/schema.org\",\"@graph\":[{\"@type\":\"WebPage\",\"@id\":\"https:\\\/\\\/www.waikura-manuka.com\\\/manuka-oel\\\/\",\"url\":\"https:\\\/\\\/www.waikura-manuka.com\\\/manuka-oel\\\/\",\"name\":\"Manuka-\u00d6l - Waikura Manuka\",\"isPartOf\":{\"@id\":\"https:\\\/\\\/www.waikura-manuka.com\\\/#website\"},\"primaryImageOfPage\":{\"@id\":\"https:\\\/\\\/www.waikura-manuka.com\\\/manuka-oel\\\/#primaryimage\"},\"image\":{\"@id\":\"https:\\\/\\\/www.waikura-manuka.com\\\/manuka-oel\\\/#primaryimage\"},\"thumbnailUrl\":\"https:\\\/\\\/www.waikura-manuka.com\\\/wp-content\\\/uploads\\\/2021\\\/06\\\/wasserdampfdestillation_schematisch.jpg\",\"datePublished\":\"2020-03-10T14:23:06+00:00\",\"dateModified\":\"2024-07-03T13:59:08+00:00\",\"breadcrumb\":{\"@id\":\"https:\\\/\\\/www.waikura-manuka.com\\\/manuka-oel\\\/#breadcrumb\"},\"inLanguage\":\"fr-FR\",\"potentialAction\":[{\"@type\":\"ReadAction\",\"target\":[\"https:\\\/\\\/www.waikura-manuka.com\\\/manuka-oel\\\/\"]}]},{\"@type\":\"ImageObject\",\"inLanguage\":\"fr-FR\",\"@id\":\"https:\\\/\\\/www.waikura-manuka.com\\\/manuka-oel\\\/#primaryimage\",\"url\":\"https:\\\/\\\/www.waikura-manuka.com\\\/wp-content\\\/uploads\\\/2021\\\/06\\\/wasserdampfdestillation_schematisch.jpg\",\"contentUrl\":\"https:\\\/\\\/www.waikura-manuka.com\\\/wp-content\\\/uploads\\\/2021\\\/06\\\/wasserdampfdestillation_schematisch.jpg\"},{\"@type\":\"BreadcrumbList\",\"@id\":\"https:\\\/\\\/www.waikura-manuka.com\\\/manuka-oel\\\/#breadcrumb\",\"itemListElement\":[{\"@type\":\"ListItem\",\"position\":1,\"name\":\"Startseite\",\"item\":\"https:\\\/\\\/www.waikura-manuka.com\\\/\"},{\"@type\":\"ListItem\",\"position\":2,\"name\":\"Manuka-\u00d6l\"}]},{\"@type\":\"WebSite\",\"@id\":\"https:\\\/\\\/www.waikura-manuka.com\\\/#website\",\"url\":\"https:\\\/\\\/www.waikura-manuka.com\\\/\",\"name\":\"Waikura Manuka\",\"description\":\"Manuka-Honig und Manuka-\u00d6l vom East Cape Neuseelands\",\"publisher\":{\"@id\":\"https:\\\/\\\/www.waikura-manuka.com\\\/#organization\"},\"potentialAction\":[{\"@type\":\"SearchAction\",\"target\":{\"@type\":\"EntryPoint\",\"urlTemplate\":\"https:\\\/\\\/www.waikura-manuka.com\\\/?s={search_term_string}\"},\"query-input\":{\"@type\":\"PropertyValueSpecification\",\"valueRequired\":true,\"valueName\":\"search_term_string\"}}],\"inLanguage\":\"fr-FR\"},{\"@type\":\"Organization\",\"@id\":\"https:\\\/\\\/www.waikura-manuka.com\\\/#organization\",\"name\":\"Waikura Manuka\",\"url\":\"https:\\\/\\\/www.waikura-manuka.com\\\/\",\"logo\":{\"@type\":\"ImageObject\",\"inLanguage\":\"fr-FR\",\"@id\":\"https:\\\/\\\/www.waikura-manuka.com\\\/#\\\/schema\\\/logo\\\/image\\\/\",\"url\":\"\",\"contentUrl\":\"\",\"caption\":\"Waikura Manuka\"},\"image\":{\"@id\":\"https:\\\/\\\/www.waikura-manuka.com\\\/#\\\/schema\\\/logo\\\/image\\\/\"}}]}<\/script>\n<!-- \/ Yoast SEO plugin. -->","yoast_head_json":{"title":"Manuka-Oil - Waikura Manuka","robots":{"index":"index","follow":"follow","max-snippet":"max-snippet:-1","max-image-preview":"max-image-preview:large","max-video-preview":"max-video-preview:-1"},"canonical":"https:\/\/www.waikura-manuka.com\/fr\/huile-de-manuka\/","og_locale":"fr_FR","og_type":"article","og_title":"Manuka-\u00d6l - Waikura Manuka","og_description":"Previous slide Next slide Manuka-\u00d6l aus dem Waikura Valley Starke nat\u00fcrliche antibakterielle Wirkung Durch die steigende Popularit\u00e4t des Manuka-Honigs gewinnt auch das Manuka-\u00d6l immer mehr an Beliebtheit. Unser naturreines, \u00e4therisches \u00d6l wird aus den Bl\u00e4ttern und Zweigen der S\u00fcdseemyrthe gewonnen. Inhaltsstoffe, die der Pflanze als nat\u00fcrlichen Schutz dienen, k\u00f6nnen so extrahiert und genutzt werden. Anwendung [&hellip;]","og_url":"https:\/\/www.waikura-manuka.com\/fr\/huile-de-manuka\/","og_site_name":"Waikura Manuka","article_modified_time":"2024-07-03T13:59:08+00:00","og_image":[{"url":"https:\/\/www.waikura-manuka.com\/wp-content\/uploads\/2021\/06\/wasserdampfdestillation_schematisch.jpg","type":"","width":"","height":""}],"twitter_card":"summary_large_image","twitter_misc":{"Dur\u00e9e de lecture estim\u00e9e":"2 minutes"},"schema":{"@context":"https:\/\/schema.org","@graph":[{"@type":"WebPage","@id":"https:\/\/www.waikura-manuka.com\/manuka-oel\/","url":"https:\/\/www.waikura-manuka.com\/manuka-oel\/","name":"Manuka-Oil - Waikura Manuka","isPartOf":{"@id":"https:\/\/www.waikura-manuka.com\/#website"},"primaryImageOfPage":{"@id":"https:\/\/www.waikura-manuka.com\/manuka-oel\/#primaryimage"},"image":{"@id":"https:\/\/www.waikura-manuka.com\/manuka-oel\/#primaryimage"},"thumbnailUrl":"https:\/\/www.waikura-manuka.com\/wp-content\/uploads\/2021\/06\/wasserdampfdestillation_schematisch.jpg","datePublished":"2020-03-10T14:23:06+00:00","dateModified":"2024-07-03T13:59:08+00:00","breadcrumb":{"@id":"https:\/\/www.waikura-manuka.com\/manuka-oel\/#breadcrumb"},"inLanguage":"fr-FR","potentialAction":[{"@type":"ReadAction","target":["https:\/\/www.waikura-manuka.com\/manuka-oel\/"]}]},{"@type":"ImageObject","inLanguage":"fr-FR","@id":"https:\/\/www.waikura-manuka.com\/manuka-oel\/#primaryimage","url":"https:\/\/www.waikura-manuka.com\/wp-content\/uploads\/2021\/06\/wasserdampfdestillation_schematisch.jpg","contentUrl":"https:\/\/www.waikura-manuka.com\/wp-content\/uploads\/2021\/06\/wasserdampfdestillation_schematisch.jpg"},{"@type":"BreadcrumbList","@id":"https:\/\/www.waikura-manuka.com\/manuka-oel\/#breadcrumb","itemListElement":[{"@type":"ListItem","position":1,"name":"Startseite","item":"https:\/\/www.waikura-manuka.com\/"},{"@type":"ListItem","position":2,"name":"Manuka-\u00d6l"}]},{"@type":"WebSite","@id":"https:\/\/www.waikura-manuka.com\/#website","url":"https:\/\/www.waikura-manuka.com\/","name":"Waikura Manuka","description":"Miel de Manuka-H et huile de Manuka- du Cap Est de Nouvelle-Z\u00e9lande","publisher":{"@id":"https:\/\/www.waikura-manuka.com\/#organization"},"potentialAction":[{"@type":"SearchAction","target":{"@type":"EntryPoint","urlTemplate":"https:\/\/www.waikura-manuka.com\/?s={search_term_string}"},"query-input":{"@type":"PropertyValueSpecification","valueRequired":true,"valueName":"search_term_string"}}],"inLanguage":"fr-FR"},{"@type":"Organization","@id":"https:\/\/www.waikura-manuka.com\/#organization","name":"Waikura Manuka","url":"https:\/\/www.waikura-manuka.com\/","logo":{"@type":"ImageObject","inLanguage":"fr-FR","@id":"https:\/\/www.waikura-manuka.com\/#\/schema\/logo\/image\/","url":"","contentUrl":"","caption":"Waikura Manuka"},"image":{"@id":"https:\/\/www.waikura-manuka.com\/#\/schema\/logo\/image\/"}}]}},"_links":{"self":[{"href":"https:\/\/www.waikura-manuka.com\/fr\/wp-json\/wp\/v2\/pages\/866","targetHints":{"allow":["GET"]}}],"collection":[{"href":"https:\/\/www.waikura-manuka.com\/fr\/wp-json\/wp\/v2\/pages"}],"about":[{"href":"https:\/\/www.waikura-manuka.com\/fr\/wp-json\/wp\/v2\/types\/page"}],"author":[{"embeddable":true,"href":"https:\/\/www.waikura-manuka.com\/fr\/wp-json\/wp\/v2\/users\/3"}],"replies":[{"embeddable":true,"href":"https:\/\/www.waikura-manuka.com\/fr\/wp-json\/wp\/v2\/comments?post=866"}],"version-history":[{"count":0,"href":"https:\/\/www.waikura-manuka.com\/fr\/wp-json\/wp\/v2\/pages\/866\/revisions"}],"wp:attachment":[{"href":"https:\/\/www.waikura-manuka.com\/fr\/wp-json\/wp\/v2\/media?parent=866"}],"curies":[{"name":"wp","href":"https:\/\/api.w.org\/{rel}","templated":true}]}}