{"id":2134,"date":"2022-05-12T08:38:18","date_gmt":"2022-05-12T07:38:18","guid":{"rendered":"https:\/\/nice.cloudconnection.ch\/manuka_webshop\/?page_id=2134"},"modified":"2024-01-24T19:12:39","modified_gmt":"2024-01-24T18:12:39","slug":"compensation-de-co2","status":"publish","type":"page","link":"https:\/\/www.waikura-manuka.com\/fr\/co2-kompensation\/","title":{"rendered":"Compensation CO2"},"content":{"rendered":"<div data-elementor-type=\"wp-page\" data-elementor-id=\"2134\" class=\"elementor elementor-2134\" data-elementor-post-type=\"page\">\n\t\t\t\t\t\t<section class=\"elementor-section elementor-top-section elementor-element elementor-element-73a2c01 elementor-section-boxed elementor-section-height-default elementor-section-height-default\" data-id=\"73a2c01\" data-element_type=\"section\" data-e-type=\"section\">\n\t\t\t\t\t\t<div class=\"elementor-container elementor-column-gap-no\">\n\t\t\t\t\t<div class=\"elementor-column elementor-col-100 elementor-top-column elementor-element elementor-element-42e21ed\" data-id=\"42e21ed\" data-element_type=\"column\" data-e-type=\"column\">\n\t\t\t<div class=\"elementor-widget-wrap elementor-element-populated\">\n\t\t\t\t\t\t<div class=\"elementor-element elementor-element-c8433f1 elementor-widget elementor-widget-heading\" data-id=\"c8433f1\" data-element_type=\"widget\" data-e-type=\"widget\" data-widget_type=\"heading.default\">\n\t\t\t\t<div class=\"elementor-widget-container\">\n\t\t\t\t\t<h2 class=\"elementor-heading-title elementor-size-default\">Le transport de nos produits est 100 % CO2- compens\u00e9 <\/h2>\t\t\t\t<\/div>\n\t\t\t\t<\/div>\n\t\t\t\t<section class=\"elementor-section elementor-inner-section elementor-element elementor-element-aec45ea elementor-section-boxed elementor-section-height-default elementor-section-height-default\" data-id=\"aec45ea\" data-element_type=\"section\" data-e-type=\"section\">\n\t\t\t\t\t\t<div class=\"elementor-container elementor-column-gap-no\">\n\t\t\t\t\t<div class=\"elementor-column elementor-col-66 elementor-inner-column elementor-element elementor-element-80562aa\" data-id=\"80562aa\" data-element_type=\"column\" data-e-type=\"column\">\n\t\t\t<div class=\"elementor-widget-wrap elementor-element-populated\">\n\t\t\t\t\t\t<div class=\"elementor-element elementor-element-605bd2a elementor-widget elementor-widget-text-editor\" data-id=\"605bd2a\" data-element_type=\"widget\" data-e-type=\"widget\" data-widget_type=\"text-editor.default\">\n\t\t\t\t<div class=\"elementor-widget-container\">\n\t\t\t\t\t\t\t\t\t<p>Sur <a href=\"https:\/\/www.carboncare.org\/\" target=\"_blank\" rel=\"noopener\">www.carboncare.org<\/a> l&#039;empreinte CO2- totale de l&#039;itin\u00e9raire de transport de la vall\u00e9e de Waikura \u00e0 S-chanf est calcul\u00e9e. Pour le transport jusqu&#039;au consommateur, une distance moyenne est factur\u00e9e entre le point de livraison et la destination finale.<\/p><p>Cette valeur est ensuite compens\u00e9e par des unit\u00e9s de cr\u00e9dit carbone en Nouvelle-Z\u00e9lande. Nous g\u00e9n\u00e9rons les unit\u00e9s de cr\u00e9dits carbone directement sur place dans la vall\u00e9e de Waikura gr\u00e2ce au reboisement contr\u00f4l\u00e9 des terres en jach\u00e8re.<\/p>\t\t\t\t\t\t\t\t<\/div>\n\t\t\t\t<\/div>\n\t\t\t\t\t<\/div>\n\t\t<\/div>\n\t\t\t\t<div class=\"elementor-column elementor-col-33 elementor-inner-column elementor-element elementor-element-1fb0c29\" data-id=\"1fb0c29\" data-element_type=\"column\" data-e-type=\"column\">\n\t\t\t<div class=\"elementor-widget-wrap elementor-element-populated\">\n\t\t\t\t\t\t<div class=\"elementor-element elementor-element-442b0b0 elementor-widget elementor-widget-image\" data-id=\"442b0b0\" data-element_type=\"widget\" data-e-type=\"widget\" data-widget_type=\"image.default\">\n\t\t\t\t<div class=\"elementor-widget-container\">\n\t\t\t\t\t\t\t\t\t\t\t\t\t\t\t<img fetchpriority=\"high\" decoding=\"async\" width=\"509\" height=\"509\" src=\"https:\/\/www.waikura-manuka.com\/wp-content\/uploads\/2022\/05\/CO2-kompensation.png\" class=\"attachment-large size-large wp-image-2232\" alt=\"\" srcset=\"https:\/\/www.waikura-manuka.com\/wp-content\/uploads\/2022\/05\/CO2-kompensation.png 509w, https:\/\/www.waikura-manuka.com\/wp-content\/uploads\/2022\/05\/CO2-kompensation-300x300.png 300w, https:\/\/www.waikura-manuka.com\/wp-content\/uploads\/2022\/05\/CO2-kompensation-500x500.png 500w, https:\/\/www.waikura-manuka.com\/wp-content\/uploads\/2022\/05\/CO2-kompensation-12x12.png 12w, https:\/\/www.waikura-manuka.com\/wp-content\/uploads\/2022\/05\/CO2-kompensation-400x400.png 400w\" sizes=\"(max-width: 509px) 100vw, 509px\" \/>\t\t\t\t\t\t\t\t\t\t\t\t\t\t\t<\/div>\n\t\t\t\t<\/div>\n\t\t\t\t\t<\/div>\n\t\t<\/div>\n\t\t\t\t\t<\/div>\n\t\t<\/section>\n\t\t\t\t\t<\/div>\n\t\t<\/div>\n\t\t\t\t\t<\/div>\n\t\t<\/section>\n\t\t\t\t<\/div>","protected":false},"excerpt":{"rendered":"<p>Der Transport unserer Produkte ist zu 100 % CO2-kompensiert Auf www.carboncare.org wird der gesamte CO2-Abdruck des Transportweges vom Waikura Valley bis nach S-chanf berechnet. F\u00fcr den Transport bis zum Konsumenten wird eine Durchschnittsdistanz verrechnet zwischen Auslieferort und Enddestination. Dieser Wert wird anschliessend mit Carbon Credit Units in Neuseeland kompensiert. Die Carbon Credit Units generieren wir [&hellip;]<\/p>\n","protected":false},"author":3,"featured_media":0,"parent":0,"menu_order":0,"comment_status":"closed","ping_status":"closed","template":"","meta":{"footnotes":""},"class_list":["post-2134","page","type-page","status-publish","hentry"],"yoast_head":"<!-- This site is optimized with the Yoast SEO plugin v27.4 - https:\/\/yoast.com\/product\/yoast-seo-wordpress\/ -->\n<title>CO2-Kompensation - Waikura Manuka<\/title>\n<meta name=\"robots\" content=\"index, follow, max-snippet:-1, max-image-preview:large, max-video-preview:-1\" \/>\n<link rel=\"canonical\" href=\"https:\/\/www.waikura-manuka.com\/fr\/compensation-de-co2\/\" \/>\n<meta property=\"og:locale\" content=\"fr_FR\" \/>\n<meta property=\"og:type\" content=\"article\" \/>\n<meta property=\"og:title\" content=\"CO2-Kompensation - Waikura Manuka\" \/>\n<meta property=\"og:description\" content=\"Der Transport unserer Produkte ist zu 100 % CO2-kompensiert Auf www.carboncare.org wird der gesamte CO2-Abdruck des Transportweges vom Waikura Valley bis nach S-chanf berechnet. F\u00fcr den Transport bis zum Konsumenten wird eine Durchschnittsdistanz verrechnet zwischen Auslieferort und Enddestination. Dieser Wert wird anschliessend mit Carbon Credit Units in Neuseeland kompensiert. Die Carbon Credit Units generieren wir [&hellip;]\" \/>\n<meta property=\"og:url\" content=\"https:\/\/www.waikura-manuka.com\/fr\/compensation-de-co2\/\" \/>\n<meta property=\"og:site_name\" content=\"Waikura Manuka\" \/>\n<meta property=\"article:modified_time\" content=\"2024-01-24T18:12:39+00:00\" \/>\n<meta property=\"og:image\" content=\"https:\/\/www.waikura-manuka.com\/wp-content\/uploads\/2022\/05\/CO2-kompensation.png\" \/>\n<meta name=\"twitter:card\" content=\"summary_large_image\" \/>\n<meta name=\"twitter:label1\" content=\"Dur\u00e9e de lecture estim\u00e9e\" \/>\n\t<meta name=\"twitter:data1\" content=\"1 minute\" \/>\n<script type=\"application\/ld+json\" class=\"yoast-schema-graph\">{\"@context\":\"https:\\\/\\\/schema.org\",\"@graph\":[{\"@type\":\"WebPage\",\"@id\":\"https:\\\/\\\/www.waikura-manuka.com\\\/co2-kompensation\\\/\",\"url\":\"https:\\\/\\\/www.waikura-manuka.com\\\/co2-kompensation\\\/\",\"name\":\"CO2-Kompensation - Waikura Manuka\",\"isPartOf\":{\"@id\":\"https:\\\/\\\/www.waikura-manuka.com\\\/#website\"},\"primaryImageOfPage\":{\"@id\":\"https:\\\/\\\/www.waikura-manuka.com\\\/co2-kompensation\\\/#primaryimage\"},\"image\":{\"@id\":\"https:\\\/\\\/www.waikura-manuka.com\\\/co2-kompensation\\\/#primaryimage\"},\"thumbnailUrl\":\"https:\\\/\\\/www.waikura-manuka.com\\\/wp-content\\\/uploads\\\/2022\\\/05\\\/CO2-kompensation.png\",\"datePublished\":\"2022-05-12T07:38:18+00:00\",\"dateModified\":\"2024-01-24T18:12:39+00:00\",\"breadcrumb\":{\"@id\":\"https:\\\/\\\/www.waikura-manuka.com\\\/co2-kompensation\\\/#breadcrumb\"},\"inLanguage\":\"fr-FR\",\"potentialAction\":[{\"@type\":\"ReadAction\",\"target\":[\"https:\\\/\\\/www.waikura-manuka.com\\\/co2-kompensation\\\/\"]}]},{\"@type\":\"ImageObject\",\"inLanguage\":\"fr-FR\",\"@id\":\"https:\\\/\\\/www.waikura-manuka.com\\\/co2-kompensation\\\/#primaryimage\",\"url\":\"https:\\\/\\\/www.waikura-manuka.com\\\/wp-content\\\/uploads\\\/2022\\\/05\\\/CO2-kompensation.png\",\"contentUrl\":\"https:\\\/\\\/www.waikura-manuka.com\\\/wp-content\\\/uploads\\\/2022\\\/05\\\/CO2-kompensation.png\"},{\"@type\":\"BreadcrumbList\",\"@id\":\"https:\\\/\\\/www.waikura-manuka.com\\\/co2-kompensation\\\/#breadcrumb\",\"itemListElement\":[{\"@type\":\"ListItem\",\"position\":1,\"name\":\"Startseite\",\"item\":\"https:\\\/\\\/www.waikura-manuka.com\\\/\"},{\"@type\":\"ListItem\",\"position\":2,\"name\":\"CO2-Kompensation\"}]},{\"@type\":\"WebSite\",\"@id\":\"https:\\\/\\\/www.waikura-manuka.com\\\/#website\",\"url\":\"https:\\\/\\\/www.waikura-manuka.com\\\/\",\"name\":\"Waikura Manuka\",\"description\":\"Manuka-Honig und Manuka-\u00d6l vom East Cape Neuseelands\",\"publisher\":{\"@id\":\"https:\\\/\\\/www.waikura-manuka.com\\\/#organization\"},\"potentialAction\":[{\"@type\":\"SearchAction\",\"target\":{\"@type\":\"EntryPoint\",\"urlTemplate\":\"https:\\\/\\\/www.waikura-manuka.com\\\/?s={search_term_string}\"},\"query-input\":{\"@type\":\"PropertyValueSpecification\",\"valueRequired\":true,\"valueName\":\"search_term_string\"}}],\"inLanguage\":\"fr-FR\"},{\"@type\":\"Organization\",\"@id\":\"https:\\\/\\\/www.waikura-manuka.com\\\/#organization\",\"name\":\"Waikura Manuka\",\"url\":\"https:\\\/\\\/www.waikura-manuka.com\\\/\",\"logo\":{\"@type\":\"ImageObject\",\"inLanguage\":\"fr-FR\",\"@id\":\"https:\\\/\\\/www.waikura-manuka.com\\\/#\\\/schema\\\/logo\\\/image\\\/\",\"url\":\"\",\"contentUrl\":\"\",\"caption\":\"Waikura Manuka\"},\"image\":{\"@id\":\"https:\\\/\\\/www.waikura-manuka.com\\\/#\\\/schema\\\/logo\\\/image\\\/\"}}]}<\/script>\n<!-- \/ Yoast SEO plugin. -->","yoast_head_json":{"title":"CO2-Compensation - Waikura Manuka","robots":{"index":"index","follow":"follow","max-snippet":"max-snippet:-1","max-image-preview":"max-image-preview:large","max-video-preview":"max-video-preview:-1"},"canonical":"https:\/\/www.waikura-manuka.com\/fr\/compensation-de-co2\/","og_locale":"fr_FR","og_type":"article","og_title":"CO2-Kompensation - Waikura Manuka","og_description":"Der Transport unserer Produkte ist zu 100 % CO2-kompensiert Auf www.carboncare.org wird der gesamte CO2-Abdruck des Transportweges vom Waikura Valley bis nach S-chanf berechnet. F\u00fcr den Transport bis zum Konsumenten wird eine Durchschnittsdistanz verrechnet zwischen Auslieferort und Enddestination. Dieser Wert wird anschliessend mit Carbon Credit Units in Neuseeland kompensiert. Die Carbon Credit Units generieren wir [&hellip;]","og_url":"https:\/\/www.waikura-manuka.com\/fr\/compensation-de-co2\/","og_site_name":"Waikura Manuka","article_modified_time":"2024-01-24T18:12:39+00:00","og_image":[{"url":"https:\/\/www.waikura-manuka.com\/wp-content\/uploads\/2022\/05\/CO2-kompensation.png","type":"","width":"","height":""}],"twitter_card":"summary_large_image","twitter_misc":{"Dur\u00e9e de lecture estim\u00e9e":"1 minute"},"schema":{"@context":"https:\/\/schema.org","@graph":[{"@type":"WebPage","@id":"https:\/\/www.waikura-manuka.com\/co2-kompensation\/","url":"https:\/\/www.waikura-manuka.com\/co2-kompensation\/","name":"CO2-Compensation - Waikura Manuka","isPartOf":{"@id":"https:\/\/www.waikura-manuka.com\/#website"},"primaryImageOfPage":{"@id":"https:\/\/www.waikura-manuka.com\/co2-kompensation\/#primaryimage"},"image":{"@id":"https:\/\/www.waikura-manuka.com\/co2-kompensation\/#primaryimage"},"thumbnailUrl":"https:\/\/www.waikura-manuka.com\/wp-content\/uploads\/2022\/05\/CO2-kompensation.png","datePublished":"2022-05-12T07:38:18+00:00","dateModified":"2024-01-24T18:12:39+00:00","breadcrumb":{"@id":"https:\/\/www.waikura-manuka.com\/co2-kompensation\/#breadcrumb"},"inLanguage":"fr-FR","potentialAction":[{"@type":"ReadAction","target":["https:\/\/www.waikura-manuka.com\/co2-kompensation\/"]}]},{"@type":"ImageObject","inLanguage":"fr-FR","@id":"https:\/\/www.waikura-manuka.com\/co2-kompensation\/#primaryimage","url":"https:\/\/www.waikura-manuka.com\/wp-content\/uploads\/2022\/05\/CO2-kompensation.png","contentUrl":"https:\/\/www.waikura-manuka.com\/wp-content\/uploads\/2022\/05\/CO2-kompensation.png"},{"@type":"BreadcrumbList","@id":"https:\/\/www.waikura-manuka.com\/co2-kompensation\/#breadcrumb","itemListElement":[{"@type":"ListItem","position":1,"name":"Startseite","item":"https:\/\/www.waikura-manuka.com\/"},{"@type":"ListItem","position":2,"name":"CO2-Kompensation"}]},{"@type":"WebSite","@id":"https:\/\/www.waikura-manuka.com\/#website","url":"https:\/\/www.waikura-manuka.com\/","name":"Waikura Manuka","description":"Miel de Manuka-H et huile de Manuka- du Cap Est de Nouvelle-Z\u00e9lande","publisher":{"@id":"https:\/\/www.waikura-manuka.com\/#organization"},"potentialAction":[{"@type":"SearchAction","target":{"@type":"EntryPoint","urlTemplate":"https:\/\/www.waikura-manuka.com\/?s={search_term_string}"},"query-input":{"@type":"PropertyValueSpecification","valueRequired":true,"valueName":"search_term_string"}}],"inLanguage":"fr-FR"},{"@type":"Organization","@id":"https:\/\/www.waikura-manuka.com\/#organization","name":"Waikura Manuka","url":"https:\/\/www.waikura-manuka.com\/","logo":{"@type":"ImageObject","inLanguage":"fr-FR","@id":"https:\/\/www.waikura-manuka.com\/#\/schema\/logo\/image\/","url":"","contentUrl":"","caption":"Waikura Manuka"},"image":{"@id":"https:\/\/www.waikura-manuka.com\/#\/schema\/logo\/image\/"}}]}},"_links":{"self":[{"href":"https:\/\/www.waikura-manuka.com\/fr\/wp-json\/wp\/v2\/pages\/2134","targetHints":{"allow":["GET"]}}],"collection":[{"href":"https:\/\/www.waikura-manuka.com\/fr\/wp-json\/wp\/v2\/pages"}],"about":[{"href":"https:\/\/www.waikura-manuka.com\/fr\/wp-json\/wp\/v2\/types\/page"}],"author":[{"embeddable":true,"href":"https:\/\/www.waikura-manuka.com\/fr\/wp-json\/wp\/v2\/users\/3"}],"replies":[{"embeddable":true,"href":"https:\/\/www.waikura-manuka.com\/fr\/wp-json\/wp\/v2\/comments?post=2134"}],"version-history":[{"count":0,"href":"https:\/\/www.waikura-manuka.com\/fr\/wp-json\/wp\/v2\/pages\/2134\/revisions"}],"wp:attachment":[{"href":"https:\/\/www.waikura-manuka.com\/fr\/wp-json\/wp\/v2\/media?parent=2134"}],"curies":[{"name":"wp","href":"https:\/\/api.w.org\/{rel}","templated":true}]}}