{"id":2018,"date":"2022-04-10T08:22:17","date_gmt":"2022-04-10T07:22:17","guid":{"rendered":"https:\/\/nice.cloudconnection.ch\/manuka_webshop\/?page_id=2018"},"modified":"2022-04-10T08:27:19","modified_gmt":"2022-04-10T07:27:19","slug":"droit-de-retractation","status":"publish","type":"page","link":"https:\/\/www.waikura-manuka.com\/fr\/widerrufsbelehrung\/","title":{"rendered":"Droit de r\u00e9tractation"},"content":{"rendered":"<div data-elementor-type=\"wp-page\" data-elementor-id=\"2018\" class=\"elementor elementor-2018\" data-elementor-post-type=\"page\">\n\t\t\t\t\t\t<section class=\"elementor-section elementor-top-section elementor-element elementor-element-dca466b elementor-section-boxed elementor-section-height-default elementor-section-height-default\" data-id=\"dca466b\" data-element_type=\"section\" data-e-type=\"section\">\n\t\t\t\t\t\t<div class=\"elementor-container elementor-column-gap-no\">\n\t\t\t\t\t<div class=\"elementor-column elementor-col-100 elementor-top-column elementor-element elementor-element-06d865c\" data-id=\"06d865c\" data-element_type=\"column\" data-e-type=\"column\">\n\t\t\t<div class=\"elementor-widget-wrap elementor-element-populated\">\n\t\t\t\t\t\t<div class=\"elementor-element elementor-element-2c2d33e elementor-widget elementor-widget-text-editor\" data-id=\"2c2d33e\" data-element_type=\"widget\" data-e-type=\"widget\" data-widget_type=\"text-editor.default\">\n\t\t\t\t<div class=\"elementor-widget-container\">\n\t\t\t\t\t\t\t\t\t<h2>Droit de r\u00e9tractation<\/h2><div><p>\u00a0<\/p><p>Les consommateurs disposent d&#039;un d\u00e9lai de r\u00e9tractation de quatorze jours.<\/p><p>\u00a0<\/p><h4>Droit de r\u00e9tractation<\/h4><p>Vous avez le droit de r\u00e9silier ce contrat dans un d\u00e9lai de quatorze jours sans donner de motif.<\/p><p>Le d\u00e9lai de r\u00e9tractation est de quatorze jours \u00e0 compter du jour o\u00f9 vous ou un tiers d\u00e9sign\u00e9 par vous qui n&#039;est pas le transporteur avez pris possession de la marchandise.<\/p><p>Pour exercer votre droit de r\u00e9tractation, vous devez nous en informer (Matthias Sieber, WAIKURA MANUKA SA, Serlas 413, 7525 S-chanf, Suisse, manuka@waikura.co.nz, t\u00e9l\u00e9phone : +41 81659 00 02) au moyen d'un formulaire clair. d\u00e9claration (par exemple une lettre envoy\u00e9e par la poste ou E-Mail) concernant votre d\u00e9cision de vous retirer de ce contrat. Vous pouvez utiliser le mod\u00e8le de formulaire d\u2019annulation - ci-joint, bien que ce ne soit pas obligatoire.<\/p><p>Afin de respecter le d\u00e9lai de r\u00e9tractation, il suffit que vous envoyiez la notification de votre exercice du droit de r\u00e9tractation avant l&#039;expiration du d\u00e9lai de r\u00e9tractation.<\/p><p>\u00a0<\/p><h4>Cons\u00e9quences de la r\u00e9vocation<\/h4><p>Si vous annulez ce contrat, nous vous rembourserons tous les paiements que nous avons re\u00e7us de votre part, y compris les frais de livraison (\u00e0 l&#039;exception des frais suppl\u00e9mentaires r\u00e9sultant du choix d&#039;un type de livraison autre que la livraison standard la moins ch\u00e8re que nous proposons) imm\u00e9diatement et au plus tard dans les quatorze jours \u00e0 compter du jour o\u00f9 nous avons re\u00e7u notification de votre r\u00e9siliation du pr\u00e9sent contrat. Pour ce remboursement, nous utilisons le m\u00eame mode de paiement que celui que vous avez utilis\u00e9 pour la transaction initiale, \u00e0 moins que quelque chose de diff\u00e9rent n&#039;ait \u00e9t\u00e9 express\u00e9ment convenu avec vous ; en aucun cas des frais ne vous seront factur\u00e9s du fait de ce remboursement. Nous pouvons refuser le remboursement jusqu&#039;\u00e0 ce que nous ayons re\u00e7u les marchandises ou jusqu&#039;\u00e0 ce que vous ayez fourni la preuve que vous avez renvoy\u00e9 les marchandises, la date la plus proche \u00e9tant retenue.<\/p><p>Vous devez nous restituer ou nous remettre la marchandise imm\u00e9diatement et en tout cas au plus tard quatorze jours \u00e0 compter du jour o\u00f9 vous nous informez de votre r\u00e9siliation du pr\u00e9sent contrat. Le d\u00e9lai est respect\u00e9 si vous envoyez la marchandise avant l&#039;expiration du d\u00e9lai de quatorze jours. Vous supportez les frais directs de retour de la marchandise. Vous n&#039;\u00eates responsable de toute perte de valeur de la marchandise que si cette perte de valeur est due \u00e0 une manipulation autre que celle n\u00e9cessaire pour \u00e9tablir la nature, les caract\u00e9ristiques et le fonctionnement de la marchandise.<\/p><p><strong>Le droit de r\u00e9tractation ne s&#039;applique pas aux contrats suivants :<\/strong><\/p><ul><li>Contrats de fourniture de marchandises scell\u00e9es qui ne peuvent pas \u00eatre retourn\u00e9es pour des raisons de sant\u00e9 ou d&#039;hygi\u00e8ne si leur sceau a \u00e9t\u00e9 retir\u00e9 apr\u00e8s la livraison.<\/li><\/ul><p><br \/><strong>Exemple de formulaire d&#039;annulation -<\/strong><br \/>(Si vous souhaitez annuler le contrat, veuillez remplir ce formulaire et le renvoyer.)<\/p><p>\u2013 \u00c0 Matthias Sieber WAIKURA MANUKA SA, Serlas 413, 7525 S-chanf, manuka@waikura.co.nz, Suisse<\/p><p>\u2013 Je\/nous (*) r\u00e9voquons par la pr\u00e9sente le contrat conclu par moi\/nous (*) pour l&#039;achat des biens suivants (*)\/la fourniture du service suivant (*)<\/p><p>\u2013 Command\u00e9 le (*)\/re\u00e7u le (*)<\/p><p>\u2013 Nom du(des) consommateur(s)<\/p><p>\u2013 Adresse du(des) consommateur(s)<\/p><p>\u2013 Signature du(des) consommateur(s) (uniquement pour notification papier)<\/p><p>Date \u2013<\/p><p>(*) Supprimer ce qui n&#039;est pas applicable.<\/p><\/div>\t\t\t\t\t\t\t\t<\/div>\n\t\t\t\t<\/div>\n\t\t\t\t\t<\/div>\n\t\t<\/div>\n\t\t\t\t\t<\/div>\n\t\t<\/section>\n\t\t\t\t<\/div>","protected":false},"excerpt":{"rendered":"<p>Widerrufsbelehrung \u00a0 Verbraucher haben ein vierzehnt\u00e4giges Widerrufsrecht. \u00a0 Widerrufsrecht Sie haben das Recht, binnen vierzehn Tagen ohne Angabe von Gr\u00fcnden diesen Vertrag zu widerrufen. Die Widerrufsfrist betr\u00e4gt vierzehn Tage ab dem Tag, an dem Sie oder ein von Ihnen benannter Dritter, der nicht der Bef\u00f6rderer ist, die Waren in Besitz genommen haben bzw. hat. Um [&hellip;]<\/p>\n","protected":false},"author":3,"featured_media":0,"parent":0,"menu_order":0,"comment_status":"closed","ping_status":"closed","template":"","meta":{"footnotes":""},"class_list":["post-2018","page","type-page","status-publish","hentry"],"yoast_head":"<!-- This site is optimized with the Yoast SEO plugin v27.4 - https:\/\/yoast.com\/product\/yoast-seo-wordpress\/ -->\n<title>Widerrufsbelehrung - Waikura Manuka<\/title>\n<meta name=\"robots\" content=\"index, follow, max-snippet:-1, max-image-preview:large, max-video-preview:-1\" \/>\n<link rel=\"canonical\" href=\"https:\/\/nice.cloudconnection.ch\/manuka_webshop\/widerrufsbelehrung\/\" \/>\n<meta property=\"og:locale\" content=\"fr_FR\" \/>\n<meta property=\"og:type\" content=\"article\" \/>\n<meta property=\"og:title\" content=\"Widerrufsbelehrung - Waikura Manuka\" \/>\n<meta property=\"og:description\" content=\"Widerrufsbelehrung \u00a0 Verbraucher haben ein vierzehnt\u00e4giges Widerrufsrecht. \u00a0 Widerrufsrecht Sie haben das Recht, binnen vierzehn Tagen ohne Angabe von Gr\u00fcnden diesen Vertrag zu widerrufen. Die Widerrufsfrist betr\u00e4gt vierzehn Tage ab dem Tag, an dem Sie oder ein von Ihnen benannter Dritter, der nicht der Bef\u00f6rderer ist, die Waren in Besitz genommen haben bzw. hat. Um [&hellip;]\" \/>\n<meta property=\"og:url\" content=\"https:\/\/nice.cloudconnection.ch\/manuka_webshop\/widerrufsbelehrung\/\" \/>\n<meta property=\"og:site_name\" content=\"Waikura Manuka\" \/>\n<meta property=\"article:modified_time\" content=\"2022-04-10T07:27:19+00:00\" \/>\n<meta name=\"twitter:card\" content=\"summary_large_image\" \/>\n<meta name=\"twitter:label1\" content=\"Dur\u00e9e de lecture estim\u00e9e\" \/>\n\t<meta name=\"twitter:data1\" content=\"3 minutes\" \/>\n<script type=\"application\/ld+json\" class=\"yoast-schema-graph\">{\"@context\":\"https:\\\/\\\/schema.org\",\"@graph\":[{\"@type\":\"WebPage\",\"@id\":\"https:\\\/\\\/nice.cloudconnection.ch\\\/manuka_webshop\\\/widerrufsbelehrung\\\/\",\"url\":\"https:\\\/\\\/nice.cloudconnection.ch\\\/manuka_webshop\\\/widerrufsbelehrung\\\/\",\"name\":\"Widerrufsbelehrung - Waikura Manuka\",\"isPartOf\":{\"@id\":\"https:\\\/\\\/www.waikura-manuka.com\\\/#website\"},\"datePublished\":\"2022-04-10T07:22:17+00:00\",\"dateModified\":\"2022-04-10T07:27:19+00:00\",\"breadcrumb\":{\"@id\":\"https:\\\/\\\/nice.cloudconnection.ch\\\/manuka_webshop\\\/widerrufsbelehrung\\\/#breadcrumb\"},\"inLanguage\":\"fr-FR\",\"potentialAction\":[{\"@type\":\"ReadAction\",\"target\":[\"https:\\\/\\\/nice.cloudconnection.ch\\\/manuka_webshop\\\/widerrufsbelehrung\\\/\"]}]},{\"@type\":\"BreadcrumbList\",\"@id\":\"https:\\\/\\\/nice.cloudconnection.ch\\\/manuka_webshop\\\/widerrufsbelehrung\\\/#breadcrumb\",\"itemListElement\":[{\"@type\":\"ListItem\",\"position\":1,\"name\":\"Startseite\",\"item\":\"https:\\\/\\\/www.waikura-manuka.com\\\/\"},{\"@type\":\"ListItem\",\"position\":2,\"name\":\"Widerrufsbelehrung\"}]},{\"@type\":\"WebSite\",\"@id\":\"https:\\\/\\\/www.waikura-manuka.com\\\/#website\",\"url\":\"https:\\\/\\\/www.waikura-manuka.com\\\/\",\"name\":\"Waikura Manuka\",\"description\":\"Manuka-Honig und Manuka-\u00d6l vom East Cape Neuseelands\",\"publisher\":{\"@id\":\"https:\\\/\\\/www.waikura-manuka.com\\\/#organization\"},\"potentialAction\":[{\"@type\":\"SearchAction\",\"target\":{\"@type\":\"EntryPoint\",\"urlTemplate\":\"https:\\\/\\\/www.waikura-manuka.com\\\/?s={search_term_string}\"},\"query-input\":{\"@type\":\"PropertyValueSpecification\",\"valueRequired\":true,\"valueName\":\"search_term_string\"}}],\"inLanguage\":\"fr-FR\"},{\"@type\":\"Organization\",\"@id\":\"https:\\\/\\\/www.waikura-manuka.com\\\/#organization\",\"name\":\"Waikura Manuka\",\"url\":\"https:\\\/\\\/www.waikura-manuka.com\\\/\",\"logo\":{\"@type\":\"ImageObject\",\"inLanguage\":\"fr-FR\",\"@id\":\"https:\\\/\\\/www.waikura-manuka.com\\\/#\\\/schema\\\/logo\\\/image\\\/\",\"url\":\"\",\"contentUrl\":\"\",\"caption\":\"Waikura Manuka\"},\"image\":{\"@id\":\"https:\\\/\\\/www.waikura-manuka.com\\\/#\\\/schema\\\/logo\\\/image\\\/\"}}]}<\/script>\n<!-- \/ Yoast SEO plugin. -->","yoast_head_json":{"title":"Politique d&#039;annulation - Waikura Manuka","robots":{"index":"index","follow":"follow","max-snippet":"max-snippet:-1","max-image-preview":"max-image-preview:large","max-video-preview":"max-video-preview:-1"},"canonical":"https:\/\/nice.cloudconnection.ch\/manuka_webshop\/widerrufsbelehrung\/","og_locale":"fr_FR","og_type":"article","og_title":"Widerrufsbelehrung - Waikura Manuka","og_description":"Widerrufsbelehrung \u00a0 Verbraucher haben ein vierzehnt\u00e4giges Widerrufsrecht. \u00a0 Widerrufsrecht Sie haben das Recht, binnen vierzehn Tagen ohne Angabe von Gr\u00fcnden diesen Vertrag zu widerrufen. Die Widerrufsfrist betr\u00e4gt vierzehn Tage ab dem Tag, an dem Sie oder ein von Ihnen benannter Dritter, der nicht der Bef\u00f6rderer ist, die Waren in Besitz genommen haben bzw. hat. Um [&hellip;]","og_url":"https:\/\/nice.cloudconnection.ch\/manuka_webshop\/widerrufsbelehrung\/","og_site_name":"Waikura Manuka","article_modified_time":"2022-04-10T07:27:19+00:00","twitter_card":"summary_large_image","twitter_misc":{"Dur\u00e9e de lecture estim\u00e9e":"3 minutes"},"schema":{"@context":"https:\/\/schema.org","@graph":[{"@type":"WebPage","@id":"https:\/\/nice.cloudconnection.ch\/manuka_webshop\/widerrufsbelehrung\/","url":"https:\/\/nice.cloudconnection.ch\/manuka_webshop\/widerrufsbelehrung\/","name":"Politique d&#039;annulation - Waikura Manuka","isPartOf":{"@id":"https:\/\/www.waikura-manuka.com\/#website"},"datePublished":"2022-04-10T07:22:17+00:00","dateModified":"2022-04-10T07:27:19+00:00","breadcrumb":{"@id":"https:\/\/nice.cloudconnection.ch\/manuka_webshop\/widerrufsbelehrung\/#breadcrumb"},"inLanguage":"fr-FR","potentialAction":[{"@type":"ReadAction","target":["https:\/\/nice.cloudconnection.ch\/manuka_webshop\/widerrufsbelehrung\/"]}]},{"@type":"BreadcrumbList","@id":"https:\/\/nice.cloudconnection.ch\/manuka_webshop\/widerrufsbelehrung\/#breadcrumb","itemListElement":[{"@type":"ListItem","position":1,"name":"Startseite","item":"https:\/\/www.waikura-manuka.com\/"},{"@type":"ListItem","position":2,"name":"Widerrufsbelehrung"}]},{"@type":"WebSite","@id":"https:\/\/www.waikura-manuka.com\/#website","url":"https:\/\/www.waikura-manuka.com\/","name":"Waikura Manuka","description":"Miel de Manuka-H et huile de Manuka- du Cap Est de Nouvelle-Z\u00e9lande","publisher":{"@id":"https:\/\/www.waikura-manuka.com\/#organization"},"potentialAction":[{"@type":"SearchAction","target":{"@type":"EntryPoint","urlTemplate":"https:\/\/www.waikura-manuka.com\/?s={search_term_string}"},"query-input":{"@type":"PropertyValueSpecification","valueRequired":true,"valueName":"search_term_string"}}],"inLanguage":"fr-FR"},{"@type":"Organization","@id":"https:\/\/www.waikura-manuka.com\/#organization","name":"Waikura Manuka","url":"https:\/\/www.waikura-manuka.com\/","logo":{"@type":"ImageObject","inLanguage":"fr-FR","@id":"https:\/\/www.waikura-manuka.com\/#\/schema\/logo\/image\/","url":"","contentUrl":"","caption":"Waikura Manuka"},"image":{"@id":"https:\/\/www.waikura-manuka.com\/#\/schema\/logo\/image\/"}}]}},"_links":{"self":[{"href":"https:\/\/www.waikura-manuka.com\/fr\/wp-json\/wp\/v2\/pages\/2018","targetHints":{"allow":["GET"]}}],"collection":[{"href":"https:\/\/www.waikura-manuka.com\/fr\/wp-json\/wp\/v2\/pages"}],"about":[{"href":"https:\/\/www.waikura-manuka.com\/fr\/wp-json\/wp\/v2\/types\/page"}],"author":[{"embeddable":true,"href":"https:\/\/www.waikura-manuka.com\/fr\/wp-json\/wp\/v2\/users\/3"}],"replies":[{"embeddable":true,"href":"https:\/\/www.waikura-manuka.com\/fr\/wp-json\/wp\/v2\/comments?post=2018"}],"version-history":[{"count":0,"href":"https:\/\/www.waikura-manuka.com\/fr\/wp-json\/wp\/v2\/pages\/2018\/revisions"}],"wp:attachment":[{"href":"https:\/\/www.waikura-manuka.com\/fr\/wp-json\/wp\/v2\/media?parent=2018"}],"curies":[{"name":"wp","href":"https:\/\/api.w.org\/{rel}","templated":true}]}}