{"id":1569,"date":"2022-03-03T15:58:04","date_gmt":"2022-03-03T14:58:04","guid":{"rendered":"https:\/\/nice.cloudconnection.ch\/manuka_webshop\/?page_id=1569"},"modified":"2023-03-22T16:16:08","modified_gmt":"2023-03-22T15:16:08","slug":"mon-compte","status":"publish","type":"page","link":"https:\/\/www.waikura-manuka.com\/fr\/my-account\/","title":{"rendered":"Mon compte"},"content":{"rendered":"<div data-elementor-type=\"wp-page\" data-elementor-id=\"1569\" class=\"elementor elementor-1569\" data-elementor-post-type=\"page\">\n\t\t\t\t\t\t<section class=\"elementor-section elementor-top-section elementor-element elementor-element-0909dee elementor-section-boxed elementor-section-height-default elementor-section-height-default\" data-id=\"0909dee\" data-element_type=\"section\" data-e-type=\"section\">\n\t\t\t\t\t\t<div class=\"elementor-container elementor-column-gap-no\">\n\t\t\t\t\t<div class=\"elementor-column elementor-col-100 elementor-top-column elementor-element elementor-element-f84c807\" data-id=\"f84c807\" data-element_type=\"column\" data-e-type=\"column\">\n\t\t\t<div class=\"elementor-widget-wrap elementor-element-populated\">\n\t\t\t\t\t\t<div class=\"elementor-element elementor-element-af7bb73 elementor-widget elementor-widget-heading\" data-id=\"af7bb73\" data-element_type=\"widget\" data-e-type=\"widget\" data-widget_type=\"heading.default\">\n\t\t\t\t<div class=\"elementor-widget-container\">\n\t\t\t\t\t<h2 class=\"elementor-heading-title elementor-size-default\">Mon compte<\/h2>\t\t\t\t<\/div>\n\t\t\t\t<\/div>\n\t\t\t\t<div class=\"elementor-element elementor-element-e2f96d7 elementor-widget elementor-widget-heading\" data-id=\"e2f96d7\" data-element_type=\"widget\" data-e-type=\"widget\" data-widget_type=\"heading.default\">\n\t\t\t\t<div class=\"elementor-widget-container\">\n\t\t\t\t\t<h5 class=\"elementor-heading-title elementor-size-default\">Boutique en ligne Waikura Manuka<\/h5>\t\t\t\t<\/div>\n\t\t\t\t<\/div>\n\t\t\t\t\t<\/div>\n\t\t<\/div>\n\t\t\t\t\t<\/div>\n\t\t<\/section>\n\t\t\t\t<section class=\"elementor-section elementor-top-section elementor-element elementor-element-889334e elementor-section-boxed elementor-section-height-default elementor-section-height-default\" data-id=\"889334e\" data-element_type=\"section\" data-e-type=\"section\">\n\t\t\t\t\t\t<div class=\"elementor-container elementor-column-gap-no\">\n\t\t\t\t\t<div class=\"elementor-column elementor-col-100 elementor-top-column elementor-element elementor-element-61bd03a\" data-id=\"61bd03a\" data-element_type=\"column\" data-e-type=\"column\">\n\t\t\t<div class=\"elementor-widget-wrap elementor-element-populated\">\n\t\t\t\t\t\t<div class=\"elementor-element elementor-element-a3a09b3 e-my-account-tabs-vertical elementor-widget elementor-widget-woocommerce-my-account\" data-id=\"a3a09b3\" data-element_type=\"widget\" data-e-type=\"widget\" data-widget_type=\"woocommerce-my-account.default\">\n\t\t\t\t<div class=\"elementor-widget-container\">\n\t\t\t\t\t<div class=\"e-my-account-tab e-my-account-tab__\">\t\t\t<div class=\"woocommerce\"><\/div>\t\t<\/div>\n\t\t\t\t\t\t<\/div>\n\t\t\t\t<\/div>\n\t\t\t\t\t<\/div>\n\t\t<\/div>\n\t\t\t\t\t<\/div>\n\t\t<\/section>\n\t\t\t\t<\/div>","protected":false},"excerpt":{"rendered":"<p>Mon compte Waikura Manuka Boutique en ligne Tableau de bord Commandes T\u00e9l\u00e9chargements Adresses D\u00e9tails du compte D\u00e9connexion Bonjour administrateur (pas administrateur ? D\u00e9connexion) Depuis le tableau de bord de votre compte, vous pouvez consulter vos commandes r\u00e9centes, g\u00e9rer vos adresses de livraison et de facturation et modifier votre mot de passe et les d\u00e9tails de votre compte.<\/p>","protected":false},"author":3,"featured_media":0,"parent":0,"menu_order":0,"comment_status":"closed","ping_status":"closed","template":"","meta":{"footnotes":""},"class_list":["post-1569","page","type-page","status-publish","hentry"],"yoast_head":"<!-- This site is optimized with the Yoast SEO plugin v27.4 - https:\/\/yoast.com\/product\/yoast-seo-wordpress\/ -->\n<title>My Account - Waikura Manuka<\/title>\n<meta name=\"robots\" content=\"index, follow, max-snippet:-1, max-image-preview:large, max-video-preview:-1\" \/>\n<link rel=\"canonical\" href=\"https:\/\/www.waikura-manuka.com\/fr\/mon-compte\/\" \/>\n<meta property=\"og:locale\" content=\"fr_FR\" \/>\n<meta property=\"og:type\" content=\"article\" \/>\n<meta property=\"og:title\" content=\"My Account - Waikura Manuka\" \/>\n<meta property=\"og:description\" content=\"Mein Konto Waikura Manuka Online Shop Dashboard Bestellungen Downloads Adressen Kontodetails Logout Hello admin (not admin? Log out) From your account dashboard you can view your recent orders, manage your shipping and billing addresses, and edit your password and account details.\" \/>\n<meta property=\"og:url\" content=\"https:\/\/www.waikura-manuka.com\/fr\/mon-compte\/\" \/>\n<meta property=\"og:site_name\" content=\"Waikura Manuka\" \/>\n<meta property=\"article:modified_time\" content=\"2023-03-22T15:16:08+00:00\" \/>\n<meta name=\"twitter:card\" content=\"summary_large_image\" \/>\n<meta name=\"twitter:label1\" content=\"Dur\u00e9e de lecture estim\u00e9e\" \/>\n\t<meta name=\"twitter:data1\" content=\"1 minute\" \/>\n<script type=\"application\/ld+json\" class=\"yoast-schema-graph\">{\"@context\":\"https:\\\/\\\/schema.org\",\"@graph\":[{\"@type\":\"WebPage\",\"@id\":\"https:\\\/\\\/www.waikura-manuka.com\\\/my-account\\\/\",\"url\":\"https:\\\/\\\/www.waikura-manuka.com\\\/my-account\\\/\",\"name\":\"My Account - Waikura Manuka\",\"isPartOf\":{\"@id\":\"https:\\\/\\\/www.waikura-manuka.com\\\/#website\"},\"datePublished\":\"2022-03-03T14:58:04+00:00\",\"dateModified\":\"2023-03-22T15:16:08+00:00\",\"breadcrumb\":{\"@id\":\"https:\\\/\\\/www.waikura-manuka.com\\\/my-account\\\/#breadcrumb\"},\"inLanguage\":\"fr-FR\",\"potentialAction\":[{\"@type\":\"ReadAction\",\"target\":[\"https:\\\/\\\/www.waikura-manuka.com\\\/my-account\\\/\"]}]},{\"@type\":\"BreadcrumbList\",\"@id\":\"https:\\\/\\\/www.waikura-manuka.com\\\/my-account\\\/#breadcrumb\",\"itemListElement\":[{\"@type\":\"ListItem\",\"position\":1,\"name\":\"Startseite\",\"item\":\"https:\\\/\\\/www.waikura-manuka.com\\\/\"},{\"@type\":\"ListItem\",\"position\":2,\"name\":\"My Account\"}]},{\"@type\":\"WebSite\",\"@id\":\"https:\\\/\\\/www.waikura-manuka.com\\\/#website\",\"url\":\"https:\\\/\\\/www.waikura-manuka.com\\\/\",\"name\":\"Waikura Manuka\",\"description\":\"Manuka-Honig und Manuka-\u00d6l vom East Cape Neuseelands\",\"publisher\":{\"@id\":\"https:\\\/\\\/www.waikura-manuka.com\\\/#organization\"},\"potentialAction\":[{\"@type\":\"SearchAction\",\"target\":{\"@type\":\"EntryPoint\",\"urlTemplate\":\"https:\\\/\\\/www.waikura-manuka.com\\\/?s={search_term_string}\"},\"query-input\":{\"@type\":\"PropertyValueSpecification\",\"valueRequired\":true,\"valueName\":\"search_term_string\"}}],\"inLanguage\":\"fr-FR\"},{\"@type\":\"Organization\",\"@id\":\"https:\\\/\\\/www.waikura-manuka.com\\\/#organization\",\"name\":\"Waikura Manuka\",\"url\":\"https:\\\/\\\/www.waikura-manuka.com\\\/\",\"logo\":{\"@type\":\"ImageObject\",\"inLanguage\":\"fr-FR\",\"@id\":\"https:\\\/\\\/www.waikura-manuka.com\\\/#\\\/schema\\\/logo\\\/image\\\/\",\"url\":\"\",\"contentUrl\":\"\",\"caption\":\"Waikura Manuka\"},\"image\":{\"@id\":\"https:\\\/\\\/www.waikura-manuka.com\\\/#\\\/schema\\\/logo\\\/image\\\/\"}}]}<\/script>\n<!-- \/ Yoast SEO plugin. -->","yoast_head_json":{"title":"Mon compte - Waikura Manuka","robots":{"index":"index","follow":"follow","max-snippet":"max-snippet:-1","max-image-preview":"max-image-preview:large","max-video-preview":"max-video-preview:-1"},"canonical":"https:\/\/www.waikura-manuka.com\/fr\/mon-compte\/","og_locale":"fr_FR","og_type":"article","og_title":"My Account - Waikura Manuka","og_description":"Mein Konto Waikura Manuka Online Shop Dashboard Bestellungen Downloads Adressen Kontodetails Logout Hello admin (not admin? Log out) From your account dashboard you can view your recent orders, manage your shipping and billing addresses, and edit your password and account details.","og_url":"https:\/\/www.waikura-manuka.com\/fr\/mon-compte\/","og_site_name":"Waikura Manuka","article_modified_time":"2023-03-22T15:16:08+00:00","twitter_card":"summary_large_image","twitter_misc":{"Dur\u00e9e de lecture estim\u00e9e":"1 minute"},"schema":{"@context":"https:\/\/schema.org","@graph":[{"@type":"WebPage","@id":"https:\/\/www.waikura-manuka.com\/my-account\/","url":"https:\/\/www.waikura-manuka.com\/my-account\/","name":"Mon compte - Waikura Manuka","isPartOf":{"@id":"https:\/\/www.waikura-manuka.com\/#website"},"datePublished":"2022-03-03T14:58:04+00:00","dateModified":"2023-03-22T15:16:08+00:00","breadcrumb":{"@id":"https:\/\/www.waikura-manuka.com\/my-account\/#breadcrumb"},"inLanguage":"fr-FR","potentialAction":[{"@type":"ReadAction","target":["https:\/\/www.waikura-manuka.com\/my-account\/"]}]},{"@type":"BreadcrumbList","@id":"https:\/\/www.waikura-manuka.com\/my-account\/#breadcrumb","itemListElement":[{"@type":"ListItem","position":1,"name":"Startseite","item":"https:\/\/www.waikura-manuka.com\/"},{"@type":"ListItem","position":2,"name":"My Account"}]},{"@type":"WebSite","@id":"https:\/\/www.waikura-manuka.com\/#website","url":"https:\/\/www.waikura-manuka.com\/","name":"Waikura Manuka","description":"Miel de Manuka-H et huile de Manuka- du Cap Est de Nouvelle-Z\u00e9lande","publisher":{"@id":"https:\/\/www.waikura-manuka.com\/#organization"},"potentialAction":[{"@type":"SearchAction","target":{"@type":"EntryPoint","urlTemplate":"https:\/\/www.waikura-manuka.com\/?s={search_term_string}"},"query-input":{"@type":"PropertyValueSpecification","valueRequired":true,"valueName":"search_term_string"}}],"inLanguage":"fr-FR"},{"@type":"Organization","@id":"https:\/\/www.waikura-manuka.com\/#organization","name":"Waikura Manuka","url":"https:\/\/www.waikura-manuka.com\/","logo":{"@type":"ImageObject","inLanguage":"fr-FR","@id":"https:\/\/www.waikura-manuka.com\/#\/schema\/logo\/image\/","url":"","contentUrl":"","caption":"Waikura Manuka"},"image":{"@id":"https:\/\/www.waikura-manuka.com\/#\/schema\/logo\/image\/"}}]}},"_links":{"self":[{"href":"https:\/\/www.waikura-manuka.com\/fr\/wp-json\/wp\/v2\/pages\/1569","targetHints":{"allow":["GET"]}}],"collection":[{"href":"https:\/\/www.waikura-manuka.com\/fr\/wp-json\/wp\/v2\/pages"}],"about":[{"href":"https:\/\/www.waikura-manuka.com\/fr\/wp-json\/wp\/v2\/types\/page"}],"author":[{"embeddable":true,"href":"https:\/\/www.waikura-manuka.com\/fr\/wp-json\/wp\/v2\/users\/3"}],"replies":[{"embeddable":true,"href":"https:\/\/www.waikura-manuka.com\/fr\/wp-json\/wp\/v2\/comments?post=1569"}],"version-history":[{"count":0,"href":"https:\/\/www.waikura-manuka.com\/fr\/wp-json\/wp\/v2\/pages\/1569\/revisions"}],"wp:attachment":[{"href":"https:\/\/www.waikura-manuka.com\/fr\/wp-json\/wp\/v2\/media?parent=1569"}],"curies":[{"name":"wp","href":"https:\/\/api.w.org\/{rel}","templated":true}]}}