{"id":920,"date":"2020-03-10T16:39:58","date_gmt":"2020-03-10T15:39:58","guid":{"rendered":"https:\/\/www.waikura-manuka.com\/?page_id=920"},"modified":"2024-03-27T11:41:52","modified_gmt":"2024-03-27T10:41:52","slug":"manuka","status":"publish","type":"page","link":"https:\/\/www.waikura-manuka.com\/en\/manuka-pflanze\/","title":{"rendered":"Manuka- plant"},"content":{"rendered":"\t\t<div data-elementor-type=\"wp-post\" data-elementor-id=\"920\" class=\"elementor elementor-920\" data-elementor-post-type=\"page\">\n\t\t\t\t\t\t<section class=\"elementor-section elementor-top-section elementor-element elementor-element-189ee5b elementor-section-boxed elementor-section-height-default elementor-section-height-default\" data-id=\"189ee5b\" data-element_type=\"section\" data-e-type=\"section\" data-settings=\"{&quot;background_background&quot;:&quot;classic&quot;,&quot;background_motion_fx_motion_fx_scrolling&quot;:&quot;yes&quot;,&quot;background_motion_fx_translateY_effect&quot;:&quot;yes&quot;,&quot;background_motion_fx_translateY_direction&quot;:&quot;negative&quot;,&quot;background_motion_fx_translateY_speed&quot;:{&quot;unit&quot;:&quot;px&quot;,&quot;size&quot;:3,&quot;sizes&quot;:[]},&quot;background_motion_fx_translateY_affectedRange&quot;:{&quot;unit&quot;:&quot;%&quot;,&quot;size&quot;:&quot;&quot;,&quot;sizes&quot;:{&quot;start&quot;:0,&quot;end&quot;:100}},&quot;background_motion_fx_devices&quot;:[&quot;desktop&quot;,&quot;tablet&quot;,&quot;mobile&quot;]}\">\n\t\t\t\t\t\t<div class=\"elementor-container elementor-column-gap-default\">\n\t\t\t\t\t<div class=\"elementor-column elementor-col-100 elementor-top-column elementor-element elementor-element-0fce117\" data-id=\"0fce117\" data-element_type=\"column\" data-e-type=\"column\">\n\t\t\t<div class=\"elementor-widget-wrap\">\n\t\t\t\t\t\t\t<\/div>\n\t\t<\/div>\n\t\t\t\t\t<\/div>\n\t\t<\/section>\n\t\t\t\t<section class=\"elementor-section elementor-top-section elementor-element elementor-element-0451c13 elementor-section-boxed elementor-section-height-default elementor-section-height-default\" data-id=\"0451c13\" data-element_type=\"section\" data-e-type=\"section\" data-settings=\"{&quot;background_background&quot;:&quot;classic&quot;}\">\n\t\t\t\t\t\t<div class=\"elementor-container elementor-column-gap-no\">\n\t\t\t\t\t<div class=\"elementor-column elementor-col-100 elementor-top-column elementor-element elementor-element-d1a4099\" data-id=\"d1a4099\" data-element_type=\"column\" data-e-type=\"column\">\n\t\t\t<div class=\"elementor-widget-wrap elementor-element-populated\">\n\t\t\t\t\t\t<div class=\"elementor-element elementor-element-812760a elementor-widget elementor-widget-heading\" data-id=\"812760a\" data-element_type=\"widget\" data-e-type=\"widget\" data-widget_type=\"heading.default\">\n\t\t\t\t<div class=\"elementor-widget-container\">\n\t\t\t\t\t<h1 class=\"elementor-heading-title elementor-size-default\">Manuka \u2013 die Heilpflanze der Maori<\/h1>\t\t\t\t<\/div>\n\t\t\t\t<\/div>\n\t\t\t\t\t<\/div>\n\t\t<\/div>\n\t\t\t\t\t<\/div>\n\t\t<\/section>\n\t\t\t\t<section class=\"elementor-section elementor-top-section elementor-element elementor-element-7e50dc5 elementor-section-boxed elementor-section-height-default elementor-section-height-default\" data-id=\"7e50dc5\" data-element_type=\"section\" data-e-type=\"section\">\n\t\t\t\t\t\t<div class=\"elementor-container elementor-column-gap-no\">\n\t\t\t\t\t<div class=\"elementor-column elementor-col-100 elementor-top-column elementor-element elementor-element-3083b59\" data-id=\"3083b59\" data-element_type=\"column\" data-e-type=\"column\">\n\t\t\t<div class=\"elementor-widget-wrap elementor-element-populated\">\n\t\t\t\t\t\t<div class=\"elementor-element elementor-element-4404481 elementor-widget elementor-widget-text-editor\" data-id=\"4404481\" data-element_type=\"widget\" data-e-type=\"widget\" data-widget_type=\"text-editor.default\">\n\t\t\t\t<div class=\"elementor-widget-container\">\n\t\t\t\t\t\t\t\t\t<p style=\"font-weight: 400;\">Die S\u00fcdseemyrte (Leptospermum scoparium), auch Manuka genannt, ist in den bergigen Regionen Neuseelands beheimatet.<\/p><p style=\"font-weight: 400;\">Die Manuka-Pflanze &#8211; der \u00abneuseel\u00e4ndische Teebaum\u00bb wird von den Maori bereits seit Jahrhunderten aufgrund der starken antibakteriellen und entz\u00fcndungshemmenden Eigenschaften genutzt. Schon damals wurde die Manuka-Pflanze vielseitig eingesetzt.<\/p>\t\t\t\t\t\t\t\t<\/div>\n\t\t\t\t<\/div>\n\t\t\t\t\t<\/div>\n\t\t<\/div>\n\t\t\t\t\t<\/div>\n\t\t<\/section>\n\t\t\t\t<section class=\"elementor-section elementor-top-section elementor-element elementor-element-e5dda6d elementor-section-boxed elementor-section-height-default elementor-section-height-default\" data-id=\"e5dda6d\" data-element_type=\"section\" data-e-type=\"section\" data-settings=\"{&quot;background_background&quot;:&quot;classic&quot;}\">\n\t\t\t\t\t\t<div class=\"elementor-container elementor-column-gap-no\">\n\t\t\t\t\t<div class=\"elementor-column elementor-col-100 elementor-top-column elementor-element elementor-element-7862b5a\" data-id=\"7862b5a\" data-element_type=\"column\" data-e-type=\"column\">\n\t\t\t<div class=\"elementor-widget-wrap elementor-element-populated\">\n\t\t\t\t\t\t<div class=\"elementor-element elementor-element-49e5dd8 elementor-widget elementor-widget-heading\" data-id=\"49e5dd8\" data-element_type=\"widget\" data-e-type=\"widget\" data-widget_type=\"heading.default\">\n\t\t\t\t<div class=\"elementor-widget-container\">\n\t\t\t\t\t<h3 class=\"elementor-heading-title elementor-size-default\">Herkunft East Cape \n<\/h3>\t\t\t\t<\/div>\n\t\t\t\t<\/div>\n\t\t\t\t<div class=\"elementor-element elementor-element-f52e1ed elementor-widget elementor-widget-text-editor\" data-id=\"f52e1ed\" data-element_type=\"widget\" data-e-type=\"widget\" data-widget_type=\"text-editor.default\">\n\t\t\t\t<div class=\"elementor-widget-container\">\n\t\t\t\t\t\t\t\t\t<p style=\"font-weight: 400;\">Auf der Nord- und S\u00fcdinsel Neuseelands wachsen verschiedene Arten (Chemotypen) der Manuka-Pflanze. \u00a0Dabei hebt sich der Manuka-Strauch aus der nord\u00f6stlichen Region des East Cape besonders ab. Nirgends ist die Konzentration des Wirkstoffes Triketone so gross wie hier.<\/p><p style=\"font-weight: 400;\">Wissenschaftliche Studien zeigen, dass die antibakterielle Aktivit\u00e4t des Manuka-\u00d6ls weitgehend durch den Anteil der Triketone bestimmt wird. Die Herkunftsauslobung \u00abEAST CAPE\u00bb hat sich daher in den letzten Jahren zum G\u00fctesiegel von Manuka-\u00d6l der h\u00f6chsten Qualit\u00e4t etabliert.<\/p>\t\t\t\t\t\t\t\t<\/div>\n\t\t\t\t<\/div>\n\t\t\t\t\t<\/div>\n\t\t<\/div>\n\t\t\t\t\t<\/div>\n\t\t<\/section>\n\t\t\t\t<section class=\"elementor-section elementor-top-section elementor-element elementor-element-b66ae18 elementor-section-boxed elementor-section-height-default elementor-section-height-default\" data-id=\"b66ae18\" data-element_type=\"section\" data-e-type=\"section\">\n\t\t\t\t\t\t<div class=\"elementor-container elementor-column-gap-no\">\n\t\t\t\t\t<div class=\"elementor-column elementor-col-50 elementor-top-column elementor-element elementor-element-8d998ef\" data-id=\"8d998ef\" data-element_type=\"column\" data-e-type=\"column\">\n\t\t\t<div class=\"elementor-widget-wrap elementor-element-populated\">\n\t\t\t\t\t\t<div class=\"elementor-element elementor-element-a00fb74 elementor-widget elementor-widget-image\" data-id=\"a00fb74\" data-element_type=\"widget\" data-e-type=\"widget\" data-widget_type=\"image.default\">\n\t\t\t\t<div class=\"elementor-widget-container\">\n\t\t\t\t\t\t\t\t\t\t\t\t\t\t\t<img fetchpriority=\"high\" decoding=\"async\" width=\"717\" height=\"1024\" src=\"https:\/\/www.waikura-manuka.com\/wp-content\/uploads\/2020\/05\/waikura_valley_nz-717x1024.png\" class=\"attachment-large size-large wp-image-1140\" alt=\"\" srcset=\"https:\/\/www.waikura-manuka.com\/wp-content\/uploads\/2020\/05\/waikura_valley_nz-717x1024.png 717w, https:\/\/www.waikura-manuka.com\/wp-content\/uploads\/2020\/05\/waikura_valley_nz-800x1142.png 800w, https:\/\/www.waikura-manuka.com\/wp-content\/uploads\/2020\/05\/waikura_valley_nz-210x300.png 210w, https:\/\/www.waikura-manuka.com\/wp-content\/uploads\/2020\/05\/waikura_valley_nz-768x1097.png 768w, https:\/\/www.waikura-manuka.com\/wp-content\/uploads\/2020\/05\/waikura_valley_nz-700x1000.png 700w, https:\/\/www.waikura-manuka.com\/wp-content\/uploads\/2020\/05\/waikura_valley_nz-600x857.png 600w, https:\/\/www.waikura-manuka.com\/wp-content\/uploads\/2020\/05\/waikura_valley_nz.png 944w\" sizes=\"(max-width: 717px) 100vw, 717px\" \/>\t\t\t\t\t\t\t\t\t\t\t\t\t\t\t<\/div>\n\t\t\t\t<\/div>\n\t\t\t\t\t<\/div>\n\t\t<\/div>\n\t\t\t\t<div class=\"elementor-column elementor-col-50 elementor-top-column elementor-element elementor-element-8b43136\" data-id=\"8b43136\" data-element_type=\"column\" data-e-type=\"column\">\n\t\t\t<div class=\"elementor-widget-wrap elementor-element-populated\">\n\t\t\t\t\t\t<div class=\"elementor-element elementor-element-f27327b elementor-widget elementor-widget-image\" data-id=\"f27327b\" data-element_type=\"widget\" data-e-type=\"widget\" data-widget_type=\"image.default\">\n\t\t\t\t<div class=\"elementor-widget-container\">\n\t\t\t\t\t\t\t\t\t\t\t\t\t\t\t<img decoding=\"async\" width=\"717\" height=\"1024\" src=\"https:\/\/www.waikura-manuka.com\/wp-content\/uploads\/2020\/05\/waikura_manuka_gehalt-an-beta-triketone-717x1024.jpg\" class=\"attachment-large size-large wp-image-1139\" alt=\"\" srcset=\"https:\/\/www.waikura-manuka.com\/wp-content\/uploads\/2020\/05\/waikura_manuka_gehalt-an-beta-triketone-717x1024.jpg 717w, https:\/\/www.waikura-manuka.com\/wp-content\/uploads\/2020\/05\/waikura_manuka_gehalt-an-beta-triketone-800x1142.jpg 800w, https:\/\/www.waikura-manuka.com\/wp-content\/uploads\/2020\/05\/waikura_manuka_gehalt-an-beta-triketone-210x300.jpg 210w, https:\/\/www.waikura-manuka.com\/wp-content\/uploads\/2020\/05\/waikura_manuka_gehalt-an-beta-triketone-768x1097.jpg 768w, https:\/\/www.waikura-manuka.com\/wp-content\/uploads\/2020\/05\/waikura_manuka_gehalt-an-beta-triketone-700x1000.jpg 700w, https:\/\/www.waikura-manuka.com\/wp-content\/uploads\/2020\/05\/waikura_manuka_gehalt-an-beta-triketone-600x857.jpg 600w, https:\/\/www.waikura-manuka.com\/wp-content\/uploads\/2020\/05\/waikura_manuka_gehalt-an-beta-triketone.jpg 944w\" sizes=\"(max-width: 717px) 100vw, 717px\" \/>\t\t\t\t\t\t\t\t\t\t\t\t\t\t\t<\/div>\n\t\t\t\t<\/div>\n\t\t\t\t<div class=\"elementor-element elementor-element-b441bf4 elementor-widget elementor-widget-text-editor\" data-id=\"b441bf4\" data-element_type=\"widget\" data-e-type=\"widget\" data-widget_type=\"text-editor.default\">\n\t\t\t\t<div class=\"elementor-widget-container\">\n\t\t\t\t\t\t\t\t\t<p>Geografische Variation des Gehalt an Beta-Triketone bei Manuka-Pflanzen in Neuseeland (von Douglas et al. 2004). <a href=\"https:\/\/www.ncbi.nlm.nih.gov\/pubmed\/15184010\" target=\"_blank\" rel=\"noopener\">Link zur Studie<\/a><\/p>\t\t\t\t\t\t\t\t<\/div>\n\t\t\t\t<\/div>\n\t\t\t\t\t<\/div>\n\t\t<\/div>\n\t\t\t\t\t<\/div>\n\t\t<\/section>\n\t\t\t\t<\/div>\n\t\t","protected":false},"excerpt":{"rendered":"<p>Manuka \u2013 die Heilpflanze der Maori Die S\u00fcdseemyrte (Leptospermum scoparium), auch Manuka genannt, ist in den bergigen Regionen Neuseelands beheimatet. Die Manuka-Pflanze &#8211; der \u00abneuseel\u00e4ndische Teebaum\u00bb wird von den Maori bereits seit Jahrhunderten aufgrund der starken antibakteriellen und entz\u00fcndungshemmenden Eigenschaften genutzt. Schon damals wurde die Manuka-Pflanze vielseitig eingesetzt. Herkunft East Cape Auf der Nord- und [&hellip;]<\/p>\n","protected":false},"author":3,"featured_media":0,"parent":0,"menu_order":0,"comment_status":"closed","ping_status":"closed","template":"","meta":{"footnotes":""},"class_list":["post-920","page","type-page","status-publish","hentry"],"yoast_head":"<!-- This site is optimized with the Yoast SEO plugin v27.4 - https:\/\/yoast.com\/product\/yoast-seo-wordpress\/ -->\n<title>Manuka-Pflanze - Waikura Manuka<\/title>\n<meta name=\"robots\" content=\"index, follow, max-snippet:-1, max-image-preview:large, max-video-preview:-1\" \/>\n<link rel=\"canonical\" href=\"https:\/\/www.waikura-manuka.com\/en\/manuka\/\" \/>\n<meta property=\"og:locale\" content=\"en_GB\" \/>\n<meta property=\"og:type\" content=\"article\" \/>\n<meta property=\"og:title\" content=\"Manuka-Pflanze - Waikura Manuka\" \/>\n<meta property=\"og:description\" content=\"Manuka \u2013 die Heilpflanze der Maori Die S\u00fcdseemyrte (Leptospermum scoparium), auch Manuka genannt, ist in den bergigen Regionen Neuseelands beheimatet. Die Manuka-Pflanze &#8211; der \u00abneuseel\u00e4ndische Teebaum\u00bb wird von den Maori bereits seit Jahrhunderten aufgrund der starken antibakteriellen und entz\u00fcndungshemmenden Eigenschaften genutzt. Schon damals wurde die Manuka-Pflanze vielseitig eingesetzt. Herkunft East Cape Auf der Nord- und [&hellip;]\" \/>\n<meta property=\"og:url\" content=\"https:\/\/www.waikura-manuka.com\/en\/manuka\/\" \/>\n<meta property=\"og:site_name\" content=\"Waikura Manuka\" \/>\n<meta property=\"article:modified_time\" content=\"2024-03-27T10:41:52+00:00\" \/>\n<meta property=\"og:image\" content=\"https:\/\/www.waikura-manuka.com\/wp-content\/uploads\/2020\/05\/waikura_valley_nz-717x1024.png\" \/>\n<meta name=\"twitter:card\" content=\"summary_large_image\" \/>\n<meta name=\"twitter:label1\" content=\"Estimated reading time\" \/>\n\t<meta name=\"twitter:data1\" content=\"2 minutes\" \/>\n<script type=\"application\/ld+json\" class=\"yoast-schema-graph\">{\"@context\":\"https:\\\/\\\/schema.org\",\"@graph\":[{\"@type\":\"WebPage\",\"@id\":\"https:\\\/\\\/www.waikura-manuka.com\\\/manuka-pflanze\\\/\",\"url\":\"https:\\\/\\\/www.waikura-manuka.com\\\/manuka-pflanze\\\/\",\"name\":\"Manuka-Pflanze - Waikura Manuka\",\"isPartOf\":{\"@id\":\"https:\\\/\\\/www.waikura-manuka.com\\\/#website\"},\"primaryImageOfPage\":{\"@id\":\"https:\\\/\\\/www.waikura-manuka.com\\\/manuka-pflanze\\\/#primaryimage\"},\"image\":{\"@id\":\"https:\\\/\\\/www.waikura-manuka.com\\\/manuka-pflanze\\\/#primaryimage\"},\"thumbnailUrl\":\"https:\\\/\\\/www.waikura-manuka.com\\\/wp-content\\\/uploads\\\/2020\\\/05\\\/waikura_valley_nz-717x1024.png\",\"datePublished\":\"2020-03-10T15:39:58+00:00\",\"dateModified\":\"2024-03-27T10:41:52+00:00\",\"breadcrumb\":{\"@id\":\"https:\\\/\\\/www.waikura-manuka.com\\\/manuka-pflanze\\\/#breadcrumb\"},\"inLanguage\":\"en-GB\",\"potentialAction\":[{\"@type\":\"ReadAction\",\"target\":[\"https:\\\/\\\/www.waikura-manuka.com\\\/manuka-pflanze\\\/\"]}]},{\"@type\":\"ImageObject\",\"inLanguage\":\"en-GB\",\"@id\":\"https:\\\/\\\/www.waikura-manuka.com\\\/manuka-pflanze\\\/#primaryimage\",\"url\":\"https:\\\/\\\/www.waikura-manuka.com\\\/wp-content\\\/uploads\\\/2020\\\/05\\\/waikura_valley_nz-717x1024.png\",\"contentUrl\":\"https:\\\/\\\/www.waikura-manuka.com\\\/wp-content\\\/uploads\\\/2020\\\/05\\\/waikura_valley_nz-717x1024.png\"},{\"@type\":\"BreadcrumbList\",\"@id\":\"https:\\\/\\\/www.waikura-manuka.com\\\/manuka-pflanze\\\/#breadcrumb\",\"itemListElement\":[{\"@type\":\"ListItem\",\"position\":1,\"name\":\"Startseite\",\"item\":\"https:\\\/\\\/www.waikura-manuka.com\\\/\"},{\"@type\":\"ListItem\",\"position\":2,\"name\":\"Manuka-Pflanze\"}]},{\"@type\":\"WebSite\",\"@id\":\"https:\\\/\\\/www.waikura-manuka.com\\\/#website\",\"url\":\"https:\\\/\\\/www.waikura-manuka.com\\\/\",\"name\":\"Waikura Manuka\",\"description\":\"Manuka-Honig und Manuka-\u00d6l vom East Cape Neuseelands\",\"publisher\":{\"@id\":\"https:\\\/\\\/www.waikura-manuka.com\\\/#organization\"},\"potentialAction\":[{\"@type\":\"SearchAction\",\"target\":{\"@type\":\"EntryPoint\",\"urlTemplate\":\"https:\\\/\\\/www.waikura-manuka.com\\\/?s={search_term_string}\"},\"query-input\":{\"@type\":\"PropertyValueSpecification\",\"valueRequired\":true,\"valueName\":\"search_term_string\"}}],\"inLanguage\":\"en-GB\"},{\"@type\":\"Organization\",\"@id\":\"https:\\\/\\\/www.waikura-manuka.com\\\/#organization\",\"name\":\"Waikura Manuka\",\"url\":\"https:\\\/\\\/www.waikura-manuka.com\\\/\",\"logo\":{\"@type\":\"ImageObject\",\"inLanguage\":\"en-GB\",\"@id\":\"https:\\\/\\\/www.waikura-manuka.com\\\/#\\\/schema\\\/logo\\\/image\\\/\",\"url\":\"\",\"contentUrl\":\"\",\"caption\":\"Waikura Manuka\"},\"image\":{\"@id\":\"https:\\\/\\\/www.waikura-manuka.com\\\/#\\\/schema\\\/logo\\\/image\\\/\"}}]}<\/script>\n<!-- \/ Yoast SEO plugin. -->","yoast_head_json":{"title":"Manuka- plant - Waikura Manuka","robots":{"index":"index","follow":"follow","max-snippet":"max-snippet:-1","max-image-preview":"max-image-preview:large","max-video-preview":"max-video-preview:-1"},"canonical":"https:\/\/www.waikura-manuka.com\/en\/manuka\/","og_locale":"en_GB","og_type":"article","og_title":"Manuka-Pflanze - Waikura Manuka","og_description":"Manuka \u2013 die Heilpflanze der Maori Die S\u00fcdseemyrte (Leptospermum scoparium), auch Manuka genannt, ist in den bergigen Regionen Neuseelands beheimatet. Die Manuka-Pflanze &#8211; der \u00abneuseel\u00e4ndische Teebaum\u00bb wird von den Maori bereits seit Jahrhunderten aufgrund der starken antibakteriellen und entz\u00fcndungshemmenden Eigenschaften genutzt. Schon damals wurde die Manuka-Pflanze vielseitig eingesetzt. Herkunft East Cape Auf der Nord- und [&hellip;]","og_url":"https:\/\/www.waikura-manuka.com\/en\/manuka\/","og_site_name":"Waikura Manuka","article_modified_time":"2024-03-27T10:41:52+00:00","og_image":[{"url":"https:\/\/www.waikura-manuka.com\/wp-content\/uploads\/2020\/05\/waikura_valley_nz-717x1024.png","type":"","width":"","height":""}],"twitter_card":"summary_large_image","twitter_misc":{"Estimated reading time":"2 minutes"},"schema":{"@context":"https:\/\/schema.org","@graph":[{"@type":"WebPage","@id":"https:\/\/www.waikura-manuka.com\/manuka-pflanze\/","url":"https:\/\/www.waikura-manuka.com\/manuka-pflanze\/","name":"Manuka- plant - Waikura Manuka","isPartOf":{"@id":"https:\/\/www.waikura-manuka.com\/#website"},"primaryImageOfPage":{"@id":"https:\/\/www.waikura-manuka.com\/manuka-pflanze\/#primaryimage"},"image":{"@id":"https:\/\/www.waikura-manuka.com\/manuka-pflanze\/#primaryimage"},"thumbnailUrl":"https:\/\/www.waikura-manuka.com\/wp-content\/uploads\/2020\/05\/waikura_valley_nz-717x1024.png","datePublished":"2020-03-10T15:39:58+00:00","dateModified":"2024-03-27T10:41:52+00:00","breadcrumb":{"@id":"https:\/\/www.waikura-manuka.com\/manuka-pflanze\/#breadcrumb"},"inLanguage":"en-GB","potentialAction":[{"@type":"ReadAction","target":["https:\/\/www.waikura-manuka.com\/manuka-pflanze\/"]}]},{"@type":"ImageObject","inLanguage":"en-GB","@id":"https:\/\/www.waikura-manuka.com\/manuka-pflanze\/#primaryimage","url":"https:\/\/www.waikura-manuka.com\/wp-content\/uploads\/2020\/05\/waikura_valley_nz-717x1024.png","contentUrl":"https:\/\/www.waikura-manuka.com\/wp-content\/uploads\/2020\/05\/waikura_valley_nz-717x1024.png"},{"@type":"BreadcrumbList","@id":"https:\/\/www.waikura-manuka.com\/manuka-pflanze\/#breadcrumb","itemListElement":[{"@type":"ListItem","position":1,"name":"Startseite","item":"https:\/\/www.waikura-manuka.com\/"},{"@type":"ListItem","position":2,"name":"Manuka-Pflanze"}]},{"@type":"WebSite","@id":"https:\/\/www.waikura-manuka.com\/#website","url":"https:\/\/www.waikura-manuka.com\/","name":"Waikura Manuka","description":"Manuka Honey and Manuka Oil from the East Cape of New Zealand","publisher":{"@id":"https:\/\/www.waikura-manuka.com\/#organization"},"potentialAction":[{"@type":"SearchAction","target":{"@type":"EntryPoint","urlTemplate":"https:\/\/www.waikura-manuka.com\/?s={search_term_string}"},"query-input":{"@type":"PropertyValueSpecification","valueRequired":true,"valueName":"search_term_string"}}],"inLanguage":"en-GB"},{"@type":"Organization","@id":"https:\/\/www.waikura-manuka.com\/#organization","name":"Waikura Manuka","url":"https:\/\/www.waikura-manuka.com\/","logo":{"@type":"ImageObject","inLanguage":"en-GB","@id":"https:\/\/www.waikura-manuka.com\/#\/schema\/logo\/image\/","url":"","contentUrl":"","caption":"Waikura Manuka"},"image":{"@id":"https:\/\/www.waikura-manuka.com\/#\/schema\/logo\/image\/"}}]}},"_links":{"self":[{"href":"https:\/\/www.waikura-manuka.com\/en\/wp-json\/wp\/v2\/pages\/920","targetHints":{"allow":["GET"]}}],"collection":[{"href":"https:\/\/www.waikura-manuka.com\/en\/wp-json\/wp\/v2\/pages"}],"about":[{"href":"https:\/\/www.waikura-manuka.com\/en\/wp-json\/wp\/v2\/types\/page"}],"author":[{"embeddable":true,"href":"https:\/\/www.waikura-manuka.com\/en\/wp-json\/wp\/v2\/users\/3"}],"replies":[{"embeddable":true,"href":"https:\/\/www.waikura-manuka.com\/en\/wp-json\/wp\/v2\/comments?post=920"}],"version-history":[{"count":0,"href":"https:\/\/www.waikura-manuka.com\/en\/wp-json\/wp\/v2\/pages\/920\/revisions"}],"wp:attachment":[{"href":"https:\/\/www.waikura-manuka.com\/en\/wp-json\/wp\/v2\/media?parent=920"}],"curies":[{"name":"wp","href":"https:\/\/api.w.org\/{rel}","templated":true}]}}