{"id":2018,"date":"2022-04-10T08:22:17","date_gmt":"2022-04-10T07:22:17","guid":{"rendered":"https:\/\/nice.cloudconnection.ch\/manuka_webshop\/?page_id=2018"},"modified":"2022-04-10T08:27:19","modified_gmt":"2022-04-10T07:27:19","slug":"right-of-withdrawal","status":"publish","type":"page","link":"https:\/\/www.waikura-manuka.com\/en\/widerrufsbelehrung\/","title":{"rendered":"Right of withdrawal"},"content":{"rendered":"<div data-elementor-type=\"wp-page\" data-elementor-id=\"2018\" class=\"elementor elementor-2018\" data-elementor-post-type=\"page\">\n\t\t\t\t\t\t<section class=\"elementor-section elementor-top-section elementor-element elementor-element-dca466b elementor-section-boxed elementor-section-height-default elementor-section-height-default\" data-id=\"dca466b\" data-element_type=\"section\" data-e-type=\"section\">\n\t\t\t\t\t\t<div class=\"elementor-container elementor-column-gap-no\">\n\t\t\t\t\t<div class=\"elementor-column elementor-col-100 elementor-top-column elementor-element elementor-element-06d865c\" data-id=\"06d865c\" data-element_type=\"column\" data-e-type=\"column\">\n\t\t\t<div class=\"elementor-widget-wrap elementor-element-populated\">\n\t\t\t\t\t\t<div class=\"elementor-element elementor-element-2c2d33e elementor-widget elementor-widget-text-editor\" data-id=\"2c2d33e\" data-element_type=\"widget\" data-e-type=\"widget\" data-widget_type=\"text-editor.default\">\n\t\t\t\t<div class=\"elementor-widget-container\">\n\t\t\t\t\t\t\t\t\t<h2>Right of withdrawal<\/h2><div><p>\u00a0<\/p><p>Consumers have a fourteen-day withdrawal.<\/p><p>\u00a0<\/p><h4>right of withdrawal<\/h4><p>You have the right to withdraw from this contract within fourteen days without giving any reason.<\/p><p>The cancellation period is fourteen days from the day on which you or a third party named by you who is not the carrier took possession of the goods.<\/p><p>To exercise your right of withdrawal, you must send us (Matthias Sieber, WAIKURA MANUKA AG, Serlas 413, 7525 S-chanf, Switzerland, manuka@waikura.co.nz, phone: +41 81659 00 02) a clear statement (e.g. a letter sent by post or E-Mail) of your decision to withdraw from this contract. You can use the attached sample - revocation form for this, but this is not mandatory.<\/p><p>To meet the cancellation deadline, it is sufficient for you to send the communication regarding your exercise of the right of cancellation before the cancellation period has expired.<\/p><p>\u00a0<\/p><h4>Consequences of revocation<\/h4><p>If you revoke this contract, we have paid you all payments that we have received from you, including the delivery costs (with the exception of the additional costs resulting from the fact that you have chosen a different type of delivery than the cheapest standard delivery offered by us have), immediately and at the latest within fourteen days from the day on which we received the notification of your cancellation of this contract. For this repayment, we use the same means of payment that you used in the original transaction, unless something else was expressly agreed with you; under no circumstances will you be charged fees for this repayment. We may refuse repayment until we have received the goods back or until you have provided proof that you have returned the goods, whichever is earlier.<\/p><p>You must return or hand over the goods to us immediately and in any case no later than fourteen days from the day on which you inform us of the cancellation of this contract. The deadline is met if you send back the goods before the period of fourteen days has expired. You bear the direct costs of returning the goods. You are only liable for any diminished value of the goods resulting from the handling other than what is necessary to establish the nature, characteristics and functioning of the goods.<\/p><p><strong>The right of withdrawal does not apply to the following contracts:<\/strong><\/p><ul><li>Contracts for the delivery of sealed goods which, for reasons of health protection or hygiene, are not suitable for return if their seal has been removed after delivery.<\/li><\/ul><p><br \/><strong>Sample-Revocation form<\/strong><br \/>(If you want to revoke the contract, please fill out this form and send it back.)<\/p><p>\u2013 To Matthias Sieber WAIKURA MANUKA AG, Serlas 413, 7525 S-chanf, manuka@waikura.co.nz, Switzerland<\/p><p>\u2013 I\/we (*) hereby revoke the contract concluded by me\/us (*) for the purchase of the following goods (*)\/the provision of the following service (*)<\/p><p>\u2013 Ordered on (*)\/received on (*)<\/p><p>\u2013 Name of consumer(s)<\/p><p>\u2013 Address of consumer(s)<\/p><p>\u2013 Signature of consumer(s) (only if notification is on paper)<\/p><p>\u2013 Date<\/p><p>(*) Delete where not applicable.<\/p><\/div>\t\t\t\t\t\t\t\t<\/div>\n\t\t\t\t<\/div>\n\t\t\t\t\t<\/div>\n\t\t<\/div>\n\t\t\t\t\t<\/div>\n\t\t<\/section>\n\t\t\t\t<\/div>","protected":false},"excerpt":{"rendered":"<p>Widerrufsbelehrung \u00a0 Verbraucher haben ein vierzehnt\u00e4giges Widerrufsrecht. \u00a0 Widerrufsrecht Sie haben das Recht, binnen vierzehn Tagen ohne Angabe von Gr\u00fcnden diesen Vertrag zu widerrufen. Die Widerrufsfrist betr\u00e4gt vierzehn Tage ab dem Tag, an dem Sie oder ein von Ihnen benannter Dritter, der nicht der Bef\u00f6rderer ist, die Waren in Besitz genommen haben bzw. hat. Um [&hellip;]<\/p>\n","protected":false},"author":3,"featured_media":0,"parent":0,"menu_order":0,"comment_status":"closed","ping_status":"closed","template":"","meta":{"footnotes":""},"class_list":["post-2018","page","type-page","status-publish","hentry"],"yoast_head":"<!-- This site is optimized with the Yoast SEO plugin v27.4 - https:\/\/yoast.com\/product\/yoast-seo-wordpress\/ -->\n<title>Widerrufsbelehrung - Waikura Manuka<\/title>\n<meta name=\"robots\" content=\"index, follow, max-snippet:-1, max-image-preview:large, max-video-preview:-1\" \/>\n<link rel=\"canonical\" href=\"https:\/\/nice.cloudconnection.ch\/manuka_webshop\/widerrufsbelehrung\/\" \/>\n<meta property=\"og:locale\" content=\"en_GB\" \/>\n<meta property=\"og:type\" content=\"article\" \/>\n<meta property=\"og:title\" content=\"Widerrufsbelehrung - Waikura Manuka\" \/>\n<meta property=\"og:description\" content=\"Widerrufsbelehrung \u00a0 Verbraucher haben ein vierzehnt\u00e4giges Widerrufsrecht. \u00a0 Widerrufsrecht Sie haben das Recht, binnen vierzehn Tagen ohne Angabe von Gr\u00fcnden diesen Vertrag zu widerrufen. Die Widerrufsfrist betr\u00e4gt vierzehn Tage ab dem Tag, an dem Sie oder ein von Ihnen benannter Dritter, der nicht der Bef\u00f6rderer ist, die Waren in Besitz genommen haben bzw. hat. Um [&hellip;]\" \/>\n<meta property=\"og:url\" content=\"https:\/\/nice.cloudconnection.ch\/manuka_webshop\/widerrufsbelehrung\/\" \/>\n<meta property=\"og:site_name\" content=\"Waikura Manuka\" \/>\n<meta property=\"article:modified_time\" content=\"2022-04-10T07:27:19+00:00\" \/>\n<meta name=\"twitter:card\" content=\"summary_large_image\" \/>\n<meta name=\"twitter:label1\" content=\"Estimated reading time\" \/>\n\t<meta name=\"twitter:data1\" content=\"3 minutes\" \/>\n<script type=\"application\/ld+json\" class=\"yoast-schema-graph\">{\"@context\":\"https:\\\/\\\/schema.org\",\"@graph\":[{\"@type\":\"WebPage\",\"@id\":\"https:\\\/\\\/nice.cloudconnection.ch\\\/manuka_webshop\\\/widerrufsbelehrung\\\/\",\"url\":\"https:\\\/\\\/nice.cloudconnection.ch\\\/manuka_webshop\\\/widerrufsbelehrung\\\/\",\"name\":\"Widerrufsbelehrung - Waikura Manuka\",\"isPartOf\":{\"@id\":\"https:\\\/\\\/www.waikura-manuka.com\\\/#website\"},\"datePublished\":\"2022-04-10T07:22:17+00:00\",\"dateModified\":\"2022-04-10T07:27:19+00:00\",\"breadcrumb\":{\"@id\":\"https:\\\/\\\/nice.cloudconnection.ch\\\/manuka_webshop\\\/widerrufsbelehrung\\\/#breadcrumb\"},\"inLanguage\":\"en-GB\",\"potentialAction\":[{\"@type\":\"ReadAction\",\"target\":[\"https:\\\/\\\/nice.cloudconnection.ch\\\/manuka_webshop\\\/widerrufsbelehrung\\\/\"]}]},{\"@type\":\"BreadcrumbList\",\"@id\":\"https:\\\/\\\/nice.cloudconnection.ch\\\/manuka_webshop\\\/widerrufsbelehrung\\\/#breadcrumb\",\"itemListElement\":[{\"@type\":\"ListItem\",\"position\":1,\"name\":\"Startseite\",\"item\":\"https:\\\/\\\/www.waikura-manuka.com\\\/\"},{\"@type\":\"ListItem\",\"position\":2,\"name\":\"Widerrufsbelehrung\"}]},{\"@type\":\"WebSite\",\"@id\":\"https:\\\/\\\/www.waikura-manuka.com\\\/#website\",\"url\":\"https:\\\/\\\/www.waikura-manuka.com\\\/\",\"name\":\"Waikura Manuka\",\"description\":\"Manuka-Honig und Manuka-\u00d6l vom East Cape Neuseelands\",\"publisher\":{\"@id\":\"https:\\\/\\\/www.waikura-manuka.com\\\/#organization\"},\"potentialAction\":[{\"@type\":\"SearchAction\",\"target\":{\"@type\":\"EntryPoint\",\"urlTemplate\":\"https:\\\/\\\/www.waikura-manuka.com\\\/?s={search_term_string}\"},\"query-input\":{\"@type\":\"PropertyValueSpecification\",\"valueRequired\":true,\"valueName\":\"search_term_string\"}}],\"inLanguage\":\"en-GB\"},{\"@type\":\"Organization\",\"@id\":\"https:\\\/\\\/www.waikura-manuka.com\\\/#organization\",\"name\":\"Waikura Manuka\",\"url\":\"https:\\\/\\\/www.waikura-manuka.com\\\/\",\"logo\":{\"@type\":\"ImageObject\",\"inLanguage\":\"en-GB\",\"@id\":\"https:\\\/\\\/www.waikura-manuka.com\\\/#\\\/schema\\\/logo\\\/image\\\/\",\"url\":\"\",\"contentUrl\":\"\",\"caption\":\"Waikura Manuka\"},\"image\":{\"@id\":\"https:\\\/\\\/www.waikura-manuka.com\\\/#\\\/schema\\\/logo\\\/image\\\/\"}}]}<\/script>\n<!-- \/ Yoast SEO plugin. -->","yoast_head_json":{"title":"Cancellation Policy - Waikura Manuka","robots":{"index":"index","follow":"follow","max-snippet":"max-snippet:-1","max-image-preview":"max-image-preview:large","max-video-preview":"max-video-preview:-1"},"canonical":"https:\/\/nice.cloudconnection.ch\/manuka_webshop\/widerrufsbelehrung\/","og_locale":"en_GB","og_type":"article","og_title":"Widerrufsbelehrung - Waikura Manuka","og_description":"Widerrufsbelehrung \u00a0 Verbraucher haben ein vierzehnt\u00e4giges Widerrufsrecht. \u00a0 Widerrufsrecht Sie haben das Recht, binnen vierzehn Tagen ohne Angabe von Gr\u00fcnden diesen Vertrag zu widerrufen. Die Widerrufsfrist betr\u00e4gt vierzehn Tage ab dem Tag, an dem Sie oder ein von Ihnen benannter Dritter, der nicht der Bef\u00f6rderer ist, die Waren in Besitz genommen haben bzw. hat. Um [&hellip;]","og_url":"https:\/\/nice.cloudconnection.ch\/manuka_webshop\/widerrufsbelehrung\/","og_site_name":"Waikura Manuka","article_modified_time":"2022-04-10T07:27:19+00:00","twitter_card":"summary_large_image","twitter_misc":{"Estimated reading time":"3 minutes"},"schema":{"@context":"https:\/\/schema.org","@graph":[{"@type":"WebPage","@id":"https:\/\/nice.cloudconnection.ch\/manuka_webshop\/widerrufsbelehrung\/","url":"https:\/\/nice.cloudconnection.ch\/manuka_webshop\/widerrufsbelehrung\/","name":"Cancellation Policy - Waikura Manuka","isPartOf":{"@id":"https:\/\/www.waikura-manuka.com\/#website"},"datePublished":"2022-04-10T07:22:17+00:00","dateModified":"2022-04-10T07:27:19+00:00","breadcrumb":{"@id":"https:\/\/nice.cloudconnection.ch\/manuka_webshop\/widerrufsbelehrung\/#breadcrumb"},"inLanguage":"en-GB","potentialAction":[{"@type":"ReadAction","target":["https:\/\/nice.cloudconnection.ch\/manuka_webshop\/widerrufsbelehrung\/"]}]},{"@type":"BreadcrumbList","@id":"https:\/\/nice.cloudconnection.ch\/manuka_webshop\/widerrufsbelehrung\/#breadcrumb","itemListElement":[{"@type":"ListItem","position":1,"name":"Startseite","item":"https:\/\/www.waikura-manuka.com\/"},{"@type":"ListItem","position":2,"name":"Widerrufsbelehrung"}]},{"@type":"WebSite","@id":"https:\/\/www.waikura-manuka.com\/#website","url":"https:\/\/www.waikura-manuka.com\/","name":"Waikura Manuka","description":"Manuka Honey and Manuka Oil from the East Cape of New Zealand","publisher":{"@id":"https:\/\/www.waikura-manuka.com\/#organization"},"potentialAction":[{"@type":"SearchAction","target":{"@type":"EntryPoint","urlTemplate":"https:\/\/www.waikura-manuka.com\/?s={search_term_string}"},"query-input":{"@type":"PropertyValueSpecification","valueRequired":true,"valueName":"search_term_string"}}],"inLanguage":"en-GB"},{"@type":"Organization","@id":"https:\/\/www.waikura-manuka.com\/#organization","name":"Waikura Manuka","url":"https:\/\/www.waikura-manuka.com\/","logo":{"@type":"ImageObject","inLanguage":"en-GB","@id":"https:\/\/www.waikura-manuka.com\/#\/schema\/logo\/image\/","url":"","contentUrl":"","caption":"Waikura Manuka"},"image":{"@id":"https:\/\/www.waikura-manuka.com\/#\/schema\/logo\/image\/"}}]}},"_links":{"self":[{"href":"https:\/\/www.waikura-manuka.com\/en\/wp-json\/wp\/v2\/pages\/2018","targetHints":{"allow":["GET"]}}],"collection":[{"href":"https:\/\/www.waikura-manuka.com\/en\/wp-json\/wp\/v2\/pages"}],"about":[{"href":"https:\/\/www.waikura-manuka.com\/en\/wp-json\/wp\/v2\/types\/page"}],"author":[{"embeddable":true,"href":"https:\/\/www.waikura-manuka.com\/en\/wp-json\/wp\/v2\/users\/3"}],"replies":[{"embeddable":true,"href":"https:\/\/www.waikura-manuka.com\/en\/wp-json\/wp\/v2\/comments?post=2018"}],"version-history":[{"count":0,"href":"https:\/\/www.waikura-manuka.com\/en\/wp-json\/wp\/v2\/pages\/2018\/revisions"}],"wp:attachment":[{"href":"https:\/\/www.waikura-manuka.com\/en\/wp-json\/wp\/v2\/media?parent=2018"}],"curies":[{"name":"wp","href":"https:\/\/api.w.org\/{rel}","templated":true}]}}